{"id":459,"date":"2017-11-16T02:01:23","date_gmt":"2017-11-15T23:01:23","guid":{"rendered":"http:\/\/wetwipesolution.com\/habarlasmak\/"},"modified":"2025-02-14T18:32:16","modified_gmt":"2025-02-14T15:32:16","slug":"%d0%ba%d0%be%d0%bd%d1%82%d0%b0%d0%ba%d1%82","status":"publish","type":"page","link":"https:\/\/wetwipesolution.com\/ru\/%d0%ba%d0%be%d0%bd%d1%82%d0%b0%d0%ba%d1%82\/","title":{"rendered":"\u043a\u043e\u043d\u0442\u0430\u043a\u0442"},"content":{"rendered":"<p>[vc_row rt_row_background_width=&#187;default&#187; rt_row_style=&#187;default-style&#187; rt_row_borders=&#187;&#187; rt_row_paddings=&#187;true&#187; rt_bg_effect=&#187;classic&#187; rt_bg_image_repeat=&#187;repeat&#187; rt_bg_size=&#187;cover&#187; rt_bg_position=&#187;right top&#187; rt_bg_attachment=&#187;scroll&#187; rt_bg_video_format=&#187;self-hosted&#187;][vc_column rt_wrp_col_paddings=&#187;false&#187; rt_border_top=&#187;&#187; rt_border_bottom=&#187;&#187; rt_border_left=&#187;&#187; rt_border_right=&#187;&#187; rt_border_top_mobile=&#187;&#187; rt_border_bottom_mobile=&#187;&#187; rt_border_left_mobile=&#187;&#187; rt_border_right_mobile=&#187;&#187; rt_bg_image_repeat=&#187;repeat&#187; rt_bg_size=&#187;auto auto&#187; rt_bg_position=&#187;right top&#187; rt_bg_attachment=&#187;scroll&#187;][vc_custom_heading text=&#187;\u0421\u0432\u044f\u0436\u0438\u0442\u0435\u0441\u044c \u0441 \u043d\u0430\u043c\u0438&#187; font_container=&#187;tag:h2|text_align:center|color:%231e73be&#187; use_theme_fonts=&#187;yes&#187;][vc_gmaps link=&#187;#E-8_JTNDaWZyYW1lJTIwc3JjJTNEJTIyaHR0cHMlM0ElMkYlMkZ3d3cuZ29vZ2xlLmNvbSUyRm1hcHMlMkZkJTJGZW1iZWQlM0ZtaWQlM0QxVUhKV3BwTFVYcGIyVHJtbFRPc2RUR2ZJcXA4JTIyJTIwd2lkdGglM0QlMjIxMDAlMjUlMjIlMjBoZWlnaHQlM0QlMjIyNTBweCUyMiUzRSUzQyUyRmlmcmFtZSUzRQ==&#187;][vc_row_inner rt_row_style=&#187;global-style&#187; rt_row_borders=&#187;&#187; rt_row_paddings=&#187;true&#187; rt_bg_effect=&#187;classic&#187; rt_bg_image_repeat=&#187;repeat&#187; rt_bg_size=&#187;cover&#187; rt_bg_position=&#187;right top&#187; rt_bg_attachment=&#187;scroll&#187; rt_bg_video_format=&#187;self-hosted&#187;][vc_column_inner width=&#187;2\/3&#8243; rt_wrp_col_paddings=&#187;false&#187; rt_border_top=&#187;&#187; rt_border_bottom=&#187;&#187; rt_border_left=&#187;&#187; rt_border_right=&#187;&#187; rt_border_top_mobile=&#187;&#187; rt_border_bottom_mobile=&#187;&#187; rt_border_left_mobile=&#187;&#187; rt_border_right_mobile=&#187;&#187; rt_bg_image_repeat=&#187;repeat&#187; rt_bg_size=&#187;auto auto&#187; rt_bg_position=&#187;right top&#187; rt_bg_attachment=&#187;scroll&#187;]<div class=\"rt_heading_wrapper style-4\">\n\t\t\t\t\t\t<h2 class=\"rt_heading  style-4\"  style=\"color:#1e73be;\">\u041a\u043e\u043d\u0442\u0430\u043a\u0442\u043d\u0430\u044f \u0438\u043d\u0444\u043e\u0440\u043c\u0430\u0446\u0438\u044f<\/h2>\n\t\t\t\t\t<\/div><article  class=\"icon-content-box content-box icon-left icon-style-1\"><div class=\"icon-holder\"><span class=\"home icon-home-1\"><\/span><\/div><div class=\"text-holder\"><h2 class=\"heading\">\u0430\u0434\u0440\u0435\u0441<\/h2> <p>Sanayi Mah. Is\u0131so Sanayi Sitesi M Blok No:8 Had\u0131mk\u00f6y \/ \u0130STANBUL &#8212; TURKEY<\/p>\n<\/div><\/article><article  class=\"icon-content-box content-box icon-left icon-style-1\"><div class=\"icon-holder\"><span class=\"icon-phone\"><\/span><\/div><div class=\"text-holder\"><h2 class=\"heading\">\u043d\u043e\u043c\u0435\u0440 \u0442\u0435\u043b\u0435\u0444\u043e\u043d\u0430<\/h2> <p><a href=\"https:\/\/wa.me\/905375619697\" target=\"_blank\">+90 537 516 96 97<\/a><\/p>\n<\/div><\/article><article  class=\"icon-content-box content-box icon-left icon-style-1\"><div class=\"icon-holder\"><span class=\"mail icon-mail-2 icon-mail-2\"><\/span><\/div><div class=\"text-holder\"><h2 class=\"heading\">\u042d\u043b. \u0430\u0434\u0440\u0435\u0441<\/h2> <p><a href=\"mailto:wetwipesolutions@gmail.com\">wetwipesolutions@gmail.com<\/a><\/p>\n<\/div><\/article>[vc_separator style=&#187;style-4&#8243;][vc_column_text]<\/p>\n<h3><span id=\"result_box\" class=\"short_text\" lang=\"en\"><span class=\"\"><span id=\"result_box\" class=\"short_text\" lang=\"fa\"><span id=\"result_box\" class=\"short_text\" lang=\"ar\"><span id=\"result_box\" class=\"short_text\" lang=\"ru\">\u0432\u043d\u0435\u0448\u043d\u044f\u044f \u0442\u043e\u0440\u0433\u043e\u0432\u043b\u044f<\/span><\/span><\/span><\/span><\/span><\/h3>\n<p><img loading=\"lazy\" decoding=\"async\" class=\"alignnone size-full wp-image-732\" src=\"http:\/\/wetwipesolution.com\/wp-content\/uploads\/2017\/11\/WhatsApp.png\" alt=\"\" width=\"25\" height=\"25\" \/> +90 533 518 39 80<\/p>\n<h3><span id=\"result_box\" class=\"short_text\" lang=\"en\"><span class=\"\"><span id=\"result_box\" class=\"short_text\" lang=\"fa\"><span id=\"result_box\" class=\"short_text\" lang=\"ar\"><span id=\"result_box\" class=\"short_text\" lang=\"ru\">\u0422\u0435\u0445\u043d\u0438\u0447\u0435\u0441\u043a\u0430\u044f \u043f\u043e\u0434\u0434\u0435\u0440\u0436\u043a\u0430<\/span><\/span><\/span><\/span><\/span><\/h3>\n<p><img loading=\"lazy\" decoding=\"async\" class=\"alignnone size-full wp-image-734\" src=\"http:\/\/wetwipesolution.com\/wp-content\/uploads\/2017\/11\/hand-with-a-mobile-phone_318-38051.jpg\" alt=\"\" width=\"25\" height=\"25\" \/> +90 850 304 69 59[\/vc_column_text][\/vc_column_inner][vc_column_inner width=&#187;1\/3&#8243; rt_wrp_col_paddings=&#187;false&#187; rt_border_top=&#187;&#187; rt_border_bottom=&#187;&#187; rt_border_left=&#187;&#187; rt_border_right=&#187;&#187; rt_border_top_mobile=&#187;&#187; rt_border_bottom_mobile=&#187;&#187; rt_border_left_mobile=&#187;&#187; rt_border_right_mobile=&#187;&#187; rt_bg_image_repeat=&#187;repeat&#187; rt_bg_size=&#187;auto auto&#187; rt_bg_position=&#187;right top&#187; rt_bg_attachment=&#187;scroll&#187;]<div class=\"rt_heading_wrapper style-4\">\n\t\t\t\t\t\t<h2 class=\"rt_heading  style-4\"  style=\"color:#1e73be;\">\u0424\u043e\u0440\u043c\u0430 \u043e\u0431\u0440\u0430\u0442\u043d\u043e\u0439 \u0441\u0432\u044f\u0437\u0438<\/h2>\n\t\t\t\t\t<\/div><div role=\"form\" class=\"wpcf7\" id=\"wpcf7-f451-o1\" lang=\"tr-TR\" dir=\"ltr\">\n<div class=\"screen-reader-response\"><\/div>\n<form action=\"\/ru\/wp-json\/wp\/v2\/pages\/459#wpcf7-f451-o1\" method=\"post\" class=\"wpcf7-form cf7-style monochrome-light\" novalidate=\"novalidate\">\n<div style=\"display: none;\">\n<input type=\"hidden\" name=\"_wpcf7\" value=\"451\" \/>\n<input type=\"hidden\" name=\"_wpcf7_version\" value=\"4.9.1\" \/>\n<input type=\"hidden\" name=\"_wpcf7_locale\" value=\"tr_TR\" \/>\n<input type=\"hidden\" name=\"_wpcf7_unit_tag\" value=\"wpcf7-f451-o1\" \/>\n<input type=\"hidden\" name=\"_wpcf7_container_post\" value=\"0\" \/>\n<\/div>\n<p><label> Name (required)<br \/>\n    <span class=\"wpcf7-form-control-wrap your-name\"><input type=\"text\" name=\"your-name\" value=\"\" size=\"40\" class=\"wpcf7-form-control wpcf7-text wpcf7-validates-as-required\" aria-required=\"true\" aria-invalid=\"false\" \/><\/span> <\/label><\/p>\n<p><label> Email (required)<br \/>\n    <span class=\"wpcf7-form-control-wrap your-email\"><input type=\"email\" name=\"your-email\" value=\"\" size=\"40\" class=\"wpcf7-form-control wpcf7-text wpcf7-email wpcf7-validates-as-required wpcf7-validates-as-email\" aria-required=\"true\" aria-invalid=\"false\" \/><\/span> <\/label><\/p>\n<p><label> Subject<br \/>\n    <span class=\"wpcf7-form-control-wrap your-subject\"><input type=\"text\" name=\"your-subject\" value=\"\" size=\"40\" class=\"wpcf7-form-control wpcf7-text\" aria-invalid=\"false\" \/><\/span> <\/label><\/p>\n<p><label> Message<br \/>\n    <span class=\"wpcf7-form-control-wrap your-message\"><textarea name=\"your-message\" cols=\"40\" rows=\"10\" class=\"wpcf7-form-control wpcf7-textarea\" aria-invalid=\"false\"><\/textarea><\/span> <\/label><\/p>\n<p><input type=\"submit\" value=\"Send\" class=\"wpcf7-form-control wpcf7-submit\" \/><\/p>\n<div class=\"wpcf7-response-output wpcf7-display-none\"><\/div><\/form><\/div>[\/vc_column_inner][\/vc_row_inner][\/vc_column][\/vc_row]<\/p>\n","protected":false},"excerpt":{"rendered":"<p>[vc_row rt_row_background_width=&#187;default&#187; rt_row_style=&#187;default-style&#187; rt_row_borders=&#187;&#187; rt_row_paddings=&#187;true&#187; rt_bg_effect=&#187;classic&#187; rt_bg_image_repeat=&#187;repeat&#187; rt_bg_size=&#187;cover&#187; rt_bg_position=&#187;right top&#187; rt_bg_attachment=&#187;scroll&#187; rt_bg_video_format=&#187;self-hosted&#187;][vc_column rt_wrp_col_paddings=&#187;false&#187; rt_border_top=&#187;&#187; rt_border_bottom=&#187;&#187; rt_border_left=&#187;&#187; rt_border_right=&#187;&#187; rt_border_top_mobile=&#187;&#187; rt_border_bottom_mobile=&#187;&#187; rt_border_left_mobile=&#187;&#187; rt_border_right_mobile=&#187;&#187; rt_bg_image_repeat=&#187;repeat&#187; rt_bg_size=&#187;auto auto&#187; rt_bg_position=&#187;right top&#187; rt_bg_attachment=&#187;scroll&#187;][vc_custom_heading text=&#187;\u0421\u0432\u044f\u0436\u0438\u0442\u0435\u0441\u044c \u0441 \u043d\u0430\u043c\u0438&#187; font_container=&#187;tag:h2|text_align:center|color:%231e73be&#187; use_theme_fonts=&#187;yes&#187;][vc_gmaps link=&#187;#E-8_JTNDaWZyYW1lJTIwc3JjJTNEJTIyaHR0cHMlM0ElMkYlMkZ3d3cuZ29vZ2xlLmNvbSUyRm1hcHMlMkZkJTJGZW1iZWQlM0ZtaWQlM0QxVUhKV3BwTFVYcGIyVHJtbFRPc2RUR2ZJcXA4JTIyJTIwd2lkdGglM0QlMjIxMDAlMjUlMjIlMjBoZWlnaHQlM0QlMjIyNTBweCUyMiUzRSUzQyUyRmlmcmFtZSUzRQ==&#187;][vc_row_inner rt_row_style=&#187;global-style&#187; rt_row_borders=&#187;&#187; rt_row_paddings=&#187;true&#187; rt_bg_effect=&#187;classic&#187; rt_bg_image_repeat=&#187;repeat&#187; rt_bg_size=&#187;cover&#187; rt_bg_position=&#187;right top&#187; rt_bg_attachment=&#187;scroll&#187; rt_bg_video_format=&#187;self-hosted&#187;][vc_column_inner width=&#187;2\/3&#8243; rt_wrp_col_paddings=&#187;false&#187; rt_border_top=&#187;&#187; rt_border_bottom=&#187;&#187; rt_border_left=&#187;&#187; rt_border_right=&#187;&#187; rt_border_top_mobile=&#187;&#187; rt_border_bottom_mobile=&#187;&#187; rt_border_left_mobile=&#187;&#187; rt_border_right_mobile=&#187;&#187; rt_bg_image_repeat=&#187;repeat&#187; rt_bg_size=&#187;auto [&hellip;]<\/p>\n","protected":false},"author":1,"featured_media":0,"parent":0,"menu_order":0,"comment_status":"closed","ping_status":"closed","template":"","meta":{"footnotes":""},"class_list":["post-459","page","type-page","status-publish","hentry"],"_links":{"self":[{"href":"https:\/\/wetwipesolution.com\/ru\/wp-json\/wp\/v2\/pages\/459","targetHints":{"allow":["GET"]}}],"collection":[{"href":"https:\/\/wetwipesolution.com\/ru\/wp-json\/wp\/v2\/pages"}],"about":[{"href":"https:\/\/wetwipesolution.com\/ru\/wp-json\/wp\/v2\/types\/page"}],"author":[{"embeddable":true,"href":"https:\/\/wetwipesolution.com\/ru\/wp-json\/wp\/v2\/users\/1"}],"replies":[{"embeddable":true,"href":"https:\/\/wetwipesolution.com\/ru\/wp-json\/wp\/v2\/comments?post=459"}],"version-history":[{"count":5,"href":"https:\/\/wetwipesolution.com\/ru\/wp-json\/wp\/v2\/pages\/459\/revisions"}],"predecessor-version":[{"id":781,"href":"https:\/\/wetwipesolution.com\/ru\/wp-json\/wp\/v2\/pages\/459\/revisions\/781"}],"wp:attachment":[{"href":"https:\/\/wetwipesolution.com\/ru\/wp-json\/wp\/v2\/media?parent=459"}],"curies":[{"name":"wp","href":"https:\/\/api.w.org\/{rel}","templated":true}]}}