{"id":240,"date":"2017-10-25T04:15:15","date_gmt":"2017-10-25T01:15:15","guid":{"rendered":"http:\/\/wetwipesolution.com\/solusyonlar\/"},"modified":"2017-10-27T02:56:43","modified_gmt":"2017-10-26T23:56:43","slug":"onumleri","status":"publish","type":"page","link":"https:\/\/wetwipesolution.com\/tm\/onumleri\/","title":{"rendered":"\u00d6N\u00dcMLERI"},"content":{"rendered":"<p>[vc_row rt_row_background_width=&#8221;default&#8221; rt_row_style=&#8221;default-style&#8221; rt_row_borders=&#8221;&#8221; rt_row_paddings=&#8221;true&#8221; rt_bg_effect=&#8221;classic&#8221; rt_bg_image_repeat=&#8221;repeat&#8221; rt_bg_size=&#8221;cover&#8221; rt_bg_position=&#8221;right top&#8221; rt_bg_attachment=&#8221;scroll&#8221; rt_bg_video_format=&#8221;self-hosted&#8221;][vc_column width=&#8221;2\/3&#8243; rt_wrp_col_paddings=&#8221;false&#8221; rt_border_top=&#8221;&#8221; rt_border_bottom=&#8221;&#8221; rt_border_left=&#8221;&#8221; rt_border_right=&#8221;&#8221; rt_border_top_mobile=&#8221;&#8221; rt_border_bottom_mobile=&#8221;&#8221; rt_border_left_mobile=&#8221;&#8221; rt_border_right_mobile=&#8221;&#8221; rt_bg_image_repeat=&#8221;repeat&#8221; rt_bg_size=&#8221;auto auto&#8221; rt_bg_position=&#8221;right top&#8221; rt_bg_attachment=&#8221;scroll&#8221;][vc_column_text]<em>Kompani\u00fdamyz \u00e7yg esgi \u00f6n\u00fcm\u00e7iligini\u0148 d\u00fcrl\u00fcligi bo\u00fdun\u00e7a 120 sany \u00f6n\u00fcm bilen d\u00fcny\u00e4de lider bolup dur\u00fdar.<\/em><\/p>\n<p>\u00d6n\u00fcm\u00e7iligimizde \u00fda\u0148y dogan \u00e7aga, 3-12 aylyk \u00e7aga, 1-3 ya\u015fyndaky \u00e7aga, 3 we ondan uly \u00fda\u015fdaky \u00e7aga, umumy ulany\u015f, maki\u00fda\u017e arassalama, genital \u00fderi arassalamak, antibakterial arassa\u00e7ylyk, \u00e7agalar \u00fc\u00e7in \u00e7\u00fc\u00fd\u015fejik we o\u00fdunjak arassala\u00fdjy, deodorant t\u00e4sirli, si\u0148ek kowujy seri\u015fde, a\u00fdna L\u00c7D we l\u00fdustra arassala\u00fdjy, dyrnak \u00e7algylaryny arassalayjy, torpedany \u00fdalpyldadyjy, a\u00fdakgaplary \u00fdalpyldadyjy, ulaglary \u00fdalpyldadyjy, \u00f6rt\u00fckleri arassala\u00fdjy, dodaklary gal\u0148a\u015fdyr\u00fdan seri\u015fde, \u00e7yglandyr\u00fdan t\u00e4sirli, agyryny a\u00fdyryjy, hajathana kagyzy, hassalary\u0148 arassa\u00e7ylyk seri\u015fdeleri, gury \u015fampun, itleri\u0148, pi\u015fikleri\u0148 ayak yzlaryny arassala\u00fdjy, itler, pi\u015fikler \u00fc\u00e7in gury \u015fampun we olar \u00fc\u00e7in gulak arassala\u00fdjy we g\u00f6z \u00e7yrpyklaryny arassala\u00fdjy we \u015f.m. onlar\u00e7a \u00f6n\u00fcmlere e\u00fde bolup dur\u00fdarys.<\/p>\n<p>\u00d6n\u00fcm\u00e7iligimizde bar bolan \u00e4hli \u00f6n\u00fcmler el bilen g\u00f6n\u00fcden-g\u00f6ni galta\u015f\u00fdan we esasan adamy\u0148 endamynda ulanyl\u00fdanlygy seb\u00e4pli, \u00e4hli \u015fekil berme i\u015flerimiz d\u00fcn\u00fd\u00e4 saglyk gurama\u00e7ylygy, T\u00fcrki\u00fde saglyk ministrligini\u0148 g\u00f6z \u00f6\u0148\u00fcnde tutan tebigy himiki we kg-my 30 \u00fdewrodan \u00fdokary bolan \u00fd\u00f6rite gora\u00fdyjy seri\u015fdeler ulanyl\u00fdar. Satuw portfoliomyzdaky \u00e4hli \u00f6n\u00fcmler halkara akkreditasi\u00fdasy bolan barlaghanalar tarapyndan 6 a\u00fdda bir gezek dermatologiki synag, mikrobiologiki synag, durnuklylyk synagy ge\u00e7iril\u00fd\u00e4r. \u00c4hli \u00f6n\u00fcmlerimizi\u0148 saglyk sertif\u0131katlary, MSTS, TDS resminamalary bar.<\/p>\n<p>Kompani\u00fdamyz so\u0148ky 10 \u00fdyly\u0148 dowamynda d\u00fcn\u00fd\u00e4ni\u0148 lideri bolup dur\u00fdan \u00f6l esgi \u00f6nd\u00fcrijilerine maslahat\u00e7ylyk, \u00f6n\u00fcm we \u00fcpj\u00fcn\u00e7ilik hyzmatlaryny ber\u00fd\u00e4r. Jemi 26 \u00fdurtda gi\u0148i\u015fle\u00fdin eksporty bolan kompani\u00fdamyz i\u015f alyp bar\u00fdan f\u0131rmalary \u00fdurtlary\u0148 in gowy we nusgalyk \u00f6nd\u00fcrijileri bolmagyna \u00fdardam ber\u00fd\u00e4r.<\/p>\n<p><b>N\u00c4ME \u00dc\u00c7\u0130N ANKA K\u0130MYA?<\/b><\/p>\n<ul class=\"flat-list\">\n<li>T\u00fcrki\u00fdede \u00f6z pudagy bo\u00fdun\u00e7a ba\u015fga arassa\u00e7ylyk gurama\u00e7ylygyny\u0148 rugsatnamasy bolan \u00fdeke-t\u00e4k kompani\u00fda<\/li>\n<li>\u00d6n\u00fcm\u00e7ilik resminamalary bilen bir hatarda kem\u00e7iliksiz \u00e4hli ISO resminamalary bar.<\/li>\n<li>Desgany\u0148 gurlu\u015fygyndan ba\u015flap barlaghana okuwyna, gaplama, etiketka diza\u00fdny, gap diza\u00fdny, m\u00fc\u015fderi \u00fc\u00e7in \u00fd\u00f6rite \u00f6n\u00fcm\u00e7ilik diza\u00fdny ber\u00fd\u00e4n \u00e4hli prosesde m\u00fc\u015fderini\u0148 \u00fdanynda bolup dur\u00fdan \u00fdeke-t\u00e4k kompani\u00fd<\/li>\n<li>Ph sazla\u015fygy zerur bolma\u00fdan \u00fdeke-t\u00e4k ergin \u00f6nd\u00fcriji.<\/li>\n<li>Ergin bilen g\u00f6niden-g\u00f6ni ef\u0131r \u00fdagyny \u00f6n\u00fcm\u00e7iligini alyp bar\u00fdan \u00fdeke-t\u00e4k kompani\u00fda<\/li>\n<li>Ekstra yan \u00fcr\u00fcn gerekmeden d\u00fcnyadaki en basit \u00fcretim prosesi. (su + sol\u00fcsyon + esans)<\/li>\n<li>Go\u015fma\u00e7a be\u00fdleki \u00f6n\u00fcmler zerur bolmazdan d\u00fcn\u00fd\u00e4d\u00e4ki i\u0148 sada \u00f6n\u00fcm\u00e7ilik prosesi (suw+ergin+efir \u00fdagy)<\/li>\n<li>Halkara derejede akkreditirlenen barlaghanalarda \u00f6z \u00f6n\u00fcmlerini 6 a\u00fdda bir gezek synagdan ge\u00e7ir\u00fd\u00e4n \u00fdeke-t\u00e4k kompani\u00fd<\/li>\n<li><span style=\"color: #ff0000;\"><b>Amatly \u015fertleri bolan kompani\u00fdalarda, BAKTERI\u00ddA, K\u00d6MELEK, HEK \u00dd\u00dcZE \u00c7YKMA\u00ddANDYGYNY KEPILLENDIR\u00dd\u00c4N \u00ddEKE-T\u00c4K KOMPANI\u00ddA.<\/b><\/span><\/li>\n<li>D\u00fcny\u00e4ni\u0148 \u00e4hli \u00fderinde kem\u00e7iliksiz \u00fcpj\u00fcn\u00e7iligi amala a\u015fyr\u00fdan \u00fdeke-t\u00e4k kompani\u00fda.<\/li>\n<\/ul>\n<p>Ergin kompani\u00fdamyzy\u0148 orta\u00e7a 3.5 yewro \u2013 22 yewro aralygynda \u00fc\u00fdtg\u00e4p dur\u00fdar. Gaplama \u00f6l\u00e7egi 30kg, 220kg, 1000kg polietilen gaplar g\u00f6rn\u00fc\u015findedir. Gi\u0148i\u015fle\u00fdin maglumatlar we bahalar \u00fc\u00e7in bizi\u0148 bilen habarla\u015fmagy\u0148yzy ha\u00fdy\u015f ed\u00fd\u00e4ris.<\/p>\n<p>Siz hormatly m\u00fc\u015fderilerimize \u00f6z sebiti\u0148izi\u0148 ba\u015f we nusgalyk desgasy we kysymy\u0148yzy bazary\u0148 lideri \u00fdagda\u00fdyna getirip bilmek \u00fc\u00e7in h\u00fcn\u00e4rmen i\u015fg\u00e4rlerimiz hyzmaty\u0148yzda.<\/p>\n<p>Kompani\u00fdamyz ef\u00eer \u00fdagyny\u0148 \u00f6n\u00fcm\u00e7iliginde gi\u0148i\u015fle\u00fdin \u00f6l esgi we \u00fduwujy seri\u015fdeleri\u0148 d\u00fcrli g\u00f6rn\u00fc\u015flerinde ulanyp, 5 \u00fdyllyk ef\u0131r \u00fdagyny \u00f6nd\u00fcr\u00fd\u00e4n ge\u00e7mi\u015fi bolan 50 g\u00f6rn\u00fc\u015fd\u00e4ki \u00f6n\u00fcmi portfoli\u00fda girizilendir.[\/vc_column_text][\/vc_column][vc_column width=&#8221;1\/3&#8243; rt_wrp_col_paddings=&#8221;false&#8221; rt_border_top=&#8221;&#8221; rt_border_bottom=&#8221;&#8221; rt_border_left=&#8221;&#8221; rt_border_right=&#8221;&#8221; rt_border_top_mobile=&#8221;&#8221; rt_border_bottom_mobile=&#8221;&#8221; rt_border_left_mobile=&#8221;&#8221; rt_border_right_mobile=&#8221;&#8221; rt_bg_image_repeat=&#8221;repeat&#8221; rt_bg_size=&#8221;auto auto&#8221; rt_bg_position=&#8221;right top&#8221; rt_bg_attachment=&#8221;scroll&#8221;][vc_single_image image=&#8221;60&#8243; img_size=&#8221;full&#8221; alignment=&#8221;right&#8221;][\/vc_column][\/vc_row]<\/p>\n","protected":false},"excerpt":{"rendered":"<p>[vc_row rt_row_background_width=&#8221;default&#8221; rt_row_style=&#8221;default-style&#8221; rt_row_borders=&#8221;&#8221; rt_row_paddings=&#8221;true&#8221; rt_bg_effect=&#8221;classic&#8221; rt_bg_image_repeat=&#8221;repeat&#8221; rt_bg_size=&#8221;cover&#8221; rt_bg_position=&#8221;right top&#8221; rt_bg_attachment=&#8221;scroll&#8221; rt_bg_video_format=&#8221;self-hosted&#8221;][vc_column width=&#8221;2\/3&#8243; rt_wrp_col_paddings=&#8221;false&#8221; rt_border_top=&#8221;&#8221; rt_border_bottom=&#8221;&#8221; rt_border_left=&#8221;&#8221; rt_border_right=&#8221;&#8221; rt_border_top_mobile=&#8221;&#8221; rt_border_bottom_mobile=&#8221;&#8221; rt_border_left_mobile=&#8221;&#8221; rt_border_right_mobile=&#8221;&#8221; rt_bg_image_repeat=&#8221;repeat&#8221; rt_bg_size=&#8221;auto auto&#8221; rt_bg_position=&#8221;right top&#8221; rt_bg_attachment=&#8221;scroll&#8221;][vc_column_text]Kompani\u00fdamyz \u00e7yg esgi \u00f6n\u00fcm\u00e7iligini\u0148 d\u00fcrl\u00fcligi bo\u00fdun\u00e7a 120 sany \u00f6n\u00fcm bilen d\u00fcny\u00e4de lider bolup dur\u00fdar. \u00d6n\u00fcm\u00e7iligimizde \u00fda\u0148y dogan \u00e7aga, 3-12 aylyk \u00e7aga, 1-3 ya\u015fyndaky \u00e7aga, 3 we ondan uly [&hellip;]<\/p>\n","protected":false},"author":1,"featured_media":0,"parent":0,"menu_order":0,"comment_status":"closed","ping_status":"closed","template":"","meta":{"footnotes":""},"class_list":["post-240","page","type-page","status-publish","hentry"],"_links":{"self":[{"href":"https:\/\/wetwipesolution.com\/tm\/wp-json\/wp\/v2\/pages\/240","targetHints":{"allow":["GET"]}}],"collection":[{"href":"https:\/\/wetwipesolution.com\/tm\/wp-json\/wp\/v2\/pages"}],"about":[{"href":"https:\/\/wetwipesolution.com\/tm\/wp-json\/wp\/v2\/types\/page"}],"author":[{"embeddable":true,"href":"https:\/\/wetwipesolution.com\/tm\/wp-json\/wp\/v2\/users\/1"}],"replies":[{"embeddable":true,"href":"https:\/\/wetwipesolution.com\/tm\/wp-json\/wp\/v2\/comments?post=240"}],"version-history":[{"count":1,"href":"https:\/\/wetwipesolution.com\/tm\/wp-json\/wp\/v2\/pages\/240\/revisions"}],"predecessor-version":[{"id":241,"href":"https:\/\/wetwipesolution.com\/tm\/wp-json\/wp\/v2\/pages\/240\/revisions\/241"}],"wp:attachment":[{"href":"https:\/\/wetwipesolution.com\/tm\/wp-json\/wp\/v2\/media?parent=240"}],"curies":[{"name":"wp","href":"https:\/\/api.w.org\/{rel}","templated":true}]}}