{"id":242,"date":"2017-10-25T04:16:57","date_gmt":"2017-10-25T01:16:57","guid":{"rendered":"http:\/\/wetwipesolution.com\/esanslarimiz\/"},"modified":"2017-10-27T02:57:47","modified_gmt":"2017-10-26T23:57:47","slug":"efir-yaglarymyz","status":"publish","type":"page","link":"https:\/\/wetwipesolution.com\/tm\/efir-yaglarymyz\/","title":{"rendered":"EFIR \u00ddAGLARYMYZ"},"content":{"rendered":"<p>[vc_row rt_row_background_width=&#8221;default&#8221; rt_row_style=&#8221;default-style&#8221; rt_row_borders=&#8221;&#8221; rt_row_paddings=&#8221;true&#8221; rt_bg_effect=&#8221;classic&#8221; rt_bg_image_repeat=&#8221;repeat&#8221; rt_bg_size=&#8221;cover&#8221; rt_bg_position=&#8221;right top&#8221; rt_bg_attachment=&#8221;scroll&#8221; rt_bg_video_format=&#8221;self-hosted&#8221;][vc_column width=&#8221;2\/3&#8243; rt_wrp_col_paddings=&#8221;false&#8221; rt_border_top=&#8221;&#8221; rt_border_bottom=&#8221;&#8221; rt_border_left=&#8221;&#8221; rt_border_right=&#8221;&#8221; rt_border_top_mobile=&#8221;&#8221; rt_border_bottom_mobile=&#8221;&#8221; rt_border_left_mobile=&#8221;&#8221; rt_border_right_mobile=&#8221;&#8221; rt_bg_image_repeat=&#8221;repeat&#8221; rt_bg_size=&#8221;auto auto&#8221; rt_bg_position=&#8221;right top&#8221; rt_bg_attachment=&#8221;scroll&#8221;][vc_column_text]<em>Ef\u0131r \u00fdaglarymyz g\u00fcl, miwe, atyr, krem, ter ysly bolmak bilen esasy 5 sany ys g\u00f6rn\u00fc\u015finde \u00f6n\u00fcm\u00e7ilik alyp bar\u00fdar. \u00d6n\u00fcmlerimiz\u0148 ulany\u015f mukdary \u00f6r\u00e4n pes bolup, arassa\u00e7ylyk gatna\u015fygy \u00f6r\u00e4n \u00fdokarydyr. Maslahat ber\u00fd\u00e4n ulany\u015f gatna\u015fygy pes hilli \u00f6n\u00fcmler \u00fc\u00e7in 0.1%, orta hilli \u00f6n\u00fcmler \u00fc\u00e7in 0.2%, \u00fdokary hilli \u00f6n\u00fcmler \u00fc\u00e7in 0.3% bolup dur\u00fdar. Ef\u0131r \u00fdag toparlarymyzy\u0148 \u00e4hli \u00f6n\u00fcm\u00e7ilik resminamalary doly bolup, m\u00fc\u015fderilerimizi\u0148 islegi bo\u00fdun\u00e7a anti-allergi\u00fda ef\u0131r \u00fdaglarymyzda bar bolup dur\u00fdar.<\/em><\/p>\n<p>islegi\u0148iz bo\u00fdun\u00e7a sizi\u0148 \u00f6n\u00fcmi\u0148ize \u00fd\u00f6rite ef\u0131r \u00fdagyny diza\u00fdn edip bileris. Sizi\u0148 hy\u00fdaly\u0148yzdaky ysy we \u00f6n\u00fcmi siz d\u00fc\u015f\u00fcndiri\u0148, gaplamasyndan etiketlanmagyna \u00e7enli, gapagyndan gabyna \u00e7enli, ysyndan d\u00fcz\u00fcmine \u00e7enli, \u00fdagny A harpdan Z harpyna di\u00fdli\u015fi \u00fdaly, diza\u00fdn ederis we \u00fd\u00f6rite \u00f6n\u00fcmi \u00fd\u00fcze \u00e7ykararys.<\/p>\n<p>Ef\u0131r \u00fdagyny\u0148 bahalary orta\u00e7a 10 we 22 \u00fdewro aralygynda \u00fc\u00fdtg\u00e4p dur\u00fdar. Gaplarymyzy\u0148 \u015fekili 30 kg we 220 kg polietilen gaplarda bolup dur\u00fdar.<\/p>\n<p>Gi\u0148i\u015fle\u00fdin maglumatlar we bahalar \u00fc\u00e7in bizi\u0148 bilen habarla\u015fmagy\u0148yzy ha\u00fdy\u015f ed\u00fd\u00e4ris.[\/vc_column_text][\/vc_column][vc_column width=&#8221;1\/3&#8243; rt_wrp_col_paddings=&#8221;false&#8221; rt_border_top=&#8221;&#8221; rt_border_bottom=&#8221;&#8221; rt_border_left=&#8221;&#8221; rt_border_right=&#8221;&#8221; rt_border_top_mobile=&#8221;&#8221; rt_border_bottom_mobile=&#8221;&#8221; rt_border_left_mobile=&#8221;&#8221; rt_border_right_mobile=&#8221;&#8221; rt_bg_image_repeat=&#8221;repeat&#8221; rt_bg_size=&#8221;auto auto&#8221; rt_bg_position=&#8221;right top&#8221; rt_bg_attachment=&#8221;scroll&#8221;][vc_single_image image=&#8221;64&#8243; img_size=&#8221;full&#8221; alignment=&#8221;right&#8221;][\/vc_column][\/vc_row]<\/p>\n","protected":false},"excerpt":{"rendered":"<p>[vc_row rt_row_background_width=&#8221;default&#8221; rt_row_style=&#8221;default-style&#8221; rt_row_borders=&#8221;&#8221; rt_row_paddings=&#8221;true&#8221; rt_bg_effect=&#8221;classic&#8221; rt_bg_image_repeat=&#8221;repeat&#8221; rt_bg_size=&#8221;cover&#8221; rt_bg_position=&#8221;right top&#8221; rt_bg_attachment=&#8221;scroll&#8221; rt_bg_video_format=&#8221;self-hosted&#8221;][vc_column width=&#8221;2\/3&#8243; rt_wrp_col_paddings=&#8221;false&#8221; rt_border_top=&#8221;&#8221; rt_border_bottom=&#8221;&#8221; rt_border_left=&#8221;&#8221; rt_border_right=&#8221;&#8221; rt_border_top_mobile=&#8221;&#8221; rt_border_bottom_mobile=&#8221;&#8221; rt_border_left_mobile=&#8221;&#8221; rt_border_right_mobile=&#8221;&#8221; rt_bg_image_repeat=&#8221;repeat&#8221; rt_bg_size=&#8221;auto auto&#8221; rt_bg_position=&#8221;right top&#8221; rt_bg_attachment=&#8221;scroll&#8221;][vc_column_text]Ef\u0131r \u00fdaglarymyz g\u00fcl, miwe, atyr, krem, ter ysly bolmak bilen esasy 5 sany ys g\u00f6rn\u00fc\u015finde \u00f6n\u00fcm\u00e7ilik alyp bar\u00fdar. \u00d6n\u00fcmlerimiz\u0148 ulany\u015f mukdary \u00f6r\u00e4n pes bolup, arassa\u00e7ylyk gatna\u015fygy \u00f6r\u00e4n \u00fdokarydyr. [&hellip;]<\/p>\n","protected":false},"author":1,"featured_media":0,"parent":0,"menu_order":0,"comment_status":"closed","ping_status":"closed","template":"","meta":{"footnotes":""},"class_list":["post-242","page","type-page","status-publish","hentry"],"_links":{"self":[{"href":"https:\/\/wetwipesolution.com\/tm\/wp-json\/wp\/v2\/pages\/242","targetHints":{"allow":["GET"]}}],"collection":[{"href":"https:\/\/wetwipesolution.com\/tm\/wp-json\/wp\/v2\/pages"}],"about":[{"href":"https:\/\/wetwipesolution.com\/tm\/wp-json\/wp\/v2\/types\/page"}],"author":[{"embeddable":true,"href":"https:\/\/wetwipesolution.com\/tm\/wp-json\/wp\/v2\/users\/1"}],"replies":[{"embeddable":true,"href":"https:\/\/wetwipesolution.com\/tm\/wp-json\/wp\/v2\/comments?post=242"}],"version-history":[{"count":1,"href":"https:\/\/wetwipesolution.com\/tm\/wp-json\/wp\/v2\/pages\/242\/revisions"}],"predecessor-version":[{"id":243,"href":"https:\/\/wetwipesolution.com\/tm\/wp-json\/wp\/v2\/pages\/242\/revisions\/243"}],"wp:attachment":[{"href":"https:\/\/wetwipesolution.com\/tm\/wp-json\/wp\/v2\/media?parent=242"}],"curies":[{"name":"wp","href":"https:\/\/api.w.org\/{rel}","templated":true}]}}