{"id":244,"date":"2017-10-25T04:18:43","date_gmt":"2017-10-25T01:18:43","guid":{"rendered":"http:\/\/wetwipesolution.com\/kapaklarimiz\/"},"modified":"2017-10-27T02:58:44","modified_gmt":"2017-10-26T23:58:44","slug":"daslyklarymyz","status":"publish","type":"page","link":"https:\/\/wetwipesolution.com\/tm\/daslyklarymyz\/","title":{"rendered":"DA\u015eLYKLARYMYZ"},"content":{"rendered":"<p>[vc_row rt_row_background_width=&#8221;default&#8221; rt_row_style=&#8221;default-style&#8221; rt_row_borders=&#8221;&#8221; rt_row_paddings=&#8221;true&#8221; rt_bg_effect=&#8221;classic&#8221; rt_bg_image_repeat=&#8221;repeat&#8221; rt_bg_size=&#8221;cover&#8221; rt_bg_position=&#8221;right top&#8221; rt_bg_attachment=&#8221;scroll&#8221; rt_bg_video_format=&#8221;self-hosted&#8221;][vc_column width=&#8221;2\/3&#8243; rt_wrp_col_paddings=&#8221;false&#8221; rt_border_top=&#8221;&#8221; rt_border_bottom=&#8221;&#8221; rt_border_left=&#8221;&#8221; rt_border_right=&#8221;&#8221; rt_border_top_mobile=&#8221;&#8221; rt_border_bottom_mobile=&#8221;&#8221; rt_border_left_mobile=&#8221;&#8221; rt_border_right_mobile=&#8221;&#8221; rt_bg_image_repeat=&#8221;repeat&#8221; rt_bg_size=&#8221;auto auto&#8221; rt_bg_position=&#8221;right top&#8221; rt_bg_attachment=&#8221;scroll&#8221;][vc_column_text]Kompani\u00fdamyz 12 d\u00fcrli \u00f6l esgi da\u015flygyny\u0148 modeli bilen d\u00fcn\u00fd\u00e4ni\u0148 \u00e4hli \u00fderinde hyzmat ber\u00fd\u00e4r. M\u00fc\u015fderilerimiz sa\u00fdlan modeli bo\u00fdun\u00e7a \u00f6n\u00fcml\u00e7igi alnan 7 gr we 10 gr aralygynda \u00f6nd\u00fcril\u00fd\u00e4r. Da\u015flyklarymyzy\u0148 \u00f6n\u00fcm\u00e7iliginde di\u0148e 1-nji derejeli hilli \u00e7ig mal bilen \u00f6n\u00fcm\u00e7ilik alnyp barlyp, \u00f6n\u00fcm\u00e7iligi tamamlanan da\u015flyklarymyz barlaghanada gram synagyndan, u\u00e7laryny\u0148 synaglaryndan, d\u00fczl\u00fcgini\u0148 synagyndan ge\u00e7irilip hil tassyknamasy beril\u00fd\u00e4r we m\u00fc\u015fderilerimize \u00fcpj\u00fcn edil\u00fd\u00e4r.<\/p>\n<p>Gi\u0148i\u015fle\u00fdin maglumatlar we bahalar \u00fc\u00e7in bizi\u0148 bilen habarla\u015fmagy\u0148yzy ha\u00fdy\u015f ed\u00fd\u00e4ris.[\/vc_column_text][\/vc_column][vc_column width=&#8221;1\/3&#8243; rt_wrp_col_paddings=&#8221;false&#8221; rt_border_top=&#8221;&#8221; rt_border_bottom=&#8221;&#8221; rt_border_left=&#8221;&#8221; rt_border_right=&#8221;&#8221; rt_border_top_mobile=&#8221;&#8221; rt_border_bottom_mobile=&#8221;&#8221; rt_border_left_mobile=&#8221;&#8221; rt_border_right_mobile=&#8221;&#8221; rt_bg_image_repeat=&#8221;repeat&#8221; rt_bg_size=&#8221;auto auto&#8221; rt_bg_position=&#8221;right top&#8221; rt_bg_attachment=&#8221;scroll&#8221;][vc_single_image image=&#8221;67&#8243; img_size=&#8221;full&#8221; alignment=&#8221;right&#8221;][\/vc_column][\/vc_row][vc_row rt_row_background_width=&#8221;default&#8221; rt_row_style=&#8221;default-style&#8221; rt_row_borders=&#8221;&#8221; rt_row_paddings=&#8221;true&#8221; rt_bg_effect=&#8221;classic&#8221; rt_bg_image_repeat=&#8221;repeat&#8221; rt_bg_size=&#8221;cover&#8221; rt_bg_position=&#8221;right top&#8221; rt_bg_attachment=&#8221;scroll&#8221; rt_bg_video_format=&#8221;self-hosted&#8221;][vc_column rt_wrp_col_paddings=&#8221;false&#8221; rt_border_top=&#8221;&#8221; rt_border_bottom=&#8221;&#8221; rt_border_left=&#8221;&#8221; rt_border_right=&#8221;&#8221; rt_border_top_mobile=&#8221;&#8221; rt_border_bottom_mobile=&#8221;&#8221; rt_border_left_mobile=&#8221;&#8221; rt_border_right_mobile=&#8221;&#8221; rt_bg_image_repeat=&#8221;repeat&#8221; rt_bg_size=&#8221;auto auto&#8221; rt_bg_position=&#8221;right top&#8221; rt_bg_attachment=&#8221;scroll&#8221;][vc_media_grid element_width=&#8221;6&#8243; gap=&#8221;15&#8243; item=&#8221;masonryMedia_ScaleWithContentBlock&#8221; initial_loading_animation=&#8221;none&#8221; grid_id=&#8221;vc_gid:1509062304638-0abc4ff0-bb5d-2&#8243; include=&#8221;70,71,72,73,74,75,77,76&#8243;][\/vc_column][\/vc_row]<\/p>\n","protected":false},"excerpt":{"rendered":"<p>[vc_row rt_row_background_width=&#8221;default&#8221; rt_row_style=&#8221;default-style&#8221; rt_row_borders=&#8221;&#8221; rt_row_paddings=&#8221;true&#8221; rt_bg_effect=&#8221;classic&#8221; rt_bg_image_repeat=&#8221;repeat&#8221; rt_bg_size=&#8221;cover&#8221; rt_bg_position=&#8221;right top&#8221; rt_bg_attachment=&#8221;scroll&#8221; rt_bg_video_format=&#8221;self-hosted&#8221;][vc_column width=&#8221;2\/3&#8243; rt_wrp_col_paddings=&#8221;false&#8221; rt_border_top=&#8221;&#8221; rt_border_bottom=&#8221;&#8221; rt_border_left=&#8221;&#8221; rt_border_right=&#8221;&#8221; rt_border_top_mobile=&#8221;&#8221; rt_border_bottom_mobile=&#8221;&#8221; rt_border_left_mobile=&#8221;&#8221; rt_border_right_mobile=&#8221;&#8221; rt_bg_image_repeat=&#8221;repeat&#8221; rt_bg_size=&#8221;auto auto&#8221; rt_bg_position=&#8221;right top&#8221; rt_bg_attachment=&#8221;scroll&#8221;][vc_column_text]Kompani\u00fdamyz 12 d\u00fcrli \u00f6l esgi da\u015flygyny\u0148 modeli bilen d\u00fcn\u00fd\u00e4ni\u0148 \u00e4hli \u00fderinde hyzmat ber\u00fd\u00e4r. M\u00fc\u015fderilerimiz sa\u00fdlan modeli bo\u00fdun\u00e7a \u00f6n\u00fcml\u00e7igi alnan 7 gr we 10 gr aralygynda \u00f6nd\u00fcril\u00fd\u00e4r. Da\u015flyklarymyzy\u0148 \u00f6n\u00fcm\u00e7iliginde [&hellip;]<\/p>\n","protected":false},"author":1,"featured_media":0,"parent":0,"menu_order":0,"comment_status":"closed","ping_status":"closed","template":"","meta":{"footnotes":""},"class_list":["post-244","page","type-page","status-publish","hentry"],"_links":{"self":[{"href":"https:\/\/wetwipesolution.com\/tm\/wp-json\/wp\/v2\/pages\/244","targetHints":{"allow":["GET"]}}],"collection":[{"href":"https:\/\/wetwipesolution.com\/tm\/wp-json\/wp\/v2\/pages"}],"about":[{"href":"https:\/\/wetwipesolution.com\/tm\/wp-json\/wp\/v2\/types\/page"}],"author":[{"embeddable":true,"href":"https:\/\/wetwipesolution.com\/tm\/wp-json\/wp\/v2\/users\/1"}],"replies":[{"embeddable":true,"href":"https:\/\/wetwipesolution.com\/tm\/wp-json\/wp\/v2\/comments?post=244"}],"version-history":[{"count":1,"href":"https:\/\/wetwipesolution.com\/tm\/wp-json\/wp\/v2\/pages\/244\/revisions"}],"predecessor-version":[{"id":245,"href":"https:\/\/wetwipesolution.com\/tm\/wp-json\/wp\/v2\/pages\/244\/revisions\/245"}],"wp:attachment":[{"href":"https:\/\/wetwipesolution.com\/tm\/wp-json\/wp\/v2\/media?parent=244"}],"curies":[{"name":"wp","href":"https:\/\/api.w.org\/{rel}","templated":true}]}}