{"id":246,"date":"2017-10-25T04:30:38","date_gmt":"2017-10-25T01:30:38","guid":{"rendered":"http:\/\/wetwipesolution.com\/ambalajlarimiz\/"},"modified":"2017-10-27T02:59:51","modified_gmt":"2017-10-26T23:59:51","slug":"gaplama","status":"publish","type":"page","link":"https:\/\/wetwipesolution.com\/tm\/gaplama\/","title":{"rendered":"GAPLAMA"},"content":{"rendered":"<p>[vc_row rt_row_background_width=&#8221;default&#8221; rt_row_style=&#8221;default-style&#8221; rt_row_borders=&#8221;&#8221; rt_row_paddings=&#8221;true&#8221; rt_bg_effect=&#8221;classic&#8221; rt_bg_image_repeat=&#8221;repeat&#8221; rt_bg_size=&#8221;cover&#8221; rt_bg_position=&#8221;right top&#8221; rt_bg_attachment=&#8221;scroll&#8221; rt_bg_video_format=&#8221;self-hosted&#8221;][vc_column width=&#8221;2\/3&#8243; rt_wrp_col_paddings=&#8221;false&#8221; rt_border_top=&#8221;&#8221; rt_border_bottom=&#8221;&#8221; rt_border_left=&#8221;&#8221; rt_border_right=&#8221;&#8221; rt_border_top_mobile=&#8221;&#8221; rt_border_bottom_mobile=&#8221;&#8221; rt_border_left_mobile=&#8221;&#8221; rt_border_right_mobile=&#8221;&#8221; rt_bg_image_repeat=&#8221;repeat&#8221; rt_bg_size=&#8221;auto auto&#8221; rt_bg_position=&#8221;right top&#8221; rt_bg_attachment=&#8221;scroll&#8221;][vc_column_text]\u00d6l esgileri\u0148 gaplanmagynda ilki bilen \u00f6n\u00fcmde \u00fdola \u00e7ykyp, \u00f6n\u00fcmimize \u00fd\u00f6rite diza\u00fdn ed\u00fd\u00e4ris. Diza\u00fdn i\u015finden so\u0148 \u00f6n\u00fcmi\u0148 d\u00fcz\u00fcmini\u0148 sanyna g\u00f6r\u00e4 we diza\u00fdna g\u00f6r\u00e4 re\u0148ki, mikrony kesgitlenip, m\u00fc\u015fderimizi\u0148 talaby bo\u00fdun\u00e7a yalpyldawuk, solak ya-da solakdan lak \u015fekilinde basyl\u00fdar.<\/p>\n<p>Re\u0148ki bo\u00fdun\u00e7a silindr t\u00f6legimiz 300 AB\u015e dollary, emma 2017-nji \u00fdylda 5000 kg we ondan k\u00f6p sargytlarymyzda silindr t\u00f6legi Kompani\u00fdamyz tarapyndan \u00fcpj\u00fcn ediler, bu hem orta\u00e7a 6 re\u0148ki diza\u00fdn bo\u00fdun\u00e7a m\u00fc\u015fderimize 1800 AB\u015e dollary tyg\u015fytlar.<\/p>\n<p>Hil barlagy ge\u00e7irilen gaplarymyz 3 g\u00fcnl\u00fck delemin1 synagyndan ge\u00e7irilip, barlaghana netijesini\u0148 amatly bolmagy netijesinde \u00fcpj\u00fcn ediler.<\/p>\n<p>Gi\u0148i\u015fle\u00fdin maglumatlar we bahalar \u00fc\u00e7in bizi\u0148 bilen habarla\u015fmagy\u0148yzy hayy\u015f ed\u00fd\u00e4ris.[\/vc_column_text][\/vc_column][vc_column width=&#8221;1\/3&#8243; rt_wrp_col_paddings=&#8221;false&#8221; rt_border_top=&#8221;&#8221; rt_border_bottom=&#8221;&#8221; rt_border_left=&#8221;&#8221; rt_border_right=&#8221;&#8221; rt_border_top_mobile=&#8221;&#8221; rt_border_bottom_mobile=&#8221;&#8221; rt_border_left_mobile=&#8221;&#8221; rt_border_right_mobile=&#8221;&#8221; rt_bg_image_repeat=&#8221;repeat&#8221; rt_bg_size=&#8221;auto auto&#8221; rt_bg_position=&#8221;right top&#8221; rt_bg_attachment=&#8221;scroll&#8221;][vc_single_image image=&#8221;87&#8243; img_size=&#8221;full&#8221; alignment=&#8221;right&#8221;][\/vc_column][\/vc_row]<\/p>\n","protected":false},"excerpt":{"rendered":"<p>[vc_row rt_row_background_width=&#8221;default&#8221; rt_row_style=&#8221;default-style&#8221; rt_row_borders=&#8221;&#8221; rt_row_paddings=&#8221;true&#8221; rt_bg_effect=&#8221;classic&#8221; rt_bg_image_repeat=&#8221;repeat&#8221; rt_bg_size=&#8221;cover&#8221; rt_bg_position=&#8221;right top&#8221; rt_bg_attachment=&#8221;scroll&#8221; rt_bg_video_format=&#8221;self-hosted&#8221;][vc_column width=&#8221;2\/3&#8243; rt_wrp_col_paddings=&#8221;false&#8221; rt_border_top=&#8221;&#8221; rt_border_bottom=&#8221;&#8221; rt_border_left=&#8221;&#8221; rt_border_right=&#8221;&#8221; rt_border_top_mobile=&#8221;&#8221; rt_border_bottom_mobile=&#8221;&#8221; rt_border_left_mobile=&#8221;&#8221; rt_border_right_mobile=&#8221;&#8221; rt_bg_image_repeat=&#8221;repeat&#8221; rt_bg_size=&#8221;auto auto&#8221; rt_bg_position=&#8221;right top&#8221; rt_bg_attachment=&#8221;scroll&#8221;][vc_column_text]\u00d6l esgileri\u0148 gaplanmagynda ilki bilen \u00f6n\u00fcmde \u00fdola \u00e7ykyp, \u00f6n\u00fcmimize \u00fd\u00f6rite diza\u00fdn ed\u00fd\u00e4ris. Diza\u00fdn i\u015finden so\u0148 \u00f6n\u00fcmi\u0148 d\u00fcz\u00fcmini\u0148 sanyna g\u00f6r\u00e4 we diza\u00fdna g\u00f6r\u00e4 re\u0148ki, mikrony kesgitlenip, m\u00fc\u015fderimizi\u0148 talaby bo\u00fdun\u00e7a [&hellip;]<\/p>\n","protected":false},"author":1,"featured_media":0,"parent":0,"menu_order":0,"comment_status":"closed","ping_status":"closed","template":"","meta":{"footnotes":""},"class_list":["post-246","page","type-page","status-publish","hentry"],"_links":{"self":[{"href":"https:\/\/wetwipesolution.com\/tm\/wp-json\/wp\/v2\/pages\/246","targetHints":{"allow":["GET"]}}],"collection":[{"href":"https:\/\/wetwipesolution.com\/tm\/wp-json\/wp\/v2\/pages"}],"about":[{"href":"https:\/\/wetwipesolution.com\/tm\/wp-json\/wp\/v2\/types\/page"}],"author":[{"embeddable":true,"href":"https:\/\/wetwipesolution.com\/tm\/wp-json\/wp\/v2\/users\/1"}],"replies":[{"embeddable":true,"href":"https:\/\/wetwipesolution.com\/tm\/wp-json\/wp\/v2\/comments?post=246"}],"version-history":[{"count":1,"href":"https:\/\/wetwipesolution.com\/tm\/wp-json\/wp\/v2\/pages\/246\/revisions"}],"predecessor-version":[{"id":247,"href":"https:\/\/wetwipesolution.com\/tm\/wp-json\/wp\/v2\/pages\/246\/revisions\/247"}],"wp:attachment":[{"href":"https:\/\/wetwipesolution.com\/tm\/wp-json\/wp\/v2\/media?parent=246"}],"curies":[{"name":"wp","href":"https:\/\/api.w.org\/{rel}","templated":true}]}}