{"id":248,"date":"2017-10-25T04:31:56","date_gmt":"2017-10-25T01:31:56","guid":{"rendered":"http:\/\/wetwipesolution.com\/etiketlerimiz\/"},"modified":"2017-10-27T03:00:53","modified_gmt":"2017-10-27T00:00:53","slug":"etiketka","status":"publish","type":"page","link":"https:\/\/wetwipesolution.com\/tm\/etiketka\/","title":{"rendered":"ETIKETKA"},"content":{"rendered":"<p>[vc_row rt_row_background_width=&#8221;default&#8221; rt_row_style=&#8221;default-style&#8221; rt_row_borders=&#8221;&#8221; rt_row_paddings=&#8221;true&#8221; rt_bg_effect=&#8221;classic&#8221; rt_bg_image_repeat=&#8221;repeat&#8221; rt_bg_size=&#8221;cover&#8221; rt_bg_position=&#8221;right top&#8221; rt_bg_attachment=&#8221;scroll&#8221; rt_bg_video_format=&#8221;self-hosted&#8221;][vc_column width=&#8221;2\/3&#8243; rt_wrp_col_paddings=&#8221;false&#8221; rt_border_top=&#8221;&#8221; rt_border_bottom=&#8221;&#8221; rt_border_left=&#8221;&#8221; rt_border_right=&#8221;&#8221; rt_border_top_mobile=&#8221;&#8221; rt_border_bottom_mobile=&#8221;&#8221; rt_border_left_mobile=&#8221;&#8221; rt_border_right_mobile=&#8221;&#8221; rt_bg_image_repeat=&#8221;repeat&#8221; rt_bg_size=&#8221;auto auto&#8221; rt_bg_position=&#8221;right top&#8221; rt_bg_attachment=&#8221;scroll&#8221;][vc_column_text]\u00c4hli etiketka zerurlyklary\u0148yzy d\u00fcny\u00e4 saglyk gurama\u00e7lygyny\u0148 etiket kodeksine la\u00fdyklykda da\u015fky g\u00f6rn\u00fc\u015fini\u0148 diza\u00fdnyndan ba\u015flap, gaplama \u00fdelme\u015fdiril\u00fd\u00e4n g\u00f6rn\u00fc\u015fine \u00e7enli sa\u00fdlanyp, enjamy\u0148yzy\u0148 ugruna la\u00fdyklykda we diza\u00fdn zerurlylygyny\u0148 1-8 re\u0148k aralygynda enjamlarymyzda \u00e7ap edil\u00fd\u00e4r.<\/p>\n<p>\u00c7ap edilenden so\u0148ra hil barlagyndan ge\u00e7en \u00e4hli \u00f6n\u00fcmler barlaghanamyzda hil barlagy, mikron barlagy, \u00fdelim barlagy we ugur barlagyndan so\u0148ra \u00fcpj\u00fcn\u00e7ilige ta\u00fd\u00fdar g\u00f6rn\u00fc\u015fe getirily\u00e4r. Hil barlagyny\u0148 tassyklanmagyndan so\u0148ra barlaghana synaglarymyzy ortaa\u00e7a 48 sagat dowam ed\u00fd\u00e4r.<\/p>\n<p>Gi\u0148i\u015fle\u00fdin maglumatlar we bahalar \u00fc\u00e7in bizin bilen habarla\u015fmagy\u0148yzy ha\u00fdy\u015f edy\u00e4ris.[\/vc_column_text][\/vc_column][vc_column width=&#8221;1\/3&#8243; rt_wrp_col_paddings=&#8221;false&#8221; rt_border_top=&#8221;&#8221; rt_border_bottom=&#8221;&#8221; rt_border_left=&#8221;&#8221; rt_border_right=&#8221;&#8221; rt_border_top_mobile=&#8221;&#8221; rt_border_bottom_mobile=&#8221;&#8221; rt_border_left_mobile=&#8221;&#8221; rt_border_right_mobile=&#8221;&#8221; rt_bg_image_repeat=&#8221;repeat&#8221; rt_bg_size=&#8221;auto auto&#8221; rt_bg_position=&#8221;right top&#8221; rt_bg_attachment=&#8221;scroll&#8221;][vc_single_image image=&#8221;90&#8243; img_size=&#8221;full&#8221; alignment=&#8221;right&#8221;][\/vc_column][\/vc_row]<\/p>\n","protected":false},"excerpt":{"rendered":"<p>[vc_row rt_row_background_width=&#8221;default&#8221; rt_row_style=&#8221;default-style&#8221; rt_row_borders=&#8221;&#8221; rt_row_paddings=&#8221;true&#8221; rt_bg_effect=&#8221;classic&#8221; rt_bg_image_repeat=&#8221;repeat&#8221; rt_bg_size=&#8221;cover&#8221; rt_bg_position=&#8221;right top&#8221; rt_bg_attachment=&#8221;scroll&#8221; rt_bg_video_format=&#8221;self-hosted&#8221;][vc_column width=&#8221;2\/3&#8243; rt_wrp_col_paddings=&#8221;false&#8221; rt_border_top=&#8221;&#8221; rt_border_bottom=&#8221;&#8221; rt_border_left=&#8221;&#8221; rt_border_right=&#8221;&#8221; rt_border_top_mobile=&#8221;&#8221; rt_border_bottom_mobile=&#8221;&#8221; rt_border_left_mobile=&#8221;&#8221; rt_border_right_mobile=&#8221;&#8221; rt_bg_image_repeat=&#8221;repeat&#8221; rt_bg_size=&#8221;auto auto&#8221; rt_bg_position=&#8221;right top&#8221; rt_bg_attachment=&#8221;scroll&#8221;][vc_column_text]\u00c4hli etiketka zerurlyklary\u0148yzy d\u00fcny\u00e4 saglyk gurama\u00e7lygyny\u0148 etiket kodeksine la\u00fdyklykda da\u015fky g\u00f6rn\u00fc\u015fini\u0148 diza\u00fdnyndan ba\u015flap, gaplama \u00fdelme\u015fdiril\u00fd\u00e4n g\u00f6rn\u00fc\u015fine \u00e7enli sa\u00fdlanyp, enjamy\u0148yzy\u0148 ugruna la\u00fdyklykda we diza\u00fdn zerurlylygyny\u0148 1-8 re\u0148k aralygynda enjamlarymyzda [&hellip;]<\/p>\n","protected":false},"author":1,"featured_media":0,"parent":0,"menu_order":0,"comment_status":"closed","ping_status":"closed","template":"","meta":{"footnotes":""},"class_list":["post-248","page","type-page","status-publish","hentry"],"_links":{"self":[{"href":"https:\/\/wetwipesolution.com\/tm\/wp-json\/wp\/v2\/pages\/248","targetHints":{"allow":["GET"]}}],"collection":[{"href":"https:\/\/wetwipesolution.com\/tm\/wp-json\/wp\/v2\/pages"}],"about":[{"href":"https:\/\/wetwipesolution.com\/tm\/wp-json\/wp\/v2\/types\/page"}],"author":[{"embeddable":true,"href":"https:\/\/wetwipesolution.com\/tm\/wp-json\/wp\/v2\/users\/1"}],"replies":[{"embeddable":true,"href":"https:\/\/wetwipesolution.com\/tm\/wp-json\/wp\/v2\/comments?post=248"}],"version-history":[{"count":1,"href":"https:\/\/wetwipesolution.com\/tm\/wp-json\/wp\/v2\/pages\/248\/revisions"}],"predecessor-version":[{"id":249,"href":"https:\/\/wetwipesolution.com\/tm\/wp-json\/wp\/v2\/pages\/248\/revisions\/249"}],"wp:attachment":[{"href":"https:\/\/wetwipesolution.com\/tm\/wp-json\/wp\/v2\/media?parent=248"}],"curies":[{"name":"wp","href":"https:\/\/api.w.org\/{rel}","templated":true}]}}