{"id":252,"date":"2017-10-25T04:35:21","date_gmt":"2017-10-25T01:35:21","guid":{"rendered":"http:\/\/wetwipesolution.com\/kagit-grubu\/"},"modified":"2017-10-27T03:04:11","modified_gmt":"2017-10-27T00:04:11","slug":"mata-bolmadyk-onumler","status":"publish","type":"page","link":"https:\/\/wetwipesolution.com\/tm\/mata-bolmadyk-onumler\/","title":{"rendered":"MATA BOLMADYK \u00d6N\u00dcMLER"},"content":{"rendered":"<p>[vc_row rt_row_background_width=&#8221;default&#8221; rt_row_style=&#8221;default-style&#8221; rt_row_borders=&#8221;&#8221; rt_row_paddings=&#8221;true&#8221; rt_bg_effect=&#8221;classic&#8221; rt_bg_image_repeat=&#8221;repeat&#8221; rt_bg_size=&#8221;cover&#8221; rt_bg_position=&#8221;right top&#8221; rt_bg_attachment=&#8221;scroll&#8221; rt_bg_video_format=&#8221;self-hosted&#8221;][vc_column width=&#8221;2\/3&#8243; rt_wrp_col_paddings=&#8221;false&#8221; rt_border_top=&#8221;&#8221; rt_border_bottom=&#8221;&#8221; rt_border_left=&#8221;&#8221; rt_border_right=&#8221;&#8221; rt_border_top_mobile=&#8221;&#8221; rt_border_bottom_mobile=&#8221;&#8221; rt_border_left_mobile=&#8221;&#8221; rt_border_right_mobile=&#8221;&#8221; rt_bg_image_repeat=&#8221;repeat&#8221; rt_bg_size=&#8221;auto auto&#8221; rt_bg_position=&#8221;right top&#8221; rt_bg_attachment=&#8221;scroll&#8221;][vc_column_text]Anka Kimya kompani\u00fdasy siz hormatly m\u00fc\u015fderilerimizi\u0148 kagyz zerurlyklary bo\u00fdun\u00e7a Rose Narmin Tamin kompani\u00fdasyny\u0148 ara\u00e7ylygyny amala a\u015fyryp, mata d\u00e4l we towlanan \u00fd\u00fcpek zerurlyklary\u0148yzy tyg\u015fytly we \u00fdokary hilli \u00f6n\u00fcmleri\u0148 g\u00f6rn\u00fc\u015flerini h\u00f6d\u00fcrle\u00fd\u00e4r.<\/p>\n<p>Tr\u00fctzs\u00e7hler Nonwovens \u00f6n\u00fcm\u00e7ilik desgamyz E\u00fdranda \u00fderle\u015fip, Germani\u00fdany\u0148 Tr\u00fctzs\u00e7hler tilsimatlary bilen arassa\u00e7ylyk \u015fertlerinde el degirmezden \u00f6nd\u00fcril\u00fd\u00e4r. \u00d6n\u00fcmlerimiz wiskoza polief\u0131r garyndyly \u00e7ig mallary Germani\u00fdadan import ed\u00fd\u00e4r. Sargytlary\u0148yz bo\u00fdun\u00e7a talap ed\u00fd\u00e4n gramda we \u00f6l\u00e7egde \u00f6n\u00fcm\u00e7ilik amala a\u015fyryl\u00fdar.<\/p>\n<p>Wiskoza 20\/polief\u0131r 80: 35 gr\/m2 \u2013 40 gr\/m2 \u2013 45 gr\/m2 \u2013 50 gr\/m2<\/p>\n<p>Wiskoza 30\/polief\u0131r 70: 35 gr\/m2 \u2013 40 gr\/m2 \u2013 45 gr\/m2 \u2013 50 gr\/m2<\/p>\n<p>Wiskoza 40\/polief\u0131r 60: 35 gr\/m2 \u2013 40 gr\/m2 \u2013 45 gr\/m2 \u2013 50 gr\/m2<\/p>\n<p>Pagta 100% \/50 gr \u2013 150 gr m2 aralygynda \u00f6n\u00fcmler \u00f6nd\u00fcril\u00fd\u00e4r.[\/vc_column_text][\/vc_column][vc_column width=&#8221;1\/3&#8243; rt_wrp_col_paddings=&#8221;false&#8221; rt_border_top=&#8221;&#8221; rt_border_bottom=&#8221;&#8221; rt_border_left=&#8221;&#8221; rt_border_right=&#8221;&#8221; rt_border_top_mobile=&#8221;&#8221; rt_border_bottom_mobile=&#8221;&#8221; rt_border_left_mobile=&#8221;&#8221; rt_border_right_mobile=&#8221;&#8221; rt_bg_image_repeat=&#8221;repeat&#8221; rt_bg_size=&#8221;auto auto&#8221; rt_bg_position=&#8221;right top&#8221; rt_bg_attachment=&#8221;scroll&#8221;][vc_single_image image=&#8221;96&#8243; img_size=&#8221;full&#8221; alignment=&#8221;right&#8221;][\/vc_column][\/vc_row]<\/p>\n","protected":false},"excerpt":{"rendered":"<p>[vc_row rt_row_background_width=&#8221;default&#8221; rt_row_style=&#8221;default-style&#8221; rt_row_borders=&#8221;&#8221; rt_row_paddings=&#8221;true&#8221; rt_bg_effect=&#8221;classic&#8221; rt_bg_image_repeat=&#8221;repeat&#8221; rt_bg_size=&#8221;cover&#8221; rt_bg_position=&#8221;right top&#8221; rt_bg_attachment=&#8221;scroll&#8221; rt_bg_video_format=&#8221;self-hosted&#8221;][vc_column width=&#8221;2\/3&#8243; rt_wrp_col_paddings=&#8221;false&#8221; rt_border_top=&#8221;&#8221; rt_border_bottom=&#8221;&#8221; rt_border_left=&#8221;&#8221; rt_border_right=&#8221;&#8221; rt_border_top_mobile=&#8221;&#8221; rt_border_bottom_mobile=&#8221;&#8221; rt_border_left_mobile=&#8221;&#8221; rt_border_right_mobile=&#8221;&#8221; rt_bg_image_repeat=&#8221;repeat&#8221; rt_bg_size=&#8221;auto auto&#8221; rt_bg_position=&#8221;right top&#8221; rt_bg_attachment=&#8221;scroll&#8221;][vc_column_text]Anka Kimya kompani\u00fdasy siz hormatly m\u00fc\u015fderilerimizi\u0148 kagyz zerurlyklary bo\u00fdun\u00e7a Rose Narmin Tamin kompani\u00fdasyny\u0148 ara\u00e7ylygyny amala a\u015fyryp, mata d\u00e4l we towlanan \u00fd\u00fcpek zerurlyklary\u0148yzy tyg\u015fytly we \u00fdokary hilli \u00f6n\u00fcmleri\u0148 g\u00f6rn\u00fc\u015flerini [&hellip;]<\/p>\n","protected":false},"author":1,"featured_media":0,"parent":0,"menu_order":0,"comment_status":"closed","ping_status":"closed","template":"","meta":{"footnotes":""},"class_list":["post-252","page","type-page","status-publish","hentry"],"_links":{"self":[{"href":"https:\/\/wetwipesolution.com\/tm\/wp-json\/wp\/v2\/pages\/252","targetHints":{"allow":["GET"]}}],"collection":[{"href":"https:\/\/wetwipesolution.com\/tm\/wp-json\/wp\/v2\/pages"}],"about":[{"href":"https:\/\/wetwipesolution.com\/tm\/wp-json\/wp\/v2\/types\/page"}],"author":[{"embeddable":true,"href":"https:\/\/wetwipesolution.com\/tm\/wp-json\/wp\/v2\/users\/1"}],"replies":[{"embeddable":true,"href":"https:\/\/wetwipesolution.com\/tm\/wp-json\/wp\/v2\/comments?post=252"}],"version-history":[{"count":1,"href":"https:\/\/wetwipesolution.com\/tm\/wp-json\/wp\/v2\/pages\/252\/revisions"}],"predecessor-version":[{"id":253,"href":"https:\/\/wetwipesolution.com\/tm\/wp-json\/wp\/v2\/pages\/252\/revisions\/253"}],"wp:attachment":[{"href":"https:\/\/wetwipesolution.com\/tm\/wp-json\/wp\/v2\/media?parent=252"}],"curies":[{"name":"wp","href":"https:\/\/api.w.org\/{rel}","templated":true}]}}