{"id":254,"date":"2017-10-25T04:36:51","date_gmt":"2017-10-25T01:36:51","guid":{"rendered":"http:\/\/wetwipesolution.com\/danismanlik-hizmeti\/"},"modified":"2017-10-27T03:05:23","modified_gmt":"2017-10-27T00:05:23","slug":"maslahatcylyk","status":"publish","type":"page","link":"https:\/\/wetwipesolution.com\/tm\/maslahatcylyk\/","title":{"rendered":"MASLAHAT\u00c7YLYK"},"content":{"rendered":"<p>[vc_row rt_row_background_width=&#8221;default&#8221; rt_row_style=&#8221;default-style&#8221; rt_row_borders=&#8221;&#8221; rt_row_paddings=&#8221;true&#8221; rt_bg_effect=&#8221;classic&#8221; rt_bg_image_repeat=&#8221;repeat&#8221; rt_bg_size=&#8221;cover&#8221; rt_bg_position=&#8221;right top&#8221; rt_bg_attachment=&#8221;scroll&#8221; rt_bg_video_format=&#8221;self-hosted&#8221;][vc_column width=&#8221;2\/3&#8243; rt_wrp_col_paddings=&#8221;false&#8221; rt_border_top=&#8221;&#8221; rt_border_bottom=&#8221;&#8221; rt_border_left=&#8221;&#8221; rt_border_right=&#8221;&#8221; rt_border_top_mobile=&#8221;&#8221; rt_border_bottom_mobile=&#8221;&#8221; rt_border_left_mobile=&#8221;&#8221; rt_border_right_mobile=&#8221;&#8221; rt_bg_image_repeat=&#8221;repeat&#8221; rt_bg_size=&#8221;auto auto&#8221; rt_bg_position=&#8221;right top&#8221; rt_bg_attachment=&#8221;scroll&#8221;][vc_column_text]I\u015f pudagyna t\u00e4ze ba\u015flajak \u00fda-da ba\u015fla\u00fdan i\u015fle\u00fd\u00e4n \u00fcst\u00fcnligine \u00fdetmedik \u00e4hli kompani\u00fdalara doly ulanmaga tab\u015fyry\u015f desgalaryny\u0148 gurulmagynda, desgany\u0148 ga\u00fdtadan dikeldilmeginde, barlaghanalary\u0148 gurulmagynda, barlaghana okuwlarynda, gurama\u00e7ylyk \u015fahslary\u0148 d\u00f6redilmeginde, kysym we da\u015fky g\u00f6rn\u00fc\u015fini\u0148 diza\u00fdnyndan, internet sahypasy, etiket gap diza\u00fdny we \u00e4hli desgany\u0148 enjamlary bilen bagly \u00fcpj\u00fcn\u00e7ilik maslahatlaryny ber\u00fd\u00e4ris.<\/p>\n<p>Pudakda 53 \u00fdyllyk tejrib\u00e4miz bo\u00fdun\u00e7a \u00e4hli satyn alnan i\u015flerimiz i\u0148 amatly g\u00f6rn\u00fc\u015fde amala a\u015fyryl\u00fdar. A\u00fdlyk 3000 \u00fdewro t\u00f6legi bolan bu hyzmatymyz 2017-nji \u00fdyldan ba\u015flap \u00fdyllyk haryt satyn aly\u015f \u015fertnamasyny bagla\u015fan \u00e4hli m\u00fc\u015fderilerimiz we m\u00fc\u015fderi dala\u015fg\u00e4rlerimiz \u00fc\u00e7in t\u00f6legsiz bolar.<\/p>\n<p>Gi\u0148i\u015fle\u00fdin maglumatlar we bahalar \u00fc\u00e7in bizin bilen habarla\u015fmagy\u0148yzy ha\u00fdy\u015f ed\u00fd\u00e4ris[\/vc_column_text][\/vc_column][vc_column width=&#8221;1\/3&#8243; rt_wrp_col_paddings=&#8221;false&#8221; rt_border_top=&#8221;&#8221; rt_border_bottom=&#8221;&#8221; rt_border_left=&#8221;&#8221; rt_border_right=&#8221;&#8221; rt_border_top_mobile=&#8221;&#8221; rt_border_bottom_mobile=&#8221;&#8221; rt_border_left_mobile=&#8221;&#8221; rt_border_right_mobile=&#8221;&#8221; rt_bg_image_repeat=&#8221;repeat&#8221; rt_bg_size=&#8221;auto auto&#8221; rt_bg_position=&#8221;right top&#8221; rt_bg_attachment=&#8221;scroll&#8221;][vc_single_image image=&#8221;99&#8243; img_size=&#8221;full&#8221; alignment=&#8221;right&#8221;][\/vc_column][\/vc_row]<\/p>\n","protected":false},"excerpt":{"rendered":"<p>[vc_row rt_row_background_width=&#8221;default&#8221; rt_row_style=&#8221;default-style&#8221; rt_row_borders=&#8221;&#8221; rt_row_paddings=&#8221;true&#8221; rt_bg_effect=&#8221;classic&#8221; rt_bg_image_repeat=&#8221;repeat&#8221; rt_bg_size=&#8221;cover&#8221; rt_bg_position=&#8221;right top&#8221; rt_bg_attachment=&#8221;scroll&#8221; rt_bg_video_format=&#8221;self-hosted&#8221;][vc_column width=&#8221;2\/3&#8243; rt_wrp_col_paddings=&#8221;false&#8221; rt_border_top=&#8221;&#8221; rt_border_bottom=&#8221;&#8221; rt_border_left=&#8221;&#8221; rt_border_right=&#8221;&#8221; rt_border_top_mobile=&#8221;&#8221; rt_border_bottom_mobile=&#8221;&#8221; rt_border_left_mobile=&#8221;&#8221; rt_border_right_mobile=&#8221;&#8221; rt_bg_image_repeat=&#8221;repeat&#8221; rt_bg_size=&#8221;auto auto&#8221; rt_bg_position=&#8221;right top&#8221; rt_bg_attachment=&#8221;scroll&#8221;][vc_column_text]I\u015f pudagyna t\u00e4ze ba\u015flajak \u00fda-da ba\u015fla\u00fdan i\u015fle\u00fd\u00e4n \u00fcst\u00fcnligine \u00fdetmedik \u00e4hli kompani\u00fdalara doly ulanmaga tab\u015fyry\u015f desgalaryny\u0148 gurulmagynda, desgany\u0148 ga\u00fdtadan dikeldilmeginde, barlaghanalary\u0148 gurulmagynda, barlaghana okuwlarynda, gurama\u00e7ylyk \u015fahslary\u0148 d\u00f6redilmeginde, kysym we [&hellip;]<\/p>\n","protected":false},"author":1,"featured_media":0,"parent":0,"menu_order":0,"comment_status":"closed","ping_status":"closed","template":"","meta":{"footnotes":""},"class_list":["post-254","page","type-page","status-publish","hentry"],"_links":{"self":[{"href":"https:\/\/wetwipesolution.com\/tm\/wp-json\/wp\/v2\/pages\/254","targetHints":{"allow":["GET"]}}],"collection":[{"href":"https:\/\/wetwipesolution.com\/tm\/wp-json\/wp\/v2\/pages"}],"about":[{"href":"https:\/\/wetwipesolution.com\/tm\/wp-json\/wp\/v2\/types\/page"}],"author":[{"embeddable":true,"href":"https:\/\/wetwipesolution.com\/tm\/wp-json\/wp\/v2\/users\/1"}],"replies":[{"embeddable":true,"href":"https:\/\/wetwipesolution.com\/tm\/wp-json\/wp\/v2\/comments?post=254"}],"version-history":[{"count":1,"href":"https:\/\/wetwipesolution.com\/tm\/wp-json\/wp\/v2\/pages\/254\/revisions"}],"predecessor-version":[{"id":255,"href":"https:\/\/wetwipesolution.com\/tm\/wp-json\/wp\/v2\/pages\/254\/revisions\/255"}],"wp:attachment":[{"href":"https:\/\/wetwipesolution.com\/tm\/wp-json\/wp\/v2\/media?parent=254"}],"curies":[{"name":"wp","href":"https:\/\/api.w.org\/{rel}","templated":true}]}}