{"id":259,"date":"2017-10-25T05:03:22","date_gmt":"2017-10-25T02:03:22","guid":{"rendered":"http:\/\/wetwipesolution.com\/egitim-hizmeti\/"},"modified":"2017-10-27T03:10:54","modified_gmt":"2017-10-27T00:10:54","slug":"okuw-hyzmatlary","status":"publish","type":"page","link":"https:\/\/wetwipesolution.com\/tm\/okuw-hyzmatlary\/","title":{"rendered":"OKUW HYZMATLARY"},"content":{"rendered":"<p>[vc_row rt_row_background_width=&#8221;default&#8221; rt_row_style=&#8221;default-style&#8221; rt_row_borders=&#8221;&#8221; rt_row_paddings=&#8221;true&#8221; rt_bg_effect=&#8221;classic&#8221; rt_bg_image_repeat=&#8221;repeat&#8221; rt_bg_size=&#8221;cover&#8221; rt_bg_position=&#8221;right top&#8221; rt_bg_attachment=&#8221;scroll&#8221; rt_bg_video_format=&#8221;self-hosted&#8221;][vc_column width=&#8221;1\/3&#8243; rt_wrp_col_paddings=&#8221;false&#8221; rt_border_top=&#8221;&#8221; rt_border_bottom=&#8221;&#8221; rt_border_left=&#8221;&#8221; rt_border_right=&#8221;&#8221; rt_border_top_mobile=&#8221;&#8221; rt_border_bottom_mobile=&#8221;&#8221; rt_border_left_mobile=&#8221;&#8221; rt_border_right_mobile=&#8221;&#8221; rt_bg_image_repeat=&#8221;repeat&#8221; rt_bg_size=&#8221;auto auto&#8221; rt_bg_position=&#8221;right top&#8221; rt_bg_attachment=&#8221;scroll&#8221;][vc_column_text]<\/p>\n<ul>\n<li>Desgany\u0148 arassa\u00e7ylygy we gigi\u00fdenasy<\/li>\n<li>Ulgamy\u0148 arassa\u00e7ylygy we gigi\u00fdenasy<\/li>\n<li>Barlaghanany\u0148 arassa\u00e7ylygy we gigi\u00fdenasy<\/li>\n<li>Barlaghanada n\u00e4hili ge\u00fdinmeli?<\/li>\n<li>Barlaghana enjamlaryny tanaly\u0148.<\/li>\n<li>Ha\u00fdsy enjamlar n\u00e4me maksatly i\u015fle\u00fd\u00e4r?<\/li>\n<li>Ha\u00fdsy enjamlar n\u00e4hili sazlan\u00fdar?<\/li>\n<li>Kagyzbakteri\u00fdawe k\u00f6meleksynagy n\u00e4hili ge\u00e7iril\u00fd\u00e4r?<\/li>\n<li>Efir\u00fdagyny\u0148 bakteri\u00fdawe k\u00f6meleksynagy n\u00e4hili ge\u00e7iril\u00fd\u00e4r?<\/li>\n<li>Efir \u00fdagyny\u0148 jemigurymadda mukdary n\u00e4hili kesgitlen\u00fd\u00e4r?<\/li>\n<\/ul>\n<p>[\/vc_column_text][\/vc_column][vc_column width=&#8221;1\/3&#8243; rt_wrp_col_paddings=&#8221;false&#8221; rt_border_top=&#8221;&#8221; rt_border_bottom=&#8221;&#8221; rt_border_left=&#8221;&#8221; rt_border_right=&#8221;&#8221; rt_border_top_mobile=&#8221;&#8221; rt_border_bottom_mobile=&#8221;&#8221; rt_border_left_mobile=&#8221;&#8221; rt_border_right_mobile=&#8221;&#8221; rt_bg_image_repeat=&#8221;repeat&#8221; rt_bg_size=&#8221;auto auto&#8221; rt_bg_position=&#8221;right top&#8221; rt_bg_attachment=&#8221;scroll&#8221;][vc_column_text]<\/p>\n<ul>\n<li>Ergin bakteri\u00fda we k\u00f6melek synagy n\u00e4hili ge\u00e7iril\u00fd\u00e4r?<\/li>\n<li>Tamamlanan \u00f6n\u00fcmleri\u0148 bakteri\u00fda we k\u00f6melek synagy n\u00e4hili ge\u00e7iril\u00fd\u00e4r?<\/li>\n<li>Gap delemi\u0148 synagy n\u00e4hili ge\u00e7iril\u00fd\u00e4r?<\/li>\n<li>Etiketka \u00fdelmemek synagy n\u00e4hili ge\u00e7iril\u00fd\u00e4r?<\/li>\n<li>Etiketka mikron synagy n\u00e4hili ge\u00e7iril\u00fd\u00e4r?<\/li>\n<li>Da\u015flyk gram synagy n\u00e4hili ge\u00e7iril\u00fd\u00e4r?<\/li>\n<li>Da\u015flygy\u0148 g\u00f6n\u00fcligini\u0148 synagy n\u00e4hili ge\u00e7iril\u00fd\u00e4r?<\/li>\n<li>Da\u015flygy\u0148 u\u00e7laryny\u0148 synagy n\u00e4hili ge\u00e7iril\u00fd\u00e4r?<\/li>\n<li>Tamamlanan \u00f6n\u00fcmleri\u0148 \u015fertlendiri\u015f synagy n\u00e4hili ge\u00e7iril\u00fd\u00e4r?<\/li>\n<li>Barlaghana \u015fertnamasyna g\u00f6r\u00e4 gurlu\u015f we dizayn n\u00e4hili bolmaly?<\/li>\n<\/ul>\n<p>[\/vc_column_text][\/vc_column][vc_column width=&#8221;1\/3&#8243; rt_wrp_col_paddings=&#8221;false&#8221; rt_border_top=&#8221;&#8221; rt_border_bottom=&#8221;&#8221; rt_border_left=&#8221;&#8221; rt_border_right=&#8221;&#8221; rt_border_top_mobile=&#8221;&#8221; rt_border_bottom_mobile=&#8221;&#8221; rt_border_left_mobile=&#8221;&#8221; rt_border_right_mobile=&#8221;&#8221; rt_bg_image_repeat=&#8221;repeat&#8221; rt_bg_size=&#8221;auto auto&#8221; rt_bg_position=&#8221;right top&#8221; rt_bg_attachment=&#8221;scroll&#8221;][vc_single_image image=&#8221;109&#8243; img_size=&#8221;full&#8221; alignment=&#8221;right&#8221;][\/vc_column][\/vc_row]<\/p>\n","protected":false},"excerpt":{"rendered":"<p>[vc_row rt_row_background_width=&#8221;default&#8221; rt_row_style=&#8221;default-style&#8221; rt_row_borders=&#8221;&#8221; rt_row_paddings=&#8221;true&#8221; rt_bg_effect=&#8221;classic&#8221; rt_bg_image_repeat=&#8221;repeat&#8221; rt_bg_size=&#8221;cover&#8221; rt_bg_position=&#8221;right top&#8221; rt_bg_attachment=&#8221;scroll&#8221; rt_bg_video_format=&#8221;self-hosted&#8221;][vc_column width=&#8221;1\/3&#8243; rt_wrp_col_paddings=&#8221;false&#8221; rt_border_top=&#8221;&#8221; rt_border_bottom=&#8221;&#8221; rt_border_left=&#8221;&#8221; rt_border_right=&#8221;&#8221; rt_border_top_mobile=&#8221;&#8221; rt_border_bottom_mobile=&#8221;&#8221; rt_border_left_mobile=&#8221;&#8221; rt_border_right_mobile=&#8221;&#8221; rt_bg_image_repeat=&#8221;repeat&#8221; rt_bg_size=&#8221;auto auto&#8221; rt_bg_position=&#8221;right top&#8221; rt_bg_attachment=&#8221;scroll&#8221;][vc_column_text] Desgany\u0148 arassa\u00e7ylygy we gigi\u00fdenasy Ulgamy\u0148 arassa\u00e7ylygy we gigi\u00fdenasy Barlaghanany\u0148 arassa\u00e7ylygy we gigi\u00fdenasy Barlaghanada n\u00e4hili ge\u00fdinmeli? Barlaghana enjamlaryny tanaly\u0148. Ha\u00fdsy enjamlar n\u00e4me maksatly i\u015fle\u00fd\u00e4r? Ha\u00fdsy enjamlar n\u00e4hili sazlan\u00fdar? [&hellip;]<\/p>\n","protected":false},"author":1,"featured_media":0,"parent":0,"menu_order":0,"comment_status":"closed","ping_status":"closed","template":"","meta":{"footnotes":""},"class_list":["post-259","page","type-page","status-publish","hentry"],"_links":{"self":[{"href":"https:\/\/wetwipesolution.com\/tm\/wp-json\/wp\/v2\/pages\/259","targetHints":{"allow":["GET"]}}],"collection":[{"href":"https:\/\/wetwipesolution.com\/tm\/wp-json\/wp\/v2\/pages"}],"about":[{"href":"https:\/\/wetwipesolution.com\/tm\/wp-json\/wp\/v2\/types\/page"}],"author":[{"embeddable":true,"href":"https:\/\/wetwipesolution.com\/tm\/wp-json\/wp\/v2\/users\/1"}],"replies":[{"embeddable":true,"href":"https:\/\/wetwipesolution.com\/tm\/wp-json\/wp\/v2\/comments?post=259"}],"version-history":[{"count":1,"href":"https:\/\/wetwipesolution.com\/tm\/wp-json\/wp\/v2\/pages\/259\/revisions"}],"predecessor-version":[{"id":260,"href":"https:\/\/wetwipesolution.com\/tm\/wp-json\/wp\/v2\/pages\/259\/revisions\/260"}],"wp:attachment":[{"href":"https:\/\/wetwipesolution.com\/tm\/wp-json\/wp\/v2\/media?parent=259"}],"curies":[{"name":"wp","href":"https:\/\/api.w.org\/{rel}","templated":true}]}}