{"id":261,"date":"2017-10-25T05:05:02","date_gmt":"2017-10-25T02:05:02","guid":{"rendered":"http:\/\/wetwipesolution.com\/anahtar-teslim-tesis\/"},"modified":"2017-10-27T03:12:06","modified_gmt":"2017-10-27T00:12:06","slug":"doly-ulanmaga-tabsyrmak-synagy","status":"publish","type":"page","link":"https:\/\/wetwipesolution.com\/tm\/doly-ulanmaga-tabsyrmak-synagy\/","title":{"rendered":"DOLY ULANMAGA TAB\u015eYRMAK SYNAGY"},"content":{"rendered":"<p>[vc_row rt_row_background_width=&#8221;default&#8221; rt_row_style=&#8221;default-style&#8221; rt_row_borders=&#8221;&#8221; rt_row_paddings=&#8221;true&#8221; rt_bg_effect=&#8221;classic&#8221; rt_bg_image_repeat=&#8221;repeat&#8221; rt_bg_size=&#8221;cover&#8221; rt_bg_position=&#8221;right top&#8221; rt_bg_attachment=&#8221;scroll&#8221; rt_bg_video_format=&#8221;self-hosted&#8221;][vc_column width=&#8221;2\/3&#8243; rt_wrp_col_paddings=&#8221;false&#8221; rt_border_top=&#8221;&#8221; rt_border_bottom=&#8221;&#8221; rt_border_left=&#8221;&#8221; rt_border_right=&#8221;&#8221; rt_border_top_mobile=&#8221;&#8221; rt_border_bottom_mobile=&#8221;&#8221; rt_border_left_mobile=&#8221;&#8221; rt_border_right_mobile=&#8221;&#8221; rt_bg_image_repeat=&#8221;repeat&#8221; rt_bg_size=&#8221;auto auto&#8221; rt_bg_position=&#8221;right top&#8221; rt_bg_attachment=&#8221;scroll&#8221;][vc_column_text]Kompani\u00fdamyz \u00f6l esgi lini\u00fdalary, \u00fduwujy seri\u015fde we toz \u00fduwujy seri\u015fde \u00f6n\u00fcm\u00e7ilik lini\u00fdalary bo\u00fdun\u00e7a h\u00fcn\u00e4rmen topary bilen di\u0148e enjamlar bo\u00fdun\u00e7a d\u00e4l, d\u00fcny\u00e4ni\u0148 saglyk gurama\u00e7ylygyny\u0148 g\u00f6z \u00f6\u0148\u00fcnde tut\u00fdan \u015feklinde desgany\u0148 \u00fder \u00f6rt\u00fcginden ba\u015flap, suw kanallaryna, elektrik panellerine, y\u015fyklandyry\u015f ulgamyna, sazlama otaglaryna, \u00e7ig mal \u00fdylady\u015f otaglaryna, barlaghana ulgamyna, wentilyasi\u00fda ulgamyna \u00e7enli \u00e4hli ulgamy gurup, okuwyny ge\u00e7irip doly ulanmaga tab\u015fyrmak hyzmatyny ber\u00fd\u00e4r.<\/p>\n<p>Desgany\u0148 gurlu\u015fygyndan so\u0148ra ulany\u015f bellikleri we \u00f6n\u00fcm\u00e7ilik prosesi bo\u00fdun\u00e7a \u00fdokary himi\u00fda in\u017eener toparymyz zerur bolan goldawy ber\u00fd\u00e4r. Kompani\u00fda 3 \u00f6l\u00e7egli \u00e7yzgylardan ba\u015flap desgany\u0148 tamamlanmagyndan so\u0148ra hem \u00fcpj\u00fcn\u00e7iligi i\u0148 tyg\u015fytly g\u00f6rn\u00fc\u015fde \u00fcpj\u00fcn ed\u00fd\u00e4r.<\/p>\n<p>\u00c4hli gaplama we etiketka \u015fekilleri\u0148iz h\u00fcn\u00e4rmen toparymyz tarapyndan sizi\u0148 i\u015flegi\u0148ize g\u00f6r\u00e4 ta\u00fd\u00fdarlan\u00fdar.[\/vc_column_text][\/vc_column][vc_column width=&#8221;1\/3&#8243; rt_wrp_col_paddings=&#8221;false&#8221; rt_border_top=&#8221;&#8221; rt_border_bottom=&#8221;&#8221; rt_border_left=&#8221;&#8221; rt_border_right=&#8221;&#8221; rt_border_top_mobile=&#8221;&#8221; rt_border_bottom_mobile=&#8221;&#8221; rt_border_left_mobile=&#8221;&#8221; rt_border_right_mobile=&#8221;&#8221; rt_bg_image_repeat=&#8221;repeat&#8221; rt_bg_size=&#8221;auto auto&#8221; rt_bg_position=&#8221;right top&#8221; rt_bg_attachment=&#8221;scroll&#8221;][vc_single_image image=&#8221;112&#8243; img_size=&#8221;full&#8221; alignment=&#8221;right&#8221;][\/vc_column][\/vc_row]<\/p>\n","protected":false},"excerpt":{"rendered":"<p>[vc_row rt_row_background_width=&#8221;default&#8221; rt_row_style=&#8221;default-style&#8221; rt_row_borders=&#8221;&#8221; rt_row_paddings=&#8221;true&#8221; rt_bg_effect=&#8221;classic&#8221; rt_bg_image_repeat=&#8221;repeat&#8221; rt_bg_size=&#8221;cover&#8221; rt_bg_position=&#8221;right top&#8221; rt_bg_attachment=&#8221;scroll&#8221; rt_bg_video_format=&#8221;self-hosted&#8221;][vc_column width=&#8221;2\/3&#8243; rt_wrp_col_paddings=&#8221;false&#8221; rt_border_top=&#8221;&#8221; rt_border_bottom=&#8221;&#8221; rt_border_left=&#8221;&#8221; rt_border_right=&#8221;&#8221; rt_border_top_mobile=&#8221;&#8221; rt_border_bottom_mobile=&#8221;&#8221; rt_border_left_mobile=&#8221;&#8221; rt_border_right_mobile=&#8221;&#8221; rt_bg_image_repeat=&#8221;repeat&#8221; rt_bg_size=&#8221;auto auto&#8221; rt_bg_position=&#8221;right top&#8221; rt_bg_attachment=&#8221;scroll&#8221;][vc_column_text]Kompani\u00fdamyz \u00f6l esgi lini\u00fdalary, \u00fduwujy seri\u015fde we toz \u00fduwujy seri\u015fde \u00f6n\u00fcm\u00e7ilik lini\u00fdalary bo\u00fdun\u00e7a h\u00fcn\u00e4rmen topary bilen di\u0148e enjamlar bo\u00fdun\u00e7a d\u00e4l, d\u00fcny\u00e4ni\u0148 saglyk gurama\u00e7ylygyny\u0148 g\u00f6z \u00f6\u0148\u00fcnde tut\u00fdan \u015feklinde desgany\u0148 [&hellip;]<\/p>\n","protected":false},"author":1,"featured_media":0,"parent":0,"menu_order":0,"comment_status":"closed","ping_status":"closed","template":"","meta":{"footnotes":""},"class_list":["post-261","page","type-page","status-publish","hentry"],"_links":{"self":[{"href":"https:\/\/wetwipesolution.com\/tm\/wp-json\/wp\/v2\/pages\/261","targetHints":{"allow":["GET"]}}],"collection":[{"href":"https:\/\/wetwipesolution.com\/tm\/wp-json\/wp\/v2\/pages"}],"about":[{"href":"https:\/\/wetwipesolution.com\/tm\/wp-json\/wp\/v2\/types\/page"}],"author":[{"embeddable":true,"href":"https:\/\/wetwipesolution.com\/tm\/wp-json\/wp\/v2\/users\/1"}],"replies":[{"embeddable":true,"href":"https:\/\/wetwipesolution.com\/tm\/wp-json\/wp\/v2\/comments?post=261"}],"version-history":[{"count":1,"href":"https:\/\/wetwipesolution.com\/tm\/wp-json\/wp\/v2\/pages\/261\/revisions"}],"predecessor-version":[{"id":262,"href":"https:\/\/wetwipesolution.com\/tm\/wp-json\/wp\/v2\/pages\/261\/revisions\/262"}],"wp:attachment":[{"href":"https:\/\/wetwipesolution.com\/tm\/wp-json\/wp\/v2\/media?parent=261"}],"curies":[{"name":"wp","href":"https:\/\/api.w.org\/{rel}","templated":true}]}}