{"id":264,"date":"2017-10-25T05:07:04","date_gmt":"2017-10-25T02:07:04","guid":{"rendered":"http:\/\/wetwipesolution.com\/2-el-tesis-kurulum-ve-revizyon\/"},"modified":"2017-10-27T03:12:59","modified_gmt":"2017-10-27T00:12:59","slug":"ulanylan-enjamlaryn-upjunciligi-calsylmagy-we-gurulmagy","status":"publish","type":"page","link":"https:\/\/wetwipesolution.com\/tm\/ulanylan-enjamlaryn-upjunciligi-calsylmagy-we-gurulmagy\/","title":{"rendered":"ULANYLAN ENJAMLARY\u0147 \u00dcPJ\u00dcN\u00c7ILIGI, \u00c7AL\u015eYLMAGY WE GURULMAGY"},"content":{"rendered":"<p>[vc_row rt_row_background_width=&#8221;default&#8221; rt_row_style=&#8221;default-style&#8221; rt_row_borders=&#8221;&#8221; rt_row_paddings=&#8221;true&#8221; rt_bg_effect=&#8221;classic&#8221; rt_bg_image_repeat=&#8221;repeat&#8221; rt_bg_size=&#8221;cover&#8221; rt_bg_position=&#8221;right top&#8221; rt_bg_attachment=&#8221;scroll&#8221; rt_bg_video_format=&#8221;self-hosted&#8221;][vc_column width=&#8221;2\/3&#8243; rt_wrp_col_paddings=&#8221;false&#8221; rt_border_top=&#8221;&#8221; rt_border_bottom=&#8221;&#8221; rt_border_left=&#8221;&#8221; rt_border_right=&#8221;&#8221; rt_border_top_mobile=&#8221;&#8221; rt_border_bottom_mobile=&#8221;&#8221; rt_border_left_mobile=&#8221;&#8221; rt_border_right_mobile=&#8221;&#8221; rt_bg_image_repeat=&#8221;repeat&#8221; rt_bg_size=&#8221;auto auto&#8221; rt_bg_position=&#8221;right top&#8221; rt_bg_attachment=&#8221;scroll&#8221;][vc_column_text]Anka Kimya desgany\u0148 gurlu\u015fygynda zerur bolan enjamlary we gurallary wagty we baha bo\u00fdun\u00e7a tyg\u015fytlamak maksady bilen ulanylan enjamlary\u0148 bazaryny yzarlap, size la\u00fdyk bolanlaryny kesgitle\u00fd\u00e4r. \u015eol sanda h\u00fcn\u00e4rmen toparymyz bilen ekspertize ge\u00e7irip anyk bahalary kesgitle\u00fd\u00e4ris. Zerur bolan \u00fc\u00fdtge\u015fmeleri we abatlayy\u015f i\u015flerini ge\u00e7irip Kompani\u00fdamyzy\u0148 kepilliginde desgalarymyz gurlar, \u015fahsy okuwlar berler, \u00e4ti\u00fda\u00e7lyk b\u00f6lekleri we harajatlar \u00fcpj\u00fcn ediler. Zerur bolan \u00fdagda\u00fdlarda abatla\u00fdy\u015f hyzmatlary berler.[\/vc_column_text][\/vc_column][vc_column width=&#8221;1\/3&#8243; rt_wrp_col_paddings=&#8221;false&#8221; rt_border_top=&#8221;&#8221; rt_border_bottom=&#8221;&#8221; rt_border_left=&#8221;&#8221; rt_border_right=&#8221;&#8221; rt_border_top_mobile=&#8221;&#8221; rt_border_bottom_mobile=&#8221;&#8221; rt_border_left_mobile=&#8221;&#8221; rt_border_right_mobile=&#8221;&#8221; rt_bg_image_repeat=&#8221;repeat&#8221; rt_bg_size=&#8221;auto auto&#8221; rt_bg_position=&#8221;right top&#8221; rt_bg_attachment=&#8221;scroll&#8221;][vc_single_image image=&#8221;117&#8243; img_size=&#8221;full&#8221; alignment=&#8221;right&#8221;][\/vc_column][\/vc_row]<\/p>\n","protected":false},"excerpt":{"rendered":"<p>[vc_row rt_row_background_width=&#8221;default&#8221; rt_row_style=&#8221;default-style&#8221; rt_row_borders=&#8221;&#8221; rt_row_paddings=&#8221;true&#8221; rt_bg_effect=&#8221;classic&#8221; rt_bg_image_repeat=&#8221;repeat&#8221; rt_bg_size=&#8221;cover&#8221; rt_bg_position=&#8221;right top&#8221; rt_bg_attachment=&#8221;scroll&#8221; rt_bg_video_format=&#8221;self-hosted&#8221;][vc_column width=&#8221;2\/3&#8243; rt_wrp_col_paddings=&#8221;false&#8221; rt_border_top=&#8221;&#8221; rt_border_bottom=&#8221;&#8221; rt_border_left=&#8221;&#8221; rt_border_right=&#8221;&#8221; rt_border_top_mobile=&#8221;&#8221; rt_border_bottom_mobile=&#8221;&#8221; rt_border_left_mobile=&#8221;&#8221; rt_border_right_mobile=&#8221;&#8221; rt_bg_image_repeat=&#8221;repeat&#8221; rt_bg_size=&#8221;auto auto&#8221; rt_bg_position=&#8221;right top&#8221; rt_bg_attachment=&#8221;scroll&#8221;][vc_column_text]Anka Kimya desgany\u0148 gurlu\u015fygynda zerur bolan enjamlary we gurallary wagty we baha bo\u00fdun\u00e7a tyg\u015fytlamak maksady bilen ulanylan enjamlary\u0148 bazaryny yzarlap, size la\u00fdyk bolanlaryny kesgitle\u00fd\u00e4r. \u015eol sanda h\u00fcn\u00e4rmen toparymyz [&hellip;]<\/p>\n","protected":false},"author":1,"featured_media":0,"parent":0,"menu_order":0,"comment_status":"closed","ping_status":"closed","template":"","meta":{"footnotes":""},"class_list":["post-264","page","type-page","status-publish","hentry"],"_links":{"self":[{"href":"https:\/\/wetwipesolution.com\/tm\/wp-json\/wp\/v2\/pages\/264","targetHints":{"allow":["GET"]}}],"collection":[{"href":"https:\/\/wetwipesolution.com\/tm\/wp-json\/wp\/v2\/pages"}],"about":[{"href":"https:\/\/wetwipesolution.com\/tm\/wp-json\/wp\/v2\/types\/page"}],"author":[{"embeddable":true,"href":"https:\/\/wetwipesolution.com\/tm\/wp-json\/wp\/v2\/users\/1"}],"replies":[{"embeddable":true,"href":"https:\/\/wetwipesolution.com\/tm\/wp-json\/wp\/v2\/comments?post=264"}],"version-history":[{"count":1,"href":"https:\/\/wetwipesolution.com\/tm\/wp-json\/wp\/v2\/pages\/264\/revisions"}],"predecessor-version":[{"id":265,"href":"https:\/\/wetwipesolution.com\/tm\/wp-json\/wp\/v2\/pages\/264\/revisions\/265"}],"wp:attachment":[{"href":"https:\/\/wetwipesolution.com\/tm\/wp-json\/wp\/v2\/media?parent=264"}],"curies":[{"name":"wp","href":"https:\/\/api.w.org\/{rel}","templated":true}]}}