{"id":276,"date":"2017-10-25T05:38:02","date_gmt":"2017-10-25T02:38:02","guid":{"rendered":"http:\/\/wetwipesolution.com\/fason-uretim\/"},"modified":"2017-10-27T03:46:26","modified_gmt":"2017-10-27T00:46:26","slug":"fason-onumciligi","status":"publish","type":"page","link":"https:\/\/wetwipesolution.com\/tm\/fason-onumciligi\/","title":{"rendered":"FASON \u00d6N\u00dcM\u00c7\u0130L\u0130G\u0130"},"content":{"rendered":"<p>[vc_row rt_row_background_width=&#8221;default&#8221; rt_row_style=&#8221;default-style&#8221; rt_row_borders=&#8221;&#8221; rt_row_paddings=&#8221;true&#8221; rt_bg_effect=&#8221;classic&#8221; rt_bg_image_repeat=&#8221;repeat&#8221; rt_bg_size=&#8221;cover&#8221; rt_bg_position=&#8221;right top&#8221; rt_bg_attachment=&#8221;scroll&#8221; rt_bg_video_format=&#8221;self-hosted&#8221;][vc_column width=&#8221;2\/3&#8243; rt_wrp_col_paddings=&#8221;false&#8221; rt_border_top=&#8221;&#8221; rt_border_bottom=&#8221;&#8221; rt_border_left=&#8221;&#8221; rt_border_right=&#8221;&#8221; rt_border_top_mobile=&#8221;&#8221; rt_border_bottom_mobile=&#8221;&#8221; rt_border_left_mobile=&#8221;&#8221; rt_border_right_mobile=&#8221;&#8221; rt_bg_image_repeat=&#8221;repeat&#8221; rt_bg_size=&#8221;auto auto&#8221; rt_bg_position=&#8221;right top&#8221; rt_bg_attachment=&#8221;scroll&#8221;][vc_column_text]Rugsatlarymyza we desgalarymyza la\u00fdyk gel\u00fd\u00e4n fason \u00f6n\u00fcm\u00e7iligini amala a\u015fyryp boljak \u00f6n\u00fcmler:<\/p>\n<ul>\n<li>A\u00e7yk atyr (30-50-100ml) \u2013 Saglyk ministrligine\u00fd\u00fcz tutmak zerurlygy<\/li>\n<li>Galam atyr (5-8-20ml) \u2013 Saglyk ministrligine\u00fd\u00fcz tutmak zerurlygy<\/li>\n<li>Kolonya \u2013 Saglyk ministrligine\u00fd\u00fcz tutmak zerurlygy<\/li>\n<li>Bambuk ysy \u2013 S\u00f6wda we g\u00fcmr\u00fck ministrligine\u00fd\u00fcz tutmak zerurlygy<\/li>\n<li>Otag we ulag atyry \u2013 S\u00f6wda we g\u00fcmr\u00fck ministrligine\u00fd\u00fcz tutmak zerurlygy<\/li>\n<li>Teker\u00fdalpyldadyjy \u2013 S\u00f6wda we g\u00fcmr\u00fck ministrligine\u00fd\u00fcz tutmak zerurlygy<\/li>\n<li>Torpeda \u00fdalpyldadyjy \u2013 S\u00f6wda we g\u00fcmr\u00fck ministrligine\u00fd\u00fcz tutmak zerurlygy<\/li>\n<li>Tekerin gur\u015fawyny \u00fdalpyldadyjy \u2013 S\u00f6wda we g\u00fcmr\u00fck ministrligine\u00fd\u00fcz tutmak zerurlygy<\/li>\n<li>Motor arassala\u00fdjy we \u00fdalpyldadyjy \u00fdag- S\u00f6wda we g\u00fcmr\u00fck ministrligine\u00fd\u00fcz tutmak zerurlygy<\/li>\n<li>K\u00f6p\u00fcrjikli gubkasyz ulag \u00fduwmak \u00fc\u00e7in\u00fdag \u2013 S\u00f6wda we g\u00fcmr\u00fck ministrligine\u00fd\u00fcz tutmak zerurlygy<\/li>\n<li>Ulag \u015fampuny \u2013 S\u00f6wda we g\u00fcmr\u00fck ministrligine \u00fd\u00fcz tutmak zerurlygy<\/li>\n<li>Lakly ulag \u015fampuny -S\u00f6wda we g\u00fcmr\u00fck ministrligine\u00fd\u00fcz tutmak zerurlygy<\/li>\n<li>Benzin \u00fc\u00e7in go\u015fundy -S\u00f6wda we g\u00fcmr\u00fck ministrligine\u00fd\u00fcz tutmak zerurlygy<\/li>\n<li>Mazut go\u015fundy -S\u00f6wda we g\u00fcmr\u00fck ministrligine\u00fd\u00fcz tutmak zerurlygy<\/li>\n<li>In\u00fdektor arassalayjy \u2013 S\u00f6wda we g\u00fcmr\u00fck ministrligine\u00fd\u00fcz tutmak zerurlygy<\/li>\n<li>Bor go\u015fundyly motor go\u015fundysy -S\u00f6wda we g\u00fcmr\u00fck ministrligine\u00fd\u00fcz tutmak zerurlygy<\/li>\n<li>In\u00e7e \u00e7yzgy a\u00fdyryjy pasta \u2013 S\u00f6wda we g\u00fcmr\u00fck ministrligine\u00fd\u00fcz tutmak zerurlygy<\/li>\n<li>Galy\u0148 \u00e7yzgylary a\u00fdyryjy pasta<\/li>\n<li>Tolkunly \u015fekilleri a\u00fdyryjy pasta \u2013 S\u00f6wda we g\u00fcmr\u00fck ministrligine\u00fd\u00fcz tutmak zerurlygy<\/li>\n<li>Teflon lak-S\u00f6wda we g\u00fcmr\u00fck ministrligine\u00fd\u00fcz tutmak zerurlygy<\/li>\n<li>Bo\u00fdag gora\u00fdjy \u2013 S\u00f6wda we g\u00fcmr\u00fck ministrligine\u00fd\u00fcz tutmak zerurlygy<\/li>\n<li>\u00ddokary \u00fdalpyldy ber\u00fd\u00e4n Showroom lagy \u2013 S\u00f6wda we g\u00fcmr\u00fck ministrligine\u00fd\u00fcz tutmak zerurlygy<\/li>\n<li>\u00ddag\u015fy a\u00fdyr\u00fdan \u00fdag \u2013 S\u00f6wda we g\u00fcmr\u00fck ministrligine\u00fd\u00fcz tutmak zerurlygy<\/li>\n<li>Buz ered\u00fd\u00e4n\u00fdag- S\u00f6wda we g\u00fcmr\u00fck ministrligine\u00fd\u00fcz tutmak zerurlygy<\/li>\n<li>\u00c7alt t\u00e4sir ed\u00fd\u00e4n lak -S\u00f6wda we g\u00fcmr\u00fck ministrligine \u00fd\u00fcz tutmak zerurlygy<\/li>\n<li>Smola we bitum a\u00fdyr\u00fdan \u00fdag-S\u00f6wda we g\u00fcmr\u00fck ministrligine \u00fd\u00fcz tutmak zerurlygy<\/li>\n<li>Deri g\u00f6zeg\u00e7ilik we \u00fdalpyldadyjy \u00fdag \u2013 S\u00f6wda we g\u00fcmr\u00fck ministrligine \u00fd\u00fcz tutmak zerurlygy<\/li>\n<li>Bugun \u00f6\u0148\u00fcni al\u00fdan \u00fdag- S\u00f6wda we g\u00fcmr\u00fck ministrligine \u00fd\u00fcz tutmak zerurlygy<\/li>\n<li>A\u00fdna arassala\u00fdan \u00fdag-S\u00f6wda we g\u00fcmr\u00fck ministrligine \u00fd\u00fcz tutmak zerurlygy<\/li>\n<li>Gini\u015fle\u00fdin i\u00e7erini arassala\u00fdjy \u00fdag- S\u00f6wda we g\u00fcmr\u00fck ministrligine \u00fd\u00fcz tutmak zerurlygy<\/li>\n<li>Tomusda ulanyl\u00fdan a\u00fdna suwy (spirtli) \u2013 S\u00f6wda we g\u00fcmr\u00fck ministrligine \u00fd\u00fcz tutmak zerurlygy<\/li>\n<li>T\u00fcrki\u00fde birinji gezek. Tomusda ulanyl\u00fdan a\u00fdna suwy (spirtsiz) \u2013 S\u00f6wda we g\u00fcmr\u00fck ministrligine \u00fd\u00fcz tutmak zerurlygy<\/li>\n<li>Gy\u015fda ulanyl\u00fdan a\u00fdna suwy \u2013 20 (spirtli) \u2013 S\u00f6wda we g\u00fcmr\u00fck ministrligine \u00fd\u00fcz tutmak zerurlygy<\/li>\n<li>Gy\u015fda ulanyl\u00fdan a\u00fdna suwy \u2013 30 (spirtli) \u2013 S\u00f6wda we g\u00fcmr\u00fck ministrligine \u00fd\u00fcz tutmak zerurlygy<\/li>\n<li>Gy\u015fda ulanyl\u00fdan a\u00fdna suwy \u2013 40 (spirtli) \u2013 S\u00f6wda we g\u00fcmr\u00fck ministrligine \u00fd\u00fcz tutmak zerurlygy<\/li>\n<li>T\u00fcrki\u00fde birinji gezek. Gy\u015fda ulanyl\u00fdan a\u00fdna suwy \u2013 20 (spirtsiz) \u2013 S\u00f6wda we g\u00fcmr\u00fck ministrligine \u00fd\u00fcz tutmak zerurlygy<\/li>\n<li>T\u00fcrki\u00fde birinji gezek. Gy\u015fda ulanyl\u00fdan a\u00fdna suwy \u2013 30 (spirtsiz) \u2013 S\u00f6wda we g\u00fcmr\u00fck ministrligine \u00fd\u00fcz tutmak zerurlygy<\/li>\n<li>T\u00fcrki\u00fde birinji gezek. Gy\u015fda ulanyl\u00fdan a\u00fdna suwy \u2013 40 (spirtsiz) \u2013 S\u00f6wda we g\u00fcmr\u00fck ministrligine \u00fd\u00fcz tutmak zerurlygy<\/li>\n<li>Arassa suw<\/li>\n<li>Akkumul\u00fdator kislotasy<\/li>\n<li>Bir gezeklik ulanyl\u00fdan sinek kow\u00fdan a\u00fdna \u015fampuny \u2013 S\u00f6wda we g\u00fcmr\u00fck ministrligine \u00fd\u00fcz tutmak zerurlygy<\/li>\n<li>Gijikdiry\u00e4n p\u00fcrkg\u00fc\u00e7 \u2013 Saglyk ministrligine \u00fd\u00fcz tutmak zerurlygy<\/li>\n<li>Typdyryan p\u00fcrkg\u00fc\u00e7 \u2013 Saglyk ministrligine \u00fd\u00fcz tutmak zerurlygy<\/li>\n<li>Feromon S\u00f6\u00fdgi atyry \u2013 Saglyk ministrligine \u00fd\u00fcz tutmak zerurlygy<\/li>\n<li>Ulag we kosmetika toparyndaky sanawda bolma\u00fdan \u00e4hli \u00f6n\u00fcmleri\u0148 \u00f6n\u00fcm\u00e7iligini amala a\u015fyr\u00fd<\/li>\n<li>Nano-tehnologi\u00fda motor gorag \u00f6n\u00fcmi -S\u00f6wda we g\u00fcmr\u00fck ministrligine \u00fd\u00fcz tutmak zerurlygy<\/li>\n<li>Nano-tehnologi\u00fda plastmassa, winil b\u00f6lekleri gora\u00fdjy \u00f6n\u00fcm \u2013 S\u00f6wda we g\u00fcmr\u00fck ministrligine \u00fd\u00fcz tutmak zerurlygy<\/li>\n<li>Nano-tehnologi\u00fda a\u00fdna gora\u00fdy\u015f \u00f6n\u00fcmi \u2013 S\u00f6wda we g\u00fcmr\u00fck ministrligine \u00fd\u00fcz tutmak zerurlygy<\/li>\n<li>Nano-tehnologi\u00fda mata gora\u00fdy\u015f \u00f6n\u00fcmi \u2013 S\u00f6wda we g\u00fcmr\u00fck ministrligine \u00fd\u00fcz tutmak zerurlygy<\/li>\n<li>Nano-tehnologi\u00fda keramiki enjamlary gora\u00fdjy \u00f6n\u00fcmi \u2013 S\u00f6wda we g\u00fcmr\u00fck ministrligine \u00fd\u00fcz tutmak zerurlygy<\/li>\n<li>\u00c7yg esgi g\u00f6rn\u00fc\u015fleri \u2013 Saglyk ministrligine \u00fd\u00fcz tutmak zerurlygy<\/li>\n<\/ul>\n<p>Fason \u00f6n\u00fcmi\u0148 \u00f6nd\u00fcrilmegini talap ed\u00fd\u00e4n kompani\u00fdada bolmagy zerur bolan resminamalar<\/p>\n<ol>\n<li>\u015eertnamaly jogapk\u00e4r\u00e7ilikli m\u00fcdir<\/li>\n<li>Dogry synpda amala a\u015fyryl\u00fdan kysym hasaba aly\u015f resminamasy<\/li>\n<li>Fason \u015fertnamasy (notarius tarapyndan tassyklanan)<\/li>\n<\/ol>\n<p><strong>Bellik:<\/strong>\u00a0Ylala\u015fyk we \u00fd\u00fcz tutmalar berlenden so\u0148ra \u00e4hli \u00f6n\u00fcmleri\u0148 resminamalaryny\u0148 bir nusgasy Kompani\u00fdamyzda bolmaly.<\/p>\n<p>Fason \u00f6n\u00fcm\u00e7iligini amala a\u015fyr\u00fdan kompani\u00fdada zerur bolan resminamalar:<\/p>\n<ol>\n<li>Ba\u015fga arassa\u00e7ylyk gurama\u00e7ylygyny\u0148 rugsatnamasy<\/li>\n<li>M\u00f6\u00e7berini\u0148 kepilnamasy<\/li>\n<li>Saglyk ministrligini\u0148 g\u00f6z \u00f6\u0148\u00fcnde tut\u00fdan g\u00f6rn\u00fc\u015finde kadala\u015fdyrylan gurlu\u015f<\/li>\n<li>Jogapk\u00e4r m\u00fcdir<\/li>\n<li>Himi\u00fda i\u015fg\u00e4ri<\/li>\n<li>\u00ddangyn m\u00fcdirligini\u0148 kepilnamasy<\/li>\n<li>Saglyk ministrligini\u0148 g\u00f6z \u00f6\u0148\u00fcnde tut\u00fdan g\u00f6rn\u00fc\u015finde ta\u00fd\u00fdarlanan BARLAGHANA<\/li>\n<\/ol>\n<p><strong>Bellik:<\/strong>\u00a0Fason haryt \u00f6nd\u00fcrilmegini talap ed\u00fd\u00e4n kompani\u00fda ylala\u015fygy\u0148 go\u015fundysynda g\u00f6rkezily\u00e4n resminamalary\u0148 \u00e4hlisini \u00f6nd\u00fcriji kompan\u00fdidan talap etm\u00e4ge jogapk\u00e4r bolup dur\u00fdar, \u00fdetme\u00fd\u00e4n we bolmadyk resminamalardan birme\u0148ze\u015f g\u00f6rn\u00fc\u015fde fason \u00f6nd\u00fcry\u00e4n kompani\u00fda jogapk\u00e4r bolup dur\u00fdar.[\/vc_column_text][\/vc_column][vc_column width=&#8221;1\/3&#8243; rt_wrp_col_paddings=&#8221;false&#8221; rt_border_top=&#8221;&#8221; rt_border_bottom=&#8221;&#8221; rt_border_left=&#8221;&#8221; rt_border_right=&#8221;&#8221; rt_border_top_mobile=&#8221;&#8221; rt_border_bottom_mobile=&#8221;&#8221; rt_border_left_mobile=&#8221;&#8221; rt_border_right_mobile=&#8221;&#8221; rt_bg_image_repeat=&#8221;repeat&#8221; rt_bg_size=&#8221;auto auto&#8221; rt_bg_position=&#8221;right top&#8221; rt_bg_attachment=&#8221;scroll&#8221;][vc_single_image image=&#8221;180&#8243; img_size=&#8221;full&#8221; alignment=&#8221;center&#8221;][\/vc_column][\/vc_row]<\/p>\n","protected":false},"excerpt":{"rendered":"<p>[vc_row rt_row_background_width=&#8221;default&#8221; rt_row_style=&#8221;default-style&#8221; rt_row_borders=&#8221;&#8221; rt_row_paddings=&#8221;true&#8221; rt_bg_effect=&#8221;classic&#8221; rt_bg_image_repeat=&#8221;repeat&#8221; rt_bg_size=&#8221;cover&#8221; rt_bg_position=&#8221;right top&#8221; rt_bg_attachment=&#8221;scroll&#8221; rt_bg_video_format=&#8221;self-hosted&#8221;][vc_column width=&#8221;2\/3&#8243; rt_wrp_col_paddings=&#8221;false&#8221; rt_border_top=&#8221;&#8221; rt_border_bottom=&#8221;&#8221; rt_border_left=&#8221;&#8221; rt_border_right=&#8221;&#8221; rt_border_top_mobile=&#8221;&#8221; rt_border_bottom_mobile=&#8221;&#8221; rt_border_left_mobile=&#8221;&#8221; rt_border_right_mobile=&#8221;&#8221; rt_bg_image_repeat=&#8221;repeat&#8221; rt_bg_size=&#8221;auto auto&#8221; rt_bg_position=&#8221;right top&#8221; rt_bg_attachment=&#8221;scroll&#8221;][vc_column_text]Rugsatlarymyza we desgalarymyza la\u00fdyk gel\u00fd\u00e4n fason \u00f6n\u00fcm\u00e7iligini amala a\u015fyryp boljak \u00f6n\u00fcmler: A\u00e7yk atyr (30-50-100ml) \u2013 Saglyk ministrligine\u00fd\u00fcz tutmak zerurlygy Galam atyr (5-8-20ml) \u2013 Saglyk ministrligine\u00fd\u00fcz tutmak zerurlygy Kolonya [&hellip;]<\/p>\n","protected":false},"author":1,"featured_media":0,"parent":0,"menu_order":0,"comment_status":"closed","ping_status":"closed","template":"","meta":{"footnotes":""},"class_list":["post-276","page","type-page","status-publish","hentry"],"_links":{"self":[{"href":"https:\/\/wetwipesolution.com\/tm\/wp-json\/wp\/v2\/pages\/276","targetHints":{"allow":["GET"]}}],"collection":[{"href":"https:\/\/wetwipesolution.com\/tm\/wp-json\/wp\/v2\/pages"}],"about":[{"href":"https:\/\/wetwipesolution.com\/tm\/wp-json\/wp\/v2\/types\/page"}],"author":[{"embeddable":true,"href":"https:\/\/wetwipesolution.com\/tm\/wp-json\/wp\/v2\/users\/1"}],"replies":[{"embeddable":true,"href":"https:\/\/wetwipesolution.com\/tm\/wp-json\/wp\/v2\/comments?post=276"}],"version-history":[{"count":1,"href":"https:\/\/wetwipesolution.com\/tm\/wp-json\/wp\/v2\/pages\/276\/revisions"}],"predecessor-version":[{"id":277,"href":"https:\/\/wetwipesolution.com\/tm\/wp-json\/wp\/v2\/pages\/276\/revisions\/277"}],"wp:attachment":[{"href":"https:\/\/wetwipesolution.com\/tm\/wp-json\/wp\/v2\/media?parent=276"}],"curies":[{"name":"wp","href":"https:\/\/api.w.org\/{rel}","templated":true}]}}