{"id":490,"date":"2017-10-25T00:13:31","date_gmt":"2017-10-24T21:13:31","guid":{"rendered":"http:\/\/wetwipesolution.com\/ornek-sayfa\/"},"modified":"2017-11-17T03:15:32","modified_gmt":"2017-11-17T00:15:32","slug":"ornek-sayfa","status":"publish","type":"page","link":"https:\/\/wetwipesolution.com\/tm\/","title":{"rendered":"BA\u015e SAHYPA"},"content":{"rendered":"<p>[vc_row rt_row_background_width=&#8221;fullwidth&#8221; rt_row_content_width=&#8221;fullwidth&#8221; rt_row_style=&#8221;default-style&#8221; rt_row_borders=&#8221;&#8221; rt_row_paddings=&#8221;true&#8221; rt_bg_effect=&#8221;classic&#8221; rt_bg_image_repeat=&#8221;repeat&#8221; rt_bg_size=&#8221;cover&#8221; rt_bg_position=&#8221;right top&#8221; rt_bg_attachment=&#8221;scroll&#8221; rt_bg_video_format=&#8221;self-hosted&#8221;][vc_column rt_wrp_col_paddings=&#8221;false&#8221; rt_border_top=&#8221;&#8221; rt_border_bottom=&#8221;&#8221; rt_border_left=&#8221;&#8221; rt_border_right=&#8221;&#8221; rt_border_top_mobile=&#8221;&#8221; rt_border_bottom_mobile=&#8221;&#8221; rt_border_left_mobile=&#8221;&#8221; rt_border_right_mobile=&#8221;&#8221; rt_bg_image_repeat=&#8221;repeat&#8221; rt_bg_size=&#8221;auto auto&#8221; rt_bg_position=&#8221;right top&#8221; rt_bg_attachment=&#8221;scroll&#8221;][rev_slider_vc alias=&#8221;turkmen-home&#8221;][vc_empty_space][vc_empty_space][vc_row_inner rt_row_style=&#8221;global-style&#8221; rt_row_borders=&#8221;&#8221; rt_row_paddings=&#8221;true&#8221; rt_bg_effect=&#8221;classic&#8221; rt_bg_image_repeat=&#8221;repeat&#8221; rt_bg_size=&#8221;cover&#8221; rt_bg_position=&#8221;right top&#8221; rt_bg_attachment=&#8221;scroll&#8221; rt_bg_video_format=&#8221;self-hosted&#8221;][vc_column_inner width=&#8221;1\/6&#8243; rt_wrp_col_paddings=&#8221;false&#8221; rt_border_top=&#8221;&#8221; rt_border_bottom=&#8221;&#8221; rt_border_left=&#8221;&#8221; rt_border_right=&#8221;&#8221; rt_border_top_mobile=&#8221;&#8221; rt_border_bottom_mobile=&#8221;&#8221; rt_border_left_mobile=&#8221;&#8221; rt_border_right_mobile=&#8221;&#8221; rt_bg_image_repeat=&#8221;repeat&#8221; rt_bg_size=&#8221;auto auto&#8221; rt_bg_position=&#8221;right top&#8221; rt_bg_attachment=&#8221;scroll&#8221;][vc_custom_heading text=&#8221;\u00d6N\u00dcMLER\u0130<br \/>\n&#8221; font_container=&#8221;tag:h6|text_align:center&#8221; use_theme_fonts=&#8221;yes&#8221; link=&#8221;url:http%3A%2F%2Fwetwipesolution.com%2Ftm%2Fonumleri%2F|||&#8221;][vc_single_image image=&#8221;472&#8243; img_size=&#8221;full&#8221; alignment=&#8221;center&#8221; style=&#8221;vc_box_shadow_border&#8221; onclick=&#8221;custom_link&#8221; css_animation=&#8221;bounceInUp&#8221; link=&#8221;http:\/\/wetwipesolution.com\/tm\/onumleri\/&#8221;][\/vc_column_inner][vc_column_inner width=&#8221;1\/6&#8243; rt_wrp_col_paddings=&#8221;false&#8221; rt_border_top=&#8221;&#8221; rt_border_bottom=&#8221;&#8221; rt_border_left=&#8221;&#8221; rt_border_right=&#8221;&#8221; rt_border_top_mobile=&#8221;&#8221; rt_border_bottom_mobile=&#8221;&#8221; rt_border_left_mobile=&#8221;&#8221; rt_border_right_mobile=&#8221;&#8221; rt_bg_image_repeat=&#8221;repeat&#8221; rt_bg_size=&#8221;auto auto&#8221; rt_bg_position=&#8221;right top&#8221; rt_bg_attachment=&#8221;scroll&#8221;][vc_custom_heading text=&#8221;EFIR \u00ddAGLARYMYZ&#8221; font_container=&#8221;tag:h6|text_align:center&#8221; use_theme_fonts=&#8221;yes&#8221; link=&#8221;url:http%3A%2F%2Fwetwipesolution.com%2Ftm%2Fefir-yaglarymyz%2F|||&#8221;][vc_single_image image=&#8221;473&#8243; img_size=&#8221;full&#8221; alignment=&#8221;center&#8221; style=&#8221;vc_box_shadow_border&#8221; onclick=&#8221;custom_link&#8221; css_animation=&#8221;bounceInUp&#8221; link=&#8221;http:\/\/wetwipesolution.com\/tm\/efir-yaglarymyz\/&#8221;][\/vc_column_inner][vc_column_inner width=&#8221;1\/6&#8243; rt_wrp_col_paddings=&#8221;false&#8221; rt_border_top=&#8221;&#8221; rt_border_bottom=&#8221;&#8221; rt_border_left=&#8221;&#8221; rt_border_right=&#8221;&#8221; rt_border_top_mobile=&#8221;&#8221; rt_border_bottom_mobile=&#8221;&#8221; rt_border_left_mobile=&#8221;&#8221; rt_border_right_mobile=&#8221;&#8221; rt_bg_image_repeat=&#8221;repeat&#8221; rt_bg_size=&#8221;auto auto&#8221; rt_bg_position=&#8221;right top&#8221; rt_bg_attachment=&#8221;scroll&#8221;][vc_custom_heading text=&#8221;GAPLAMA&#8221; font_container=&#8221;tag:h6|text_align:center&#8221; use_theme_fonts=&#8221;yes&#8221; link=&#8221;url:http%3A%2F%2Fwetwipesolution.com%2Ftm%2Fgaplama%2F|||&#8221;][vc_single_image image=&#8221;474&#8243; img_size=&#8221;full&#8221; alignment=&#8221;center&#8221; style=&#8221;vc_box_shadow_border&#8221; onclick=&#8221;custom_link&#8221; css_animation=&#8221;bounceInUp&#8221; link=&#8221;http:\/\/wetwipesolution.com\/tm\/gaplama\/&#8221;][\/vc_column_inner][vc_column_inner width=&#8221;1\/6&#8243; rt_wrp_col_paddings=&#8221;false&#8221; rt_border_top=&#8221;&#8221; rt_border_bottom=&#8221;&#8221; rt_border_left=&#8221;&#8221; rt_border_right=&#8221;&#8221; rt_border_top_mobile=&#8221;&#8221; rt_border_bottom_mobile=&#8221;&#8221; rt_border_left_mobile=&#8221;&#8221; rt_border_right_mobile=&#8221;&#8221; rt_bg_image_repeat=&#8221;repeat&#8221; rt_bg_size=&#8221;auto auto&#8221; rt_bg_position=&#8221;right top&#8221; rt_bg_attachment=&#8221;scroll&#8221;][vc_custom_heading text=&#8221;ETIKETKA&#8221; font_container=&#8221;tag:h6|text_align:center&#8221; use_theme_fonts=&#8221;yes&#8221; link=&#8221;url:http%3A%2F%2Fwetwipesolution.com%2Ftm%2Fetiketka%2F|||&#8221;][vc_single_image image=&#8221;479&#8243; img_size=&#8221;full&#8221; alignment=&#8221;center&#8221; style=&#8221;vc_box_shadow_border&#8221; onclick=&#8221;custom_link&#8221; css_animation=&#8221;bounceInUp&#8221; link=&#8221;http:\/\/wetwipesolution.com\/tm\/etiketka\/&#8221;][\/vc_column_inner][vc_column_inner width=&#8221;1\/6&#8243; rt_wrp_col_paddings=&#8221;false&#8221; rt_border_top=&#8221;&#8221; rt_border_bottom=&#8221;&#8221; rt_border_left=&#8221;&#8221; rt_border_right=&#8221;&#8221; rt_border_top_mobile=&#8221;&#8221; rt_border_bottom_mobile=&#8221;&#8221; rt_border_left_mobile=&#8221;&#8221; rt_border_right_mobile=&#8221;&#8221; rt_bg_image_repeat=&#8221;repeat&#8221; rt_bg_size=&#8221;auto auto&#8221; rt_bg_position=&#8221;right top&#8221; rt_bg_attachment=&#8221;scroll&#8221;][vc_custom_heading text=&#8221;DA\u015eLYKLARYMYZ&#8221; font_container=&#8221;tag:h6|text_align:center&#8221; use_theme_fonts=&#8221;yes&#8221; link=&#8221;url:http%3A%2F%2Fwetwipesolution.com%2Ftm%2Fdaslyklarymyz%2F|||&#8221;][vc_single_image image=&#8221;480&#8243; img_size=&#8221;full&#8221; alignment=&#8221;center&#8221; style=&#8221;vc_box_shadow_border&#8221; onclick=&#8221;custom_link&#8221; css_animation=&#8221;bounceInUp&#8221; link=&#8221;http:\/\/wetwipesolution.com\/tm\/daslyklarymyz\/&#8221;][\/vc_column_inner][vc_column_inner width=&#8221;1\/6&#8243; rt_wrp_col_paddings=&#8221;false&#8221; rt_border_top=&#8221;&#8221; rt_border_bottom=&#8221;&#8221; rt_border_left=&#8221;&#8221; rt_border_right=&#8221;&#8221; rt_border_top_mobile=&#8221;&#8221; rt_border_bottom_mobile=&#8221;&#8221; rt_border_left_mobile=&#8221;&#8221; rt_border_right_mobile=&#8221;&#8221; rt_bg_image_repeat=&#8221;repeat&#8221; rt_bg_size=&#8221;auto auto&#8221; rt_bg_position=&#8221;right top&#8221; rt_bg_attachment=&#8221;scroll&#8221;][vc_custom_heading text=&#8221;MATA BOLMADYK&#8221; font_container=&#8221;tag:h6|text_align:center&#8221; use_theme_fonts=&#8221;yes&#8221; link=&#8221;url:http%3A%2F%2Fwetwipesolution.com%2Ftm%2Fmata-bolmadyk-onumler%2F|||&#8221;][vc_single_image image=&#8221;481&#8243; img_size=&#8221;full&#8221; alignment=&#8221;center&#8221; style=&#8221;vc_box_shadow_border&#8221; onclick=&#8221;custom_link&#8221; css_animation=&#8221;bounceInUp&#8221; link=&#8221;http:\/\/wetwipesolution.com\/tm\/mata-bolmadyk-onumler\/&#8221;][\/vc_column_inner][\/vc_row_inner][\/vc_column][\/vc_row]<\/p>\n","protected":false},"excerpt":{"rendered":"<p>[vc_row rt_row_background_width=&#8221;fullwidth&#8221; rt_row_content_width=&#8221;fullwidth&#8221; rt_row_style=&#8221;default-style&#8221; rt_row_borders=&#8221;&#8221; rt_row_paddings=&#8221;true&#8221; rt_bg_effect=&#8221;classic&#8221; rt_bg_image_repeat=&#8221;repeat&#8221; rt_bg_size=&#8221;cover&#8221; rt_bg_position=&#8221;right top&#8221; rt_bg_attachment=&#8221;scroll&#8221; rt_bg_video_format=&#8221;self-hosted&#8221;][vc_column rt_wrp_col_paddings=&#8221;false&#8221; rt_border_top=&#8221;&#8221; rt_border_bottom=&#8221;&#8221; rt_border_left=&#8221;&#8221; rt_border_right=&#8221;&#8221; rt_border_top_mobile=&#8221;&#8221; rt_border_bottom_mobile=&#8221;&#8221; rt_border_left_mobile=&#8221;&#8221; rt_border_right_mobile=&#8221;&#8221; rt_bg_image_repeat=&#8221;repeat&#8221; rt_bg_size=&#8221;auto auto&#8221; rt_bg_position=&#8221;right top&#8221; rt_bg_attachment=&#8221;scroll&#8221;][rev_slider_vc alias=&#8221;turkmen-home&#8221;][vc_empty_space][vc_empty_space][vc_row_inner rt_row_style=&#8221;global-style&#8221; rt_row_borders=&#8221;&#8221; rt_row_paddings=&#8221;true&#8221; rt_bg_effect=&#8221;classic&#8221; rt_bg_image_repeat=&#8221;repeat&#8221; rt_bg_size=&#8221;cover&#8221; rt_bg_position=&#8221;right top&#8221; rt_bg_attachment=&#8221;scroll&#8221; rt_bg_video_format=&#8221;self-hosted&#8221;][vc_column_inner width=&#8221;1\/6&#8243; rt_wrp_col_paddings=&#8221;false&#8221; rt_border_top=&#8221;&#8221; rt_border_bottom=&#8221;&#8221; rt_border_left=&#8221;&#8221; rt_border_right=&#8221;&#8221; rt_border_top_mobile=&#8221;&#8221; rt_border_bottom_mobile=&#8221;&#8221; rt_border_left_mobile=&#8221;&#8221; rt_border_right_mobile=&#8221;&#8221; rt_bg_image_repeat=&#8221;repeat&#8221; rt_bg_size=&#8221;auto auto&#8221; rt_bg_position=&#8221;right top&#8221; rt_bg_attachment=&#8221;scroll&#8221;][vc_custom_heading [&hellip;]<\/p>\n","protected":false},"author":1,"featured_media":0,"parent":0,"menu_order":0,"comment_status":"closed","ping_status":"open","template":"","meta":{"footnotes":""},"class_list":["post-490","page","type-page","status-publish","hentry"],"_links":{"self":[{"href":"https:\/\/wetwipesolution.com\/tm\/wp-json\/wp\/v2\/pages\/490","targetHints":{"allow":["GET"]}}],"collection":[{"href":"https:\/\/wetwipesolution.com\/tm\/wp-json\/wp\/v2\/pages"}],"about":[{"href":"https:\/\/wetwipesolution.com\/tm\/wp-json\/wp\/v2\/types\/page"}],"author":[{"embeddable":true,"href":"https:\/\/wetwipesolution.com\/tm\/wp-json\/wp\/v2\/users\/1"}],"replies":[{"embeddable":true,"href":"https:\/\/wetwipesolution.com\/tm\/wp-json\/wp\/v2\/comments?post=490"}],"version-history":[{"count":9,"href":"https:\/\/wetwipesolution.com\/tm\/wp-json\/wp\/v2\/pages\/490\/revisions"}],"predecessor-version":[{"id":513,"href":"https:\/\/wetwipesolution.com\/tm\/wp-json\/wp\/v2\/pages\/490\/revisions\/513"}],"wp:attachment":[{"href":"https:\/\/wetwipesolution.com\/tm\/wp-json\/wp\/v2\/media?parent=490"}],"curies":[{"name":"wp","href":"https:\/\/api.w.org\/{rel}","templated":true}]}}