{"id":108,"date":"2017-10-25T05:03:22","date_gmt":"2017-10-25T02:03:22","guid":{"rendered":"http:\/\/wetwipesolution.com?page_id=108"},"modified":"2017-10-25T05:03:22","modified_gmt":"2017-10-25T02:03:22","slug":"egitim-hizmeti","status":"publish","type":"page","link":"https:\/\/wetwipesolution.com\/tr\/egitim-hizmeti\/","title":{"rendered":"E\u011fitim Hizmeti"},"content":{"rendered":"<p>[vc_row rt_row_background_width=&#8221;default&#8221; rt_row_style=&#8221;default-style&#8221; rt_row_borders=&#8221;&#8221; rt_row_paddings=&#8221;true&#8221; rt_bg_effect=&#8221;classic&#8221; rt_bg_image_repeat=&#8221;repeat&#8221; rt_bg_size=&#8221;cover&#8221; rt_bg_position=&#8221;right top&#8221; rt_bg_attachment=&#8221;scroll&#8221; rt_bg_video_format=&#8221;self-hosted&#8221;][vc_column width=&#8221;1\/3&#8243; rt_wrp_col_paddings=&#8221;false&#8221; rt_border_top=&#8221;&#8221; rt_border_bottom=&#8221;&#8221; rt_border_left=&#8221;&#8221; rt_border_right=&#8221;&#8221; rt_border_top_mobile=&#8221;&#8221; rt_border_bottom_mobile=&#8221;&#8221; rt_border_left_mobile=&#8221;&#8221; rt_border_right_mobile=&#8221;&#8221; rt_bg_image_repeat=&#8221;repeat&#8221; rt_bg_size=&#8221;auto auto&#8221; rt_bg_position=&#8221;right top&#8221; rt_bg_attachment=&#8221;scroll&#8221;][vc_column_text]<\/p>\n<ul>\n<li>Tesis temizli\u011fi ve hijyeni,<\/li>\n<li>Sistem temizli\u011fi ve hijyeni,<\/li>\n<li>Laboratuvar\u00a0temizli\u011fi ve hijyeni,<\/li>\n<li>Laboratuvarda nas\u0131l giyinmeli ?<\/li>\n<li>Laboratuvar cihazlar\u0131n\u0131 tan\u0131yal\u0131m,<\/li>\n<li>Hangi cihazlar ne i\u015fe yarar,<\/li>\n<li>Hangi cihaz nas\u0131l kalibre edilir,<\/li>\n<li>Ka\u011f\u0131t bakteri ve mantar testi nas\u0131l yap\u0131l\u0131r ?<\/li>\n<li>Esans bakteri\u00a0ve mantar testi nas\u0131l yap\u0131l\u0131r ?<\/li>\n<li>Esans toplam kuru madde miktar\u0131 nas\u0131l tespit edilir ?<\/li>\n<\/ul>\n<p>[\/vc_column_text][\/vc_column][vc_column width=&#8221;1\/3&#8243; rt_wrp_col_paddings=&#8221;false&#8221; rt_border_top=&#8221;&#8221; rt_border_bottom=&#8221;&#8221; rt_border_left=&#8221;&#8221; rt_border_right=&#8221;&#8221; rt_border_top_mobile=&#8221;&#8221; rt_border_bottom_mobile=&#8221;&#8221; rt_border_left_mobile=&#8221;&#8221; rt_border_right_mobile=&#8221;&#8221; rt_bg_image_repeat=&#8221;repeat&#8221; rt_bg_size=&#8221;auto auto&#8221; rt_bg_position=&#8221;right top&#8221; rt_bg_attachment=&#8221;scroll&#8221;][vc_column_text]<\/p>\n<ul>\n<li>Sol\u00fcsyon bakteri ve mantar testi nas\u0131l yap\u0131l\u0131r ?<\/li>\n<li>Bitmi\u015f \u00fcr\u00fcn bakteri ve mantar testi nas\u0131l yap\u0131l\u0131r ?<\/li>\n<li>Ambalaj delemine testi nas\u0131l yap\u0131l\u0131r ?<\/li>\n<li>Etiket tutkal testi nas\u0131l yap\u0131l\u0131r ?<\/li>\n<li>Etiket mikron testi nas\u0131l yap\u0131l\u0131r ?<\/li>\n<li>Kapak gramaj testi nas\u0131l yap\u0131l\u0131r ?<\/li>\n<li>Kapak \u00e7apak testi nas\u0131l yap\u0131l\u0131r ?<\/li>\n<li>Bitmi\u015f \u00fcr\u00fcn \u015fartland\u0131rma testi ?<\/li>\n<li>Laboratuvar \u015fartnamesine g\u00f6re kurulum ve dizayn nas\u0131l olmal\u0131 ?<\/li>\n<\/ul>\n<p>[\/vc_column_text][\/vc_column][vc_column width=&#8221;1\/3&#8243; rt_wrp_col_paddings=&#8221;false&#8221; rt_border_top=&#8221;&#8221; rt_border_bottom=&#8221;&#8221; rt_border_left=&#8221;&#8221; rt_border_right=&#8221;&#8221; rt_border_top_mobile=&#8221;&#8221; rt_border_bottom_mobile=&#8221;&#8221; rt_border_left_mobile=&#8221;&#8221; rt_border_right_mobile=&#8221;&#8221; rt_bg_image_repeat=&#8221;repeat&#8221; rt_bg_size=&#8221;auto auto&#8221; rt_bg_position=&#8221;right top&#8221; rt_bg_attachment=&#8221;scroll&#8221;][vc_single_image image=&#8221;109&#8243; img_size=&#8221;full&#8221; alignment=&#8221;right&#8221;][\/vc_column][\/vc_row]<\/p>\n","protected":false},"excerpt":{"rendered":"<p>[vc_row rt_row_background_width=&#8221;default&#8221; rt_row_style=&#8221;default-style&#8221; rt_row_borders=&#8221;&#8221; rt_row_paddings=&#8221;true&#8221; rt_bg_effect=&#8221;classic&#8221; rt_bg_image_repeat=&#8221;repeat&#8221; rt_bg_size=&#8221;cover&#8221; rt_bg_position=&#8221;right top&#8221; rt_bg_attachment=&#8221;scroll&#8221; rt_bg_video_format=&#8221;self-hosted&#8221;][vc_column width=&#8221;1\/3&#8243; rt_wrp_col_paddings=&#8221;false&#8221; rt_border_top=&#8221;&#8221; rt_border_bottom=&#8221;&#8221; rt_border_left=&#8221;&#8221; rt_border_right=&#8221;&#8221; rt_border_top_mobile=&#8221;&#8221; rt_border_bottom_mobile=&#8221;&#8221; rt_border_left_mobile=&#8221;&#8221; rt_border_right_mobile=&#8221;&#8221; rt_bg_image_repeat=&#8221;repeat&#8221; rt_bg_size=&#8221;auto auto&#8221; rt_bg_position=&#8221;right top&#8221; rt_bg_attachment=&#8221;scroll&#8221;][vc_column_text] Tesis temizli\u011fi ve hijyeni, Sistem temizli\u011fi ve hijyeni, Laboratuvar\u00a0temizli\u011fi ve hijyeni, Laboratuvarda nas\u0131l giyinmeli ? Laboratuvar cihazlar\u0131n\u0131 tan\u0131yal\u0131m, Hangi cihazlar ne i\u015fe yarar, Hangi cihaz nas\u0131l kalibre [&hellip;]<\/p>\n","protected":false},"author":1,"featured_media":0,"parent":0,"menu_order":0,"comment_status":"closed","ping_status":"closed","template":"","meta":{"footnotes":""},"class_list":["post-108","page","type-page","status-publish","hentry"],"_links":{"self":[{"href":"https:\/\/wetwipesolution.com\/tr\/wp-json\/wp\/v2\/pages\/108","targetHints":{"allow":["GET"]}}],"collection":[{"href":"https:\/\/wetwipesolution.com\/tr\/wp-json\/wp\/v2\/pages"}],"about":[{"href":"https:\/\/wetwipesolution.com\/tr\/wp-json\/wp\/v2\/types\/page"}],"author":[{"embeddable":true,"href":"https:\/\/wetwipesolution.com\/tr\/wp-json\/wp\/v2\/users\/1"}],"replies":[{"embeddable":true,"href":"https:\/\/wetwipesolution.com\/tr\/wp-json\/wp\/v2\/comments?post=108"}],"version-history":[{"count":1,"href":"https:\/\/wetwipesolution.com\/tr\/wp-json\/wp\/v2\/pages\/108\/revisions"}],"predecessor-version":[{"id":110,"href":"https:\/\/wetwipesolution.com\/tr\/wp-json\/wp\/v2\/pages\/108\/revisions\/110"}],"wp:attachment":[{"href":"https:\/\/wetwipesolution.com\/tr\/wp-json\/wp\/v2\/media?parent=108"}],"curies":[{"name":"wp","href":"https:\/\/api.w.org\/{rel}","templated":true}]}}