{"id":111,"date":"2017-10-25T05:05:02","date_gmt":"2017-10-25T02:05:02","guid":{"rendered":"http:\/\/wetwipesolution.com?page_id=111"},"modified":"2017-10-25T05:05:32","modified_gmt":"2017-10-25T02:05:32","slug":"anahtar-teslim-tesis","status":"publish","type":"page","link":"https:\/\/wetwipesolution.com\/tr\/anahtar-teslim-tesis\/","title":{"rendered":"Anahtar Teslim Tesis"},"content":{"rendered":"<p>[vc_row rt_row_background_width=&#8221;default&#8221; rt_row_style=&#8221;default-style&#8221; rt_row_borders=&#8221;&#8221; rt_row_paddings=&#8221;true&#8221; rt_bg_effect=&#8221;classic&#8221; rt_bg_image_repeat=&#8221;repeat&#8221; rt_bg_size=&#8221;cover&#8221; rt_bg_position=&#8221;right top&#8221; rt_bg_attachment=&#8221;scroll&#8221; rt_bg_video_format=&#8221;self-hosted&#8221;][vc_column width=&#8221;2\/3&#8243; rt_wrp_col_paddings=&#8221;false&#8221; rt_border_top=&#8221;&#8221; rt_border_bottom=&#8221;&#8221; rt_border_left=&#8221;&#8221; rt_border_right=&#8221;&#8221; rt_border_top_mobile=&#8221;&#8221; rt_border_bottom_mobile=&#8221;&#8221; rt_border_left_mobile=&#8221;&#8221; rt_border_right_mobile=&#8221;&#8221; rt_bg_image_repeat=&#8221;repeat&#8221; rt_bg_size=&#8221;auto auto&#8221; rt_bg_position=&#8221;right top&#8221; rt_bg_attachment=&#8221;scroll&#8221;][vc_column_text]Firmam\u0131z \u0131slak mendil hatlar\u0131, s\u0131v\u0131 deterjan ve toz deterjan \u00fcretim hatlar\u0131 konusunda uzmanla\u015fm\u0131\u015f ekibi ile sadece makine parkuru \u00fczerine de\u011fil !!!<\/p>\n<p>D\u00fcnya sa\u011fl\u0131k \u00f6rg\u00fct\u00fcn\u00fcn \u00f6n g\u00f6rd\u00fc\u011f\u00fc formlarda tesisin zemin kaplamas\u0131ndan, su kanallar\u0131na, elektrik panosundan, \u0131\u015f\u0131kland\u0131rma sistemine, stabil odalar\u0131na, hammadde \u0131s\u0131tma odalar\u0131na, laboratuvar sistemi, havaland\u0131rma sistemine kadar t\u00fcm sistemi kurup e\u011fitimini verip anahtar teslimi hizmet vermektedir.<\/p>\n<p>Tesis kurulumundan sonra re\u00e7eteler ve \u00fcretim prosesleri konusunda da Y\u00fcksek Kimya M\u00fchendisi ekibimizle gerekli deste\u011fi vermekteyiz. Firma olarak i\u015fin 3 boyutlu \u00e7iziminden ba\u015flayarak tesis bitiminde de t\u00fcm tedarikinizi en ekonomik \u015fekilde sa\u011fl\u0131yoruz. T\u00fcm ambalaj ve etiket g\u00f6rsellerinizi uzman kadromuzla be\u011fenece\u011finiz \u015fekilde tasarl\u0131yoruz.<\/p>\n<p>Daha detayl\u0131 bilgi i\u00e7in l\u00fctfen bizimle irtibata ge\u00e7iniz.[\/vc_column_text][\/vc_column][vc_column width=&#8221;1\/3&#8243; rt_wrp_col_paddings=&#8221;false&#8221; rt_border_top=&#8221;&#8221; rt_border_bottom=&#8221;&#8221; rt_border_left=&#8221;&#8221; rt_border_right=&#8221;&#8221; rt_border_top_mobile=&#8221;&#8221; rt_border_bottom_mobile=&#8221;&#8221; rt_border_left_mobile=&#8221;&#8221; rt_border_right_mobile=&#8221;&#8221; rt_bg_image_repeat=&#8221;repeat&#8221; rt_bg_size=&#8221;auto auto&#8221; rt_bg_position=&#8221;right top&#8221; rt_bg_attachment=&#8221;scroll&#8221;][vc_single_image image=&#8221;112&#8243; img_size=&#8221;full&#8221; alignment=&#8221;right&#8221;][\/vc_column][\/vc_row]<\/p>\n","protected":false},"excerpt":{"rendered":"<p>[vc_row rt_row_background_width=&#8221;default&#8221; rt_row_style=&#8221;default-style&#8221; rt_row_borders=&#8221;&#8221; rt_row_paddings=&#8221;true&#8221; rt_bg_effect=&#8221;classic&#8221; rt_bg_image_repeat=&#8221;repeat&#8221; rt_bg_size=&#8221;cover&#8221; rt_bg_position=&#8221;right top&#8221; rt_bg_attachment=&#8221;scroll&#8221; rt_bg_video_format=&#8221;self-hosted&#8221;][vc_column width=&#8221;2\/3&#8243; rt_wrp_col_paddings=&#8221;false&#8221; rt_border_top=&#8221;&#8221; rt_border_bottom=&#8221;&#8221; rt_border_left=&#8221;&#8221; rt_border_right=&#8221;&#8221; rt_border_top_mobile=&#8221;&#8221; rt_border_bottom_mobile=&#8221;&#8221; rt_border_left_mobile=&#8221;&#8221; rt_border_right_mobile=&#8221;&#8221; rt_bg_image_repeat=&#8221;repeat&#8221; rt_bg_size=&#8221;auto auto&#8221; rt_bg_position=&#8221;right top&#8221; rt_bg_attachment=&#8221;scroll&#8221;][vc_column_text]Firmam\u0131z \u0131slak mendil hatlar\u0131, s\u0131v\u0131 deterjan ve toz deterjan \u00fcretim hatlar\u0131 konusunda uzmanla\u015fm\u0131\u015f ekibi ile sadece makine parkuru \u00fczerine de\u011fil !!! D\u00fcnya sa\u011fl\u0131k \u00f6rg\u00fct\u00fcn\u00fcn \u00f6n g\u00f6rd\u00fc\u011f\u00fc formlarda tesisin [&hellip;]<\/p>\n","protected":false},"author":1,"featured_media":0,"parent":0,"menu_order":0,"comment_status":"closed","ping_status":"closed","template":"","meta":{"footnotes":""},"class_list":["post-111","page","type-page","status-publish","hentry"],"_links":{"self":[{"href":"https:\/\/wetwipesolution.com\/tr\/wp-json\/wp\/v2\/pages\/111","targetHints":{"allow":["GET"]}}],"collection":[{"href":"https:\/\/wetwipesolution.com\/tr\/wp-json\/wp\/v2\/pages"}],"about":[{"href":"https:\/\/wetwipesolution.com\/tr\/wp-json\/wp\/v2\/types\/page"}],"author":[{"embeddable":true,"href":"https:\/\/wetwipesolution.com\/tr\/wp-json\/wp\/v2\/users\/1"}],"replies":[{"embeddable":true,"href":"https:\/\/wetwipesolution.com\/tr\/wp-json\/wp\/v2\/comments?post=111"}],"version-history":[{"count":3,"href":"https:\/\/wetwipesolution.com\/tr\/wp-json\/wp\/v2\/pages\/111\/revisions"}],"predecessor-version":[{"id":115,"href":"https:\/\/wetwipesolution.com\/tr\/wp-json\/wp\/v2\/pages\/111\/revisions\/115"}],"wp:attachment":[{"href":"https:\/\/wetwipesolution.com\/tr\/wp-json\/wp\/v2\/media?parent=111"}],"curies":[{"name":"wp","href":"https:\/\/api.w.org\/{rel}","templated":true}]}}