{"id":34,"date":"2017-10-25T03:45:10","date_gmt":"2017-10-25T00:45:10","guid":{"rendered":"http:\/\/wetwipesolution.com?page_id=34"},"modified":"2017-10-25T04:12:23","modified_gmt":"2017-10-25T01:12:23","slug":"hakkimizda","status":"publish","type":"page","link":"https:\/\/wetwipesolution.com\/tr\/hakkimizda\/","title":{"rendered":"Hakk\u0131m\u0131zda"},"content":{"rendered":"<p>[vc_row rt_row_background_width=&#8221;default&#8221; rt_row_style=&#8221;default-style&#8221; rt_row_borders=&#8221;&#8221; rt_row_paddings=&#8221;true&#8221; rt_bg_effect=&#8221;classic&#8221; rt_bg_image_repeat=&#8221;repeat&#8221; rt_bg_size=&#8221;cover&#8221; rt_bg_position=&#8221;right top&#8221; rt_bg_attachment=&#8221;scroll&#8221; rt_bg_video_format=&#8221;self-hosted&#8221;][vc_column width=&#8221;2\/3&#8243; rt_wrp_col_paddings=&#8221;false&#8221; rt_border_top=&#8221;&#8221; rt_border_bottom=&#8221;&#8221; rt_border_left=&#8221;&#8221; rt_border_right=&#8221;&#8221; rt_border_top_mobile=&#8221;&#8221; rt_border_bottom_mobile=&#8221;&#8221; rt_border_left_mobile=&#8221;&#8221; rt_border_right_mobile=&#8221;&#8221; rt_bg_image_repeat=&#8221;repeat&#8221; rt_bg_size=&#8221;auto auto&#8221; rt_bg_position=&#8221;right top&#8221; rt_bg_attachment=&#8221;scroll&#8221;][vc_column_text]<\/p>\n<div class=\"flat-title\">\n<h4 class=\"decs\">ANKA K\u0130MYA VE KOZMET\u0130K;<\/h4>\n<\/div>\n<p>Firmam\u0131z 2007 y\u0131l\u0131nda \u0130stanbul Had\u0131mk\u00f6y de kurulmas\u0131na ra\u011fmen k\u00f6keni 1964 y\u0131l\u0131nda kurulan ve T\u00fcrkiye\u2019nin ilk deterjan ve kimya tesislerinden olan ORON K\u0130MYA A.\u015e\u2019 ye dayanmaktad\u0131r.<\/p>\n<p>Ana faaliyet alan\u0131m\u0131z anahtar teslimi \u0131slak mendil, Kozmetik, Toz (kulesiz) ve s\u0131v\u0131 deterjan tesisleri 3 boyutlu projelendirmesi, kurulumu olmas\u0131n\u0131n yan\u0131 s\u0131ra 120 \u00e7e\u015fit profesyonel \u0131slak mendil sol\u00fcsyonu \u00fcretimi, 300 koku se\u00e7ene\u011fi ile a\u00e7\u0131k parf\u00fcm, ortam kokular\u0131, esans ve kozmetik \u00fcretimi, U\u00e7ak bak\u0131m kimyasallar\u0131 \u00fcretimi, Oto bak\u0131m kimyasallar\u0131 \u00fcretimi, Epoksi, yal\u0131t\u0131m ve yap\u0131 kimyasallar\u0131 \u00fcretimi, Profesyonel temizlik kimyasallar\u0131 \u00fcretimi ve Konsantre temizlik kimyasallar\u0131 \u00fcretimi konusunda firmaya ait bir \u00e7ok marka ile piyasaya hizmet vermektedir.<\/p>\n<p>ANKA K\u0130MYA ve KOZMET\u0130K, T.C Sa\u011fl\u0131k Bakanl\u0131\u011f\u0131 denetiminde olup;<\/p>\n<ul>\n<li>ISO 9001<\/li>\n<li>ISO 14001<\/li>\n<li>ISO 10002<\/li>\n<li>ISO 22716-GM<\/li>\n<li>ISO 18001<\/li>\n<li>KAPAS\u0130TE RAPORU<\/li>\n<li>SA\u011eLIK BAKANLI\u011eI B\u0130LD\u0130R\u0130M BELGES\u0130<\/li>\n<li>SA\u011eLIK SERT\u0130F\u0130KASI<\/li>\n<li>GAYR\u0130 SIHH\u0130 M\u00dcESSESE RUHSATI \u2013 BELED\u0130YE RUHSATI<\/li>\n<\/ul>\n<p>Belgelerinin t\u00fcm\u00fcne sahip olup bu belgelerin yans\u0131ra t\u00fcm \u00fcr\u00fcnlerinin dermatolojik, mikrobiyolojik ve challenge testleri her 6 ayda bir uluslar aras\u0131 akredite olmu\u015f laboratuvarlarda yapt\u0131r\u0131lmaktad\u0131r. MSTS, TDS, Stabilite testleri kendi laboratuvar\u0131m\u0131zda Kimya m\u00fchendislerimiz ve kimyagerlerimiz taraf\u0131ndan s\u00fcrekli yap\u0131lmaktad\u0131r.<\/p>\n<p>Firmam\u0131z\u0131n genel amac\u0131 siz de\u011ferli m\u00fc\u015fterilerimize hayalinizdeki tesisi sahip oldu\u011funuz yere uygun \u015fekilde 3 boyutlu hayata ge\u00e7irip onay\u0131n\u0131zdan sonra t\u00fcm gerekli makine ekipman\u0131, zemin kaplamas\u0131, \u0131s\u0131 ve su yal\u0131t\u0131m\u0131, stabil odalar\u0131, \u0131\u015f\u0131kland\u0131rma, kompres\u00f6r, su giderleri, su mazgallar\u0131, havaland\u0131rma, reg\u00fclat\u00f6r gibi bir y\u00fczlerce birle\u015fenden olu\u015fan tesisi anahtar teslimi veya haz\u0131r tesisinizin d\u00fczenlenmesi \u015feklinde hizmet vermektir. T\u00fcm \u00e7al\u0131\u015fmalar\u0131m\u0131z Uluslar aras\u0131 standartlara uygun olup t\u00fcm iso belgeleriniz tafram\u0131zdan al\u0131nmaktad\u0131r. Tesis teslimine kadar ge\u00e7en s\u00fcre\u00e7te t\u00fcm \u00fcr\u00fcnlerinizin fason \u00fcretimini en uygun ko\u015fullarda Anka kimya tesislerinde \u00fcretip piyasaya arz edip markala\u015fman\u0131z yolunda t\u00fcm ekip olarak size hizmet veriyoruz. Tesis tesliminde senelik s\u00f6zle\u015fme mukabilinde 5000\u20ac \u00fccret ald\u0131\u011f\u0131m\u0131z sertifikal\u0131 laboratuvar kullan\u0131m\u0131 ve test y\u00f6ntemleri e\u011fitimini \u00fccretsiz bir \u015fekilde al\u0131yorsunuz ve tesis kurulumunda t\u00fcm tesis y\u00f6netimini 10 g\u00fcnl\u00fck \u00fccretsiz e\u011fitimle tamaml\u0131yorsunuz.<\/p>\n<p>EN YAKIN ZAMANDA G\u00d6R\u00dc\u015eMEK D\u0130LE\u011e\u0130YLE; BURCU \u2013 BARI\u015e ERG\u0130N.[\/vc_column_text][\/vc_column][vc_column width=&#8221;1\/3&#8243; rt_wrp_col_paddings=&#8221;false&#8221; rt_border_top=&#8221;&#8221; rt_border_bottom=&#8221;&#8221; rt_border_left=&#8221;&#8221; rt_border_right=&#8221;&#8221; rt_border_top_mobile=&#8221;&#8221; rt_border_bottom_mobile=&#8221;&#8221; rt_border_left_mobile=&#8221;&#8221; rt_border_right_mobile=&#8221;&#8221; rt_bg_image_repeat=&#8221;repeat&#8221; rt_bg_size=&#8221;auto auto&#8221; rt_bg_position=&#8221;right top&#8221; rt_bg_attachment=&#8221;scroll&#8221;][vc_single_image image=&#8221;35&#8243; img_size=&#8221;full&#8221; alignment=&#8221;right&#8221;][\/vc_column][\/vc_row][vc_row rt_row_background_width=&#8221;default&#8221; rt_row_style=&#8221;default-style&#8221; rt_row_borders=&#8221;&#8221; rt_row_paddings=&#8221;true&#8221; rt_bg_effect=&#8221;classic&#8221; rt_bg_image_repeat=&#8221;repeat&#8221; rt_bg_size=&#8221;cover&#8221; rt_bg_position=&#8221;right top&#8221; rt_bg_attachment=&#8221;scroll&#8221; rt_bg_video_format=&#8221;self-hosted&#8221;][vc_column rt_wrp_col_paddings=&#8221;false&#8221; rt_border_top=&#8221;&#8221; rt_border_bottom=&#8221;&#8221; rt_border_left=&#8221;&#8221; rt_border_right=&#8221;&#8221; rt_border_top_mobile=&#8221;&#8221; rt_border_bottom_mobile=&#8221;&#8221; rt_border_left_mobile=&#8221;&#8221; rt_border_right_mobile=&#8221;&#8221; rt_bg_image_repeat=&#8221;repeat&#8221; rt_bg_size=&#8221;auto auto&#8221; rt_bg_position=&#8221;right top&#8221; rt_bg_attachment=&#8221;scroll&#8221;][vc_custom_heading text=&#8221;Sertifikalar\u0131m\u0131z&#8221; font_container=&#8221;tag:h3|text_align:center|color:%23a9d9fc&#8221; use_theme_fonts=&#8221;yes&#8221;][vc_text_separator title=&#8221; Firmam\u0131z\u0131n sahip oldu\u011fu sertifikal\u0131 ve yetkinlikler\u2026&#8221; color=&#8221;sky&#8221;][\/vc_column][\/vc_row][vc_row rt_row_background_width=&#8221;default&#8221; rt_row_style=&#8221;default-style&#8221; rt_row_borders=&#8221;&#8221; rt_row_paddings=&#8221;true&#8221; rt_bg_effect=&#8221;classic&#8221; rt_bg_image_repeat=&#8221;repeat&#8221; rt_bg_size=&#8221;cover&#8221; rt_bg_position=&#8221;right top&#8221; rt_bg_attachment=&#8221;scroll&#8221; rt_bg_video_format=&#8221;self-hosted&#8221;][vc_column width=&#8221;1\/4&#8243; rt_wrp_col_paddings=&#8221;false&#8221; rt_border_top=&#8221;&#8221; rt_border_bottom=&#8221;&#8221; rt_border_left=&#8221;&#8221; rt_border_right=&#8221;&#8221; rt_border_top_mobile=&#8221;&#8221; rt_border_bottom_mobile=&#8221;&#8221; rt_border_left_mobile=&#8221;&#8221; rt_border_right_mobile=&#8221;&#8221; rt_bg_image_repeat=&#8221;repeat&#8221; rt_bg_size=&#8221;auto auto&#8221; rt_bg_position=&#8221;right top&#8221; rt_bg_attachment=&#8221;scroll&#8221;][vc_custom_heading text=&#8221;<\/p>\n<h4>ISO 9001<\/h4>\n<p>Kalite Sertifikas\u0131&#8221; font_container=&#8221;tag:h2|text_align:center&#8221;][vc_single_image image=&#8221;36&#8243; img_size=&#8221;full&#8221; alignment=&#8221;center&#8221;][\/vc_column][vc_column width=&#8221;1\/4&#8243; rt_wrp_col_paddings=&#8221;false&#8221; rt_border_top=&#8221;&#8221; rt_border_bottom=&#8221;&#8221; rt_border_left=&#8221;&#8221; rt_border_right=&#8221;&#8221; rt_border_top_mobile=&#8221;&#8221; rt_border_bottom_mobile=&#8221;&#8221; rt_border_left_mobile=&#8221;&#8221; rt_border_right_mobile=&#8221;&#8221; rt_bg_image_repeat=&#8221;repeat&#8221; rt_bg_size=&#8221;auto auto&#8221; rt_bg_position=&#8221;right top&#8221; rt_bg_attachment=&#8221;scroll&#8221;][vc_custom_heading text=&#8221;<\/p>\n<h4>ISO 14001<\/h4>\n<p>\u00c7evre Y\u00f6netim Sertifikas\u0131&#8221; font_container=&#8221;tag:h2|text_align:center&#8221;][vc_single_image image=&#8221;40&#8243; img_size=&#8221;full&#8221; alignment=&#8221;center&#8221;][\/vc_column][vc_column width=&#8221;1\/4&#8243; rt_wrp_col_paddings=&#8221;false&#8221; rt_border_top=&#8221;&#8221; rt_border_bottom=&#8221;&#8221; rt_border_left=&#8221;&#8221; rt_border_right=&#8221;&#8221; rt_border_top_mobile=&#8221;&#8221; rt_border_bottom_mobile=&#8221;&#8221; rt_border_left_mobile=&#8221;&#8221; rt_border_right_mobile=&#8221;&#8221; rt_bg_image_repeat=&#8221;repeat&#8221; rt_bg_size=&#8221;auto auto&#8221; rt_bg_position=&#8221;right top&#8221; rt_bg_attachment=&#8221;scroll&#8221;][vc_custom_heading text=&#8221;<\/p>\n<h4>ISO 10002<\/h4>\n<p>Kurulu\u015f Geli\u015fim Sertifikas\u0131&#8221; font_container=&#8221;tag:h2|text_align:center&#8221;][vc_single_image image=&#8221;41&#8243; img_size=&#8221;full&#8221; alignment=&#8221;center&#8221;][\/vc_column][vc_column width=&#8221;1\/4&#8243; rt_wrp_col_paddings=&#8221;false&#8221; rt_border_top=&#8221;&#8221; rt_border_bottom=&#8221;&#8221; rt_border_left=&#8221;&#8221; rt_border_right=&#8221;&#8221; rt_border_top_mobile=&#8221;&#8221; rt_border_bottom_mobile=&#8221;&#8221; rt_border_left_mobile=&#8221;&#8221; rt_border_right_mobile=&#8221;&#8221; rt_bg_image_repeat=&#8221;repeat&#8221; rt_bg_size=&#8221;auto auto&#8221; rt_bg_position=&#8221;right top&#8221; rt_bg_attachment=&#8221;scroll&#8221;][vc_custom_heading text=&#8221;<\/p>\n<h4>ISO 22716-GM<\/h4>\n<p>Kozmetik En \u0130yi \u00dcretim Sertifikas\u0131&#8221; font_container=&#8221;tag:h2|text_align:center&#8221;][vc_single_image image=&#8221;42&#8243; img_size=&#8221;full&#8221; alignment=&#8221;center&#8221;][\/vc_column][\/vc_row][vc_row rt_row_background_width=&#8221;default&#8221; rt_row_style=&#8221;default-style&#8221; rt_row_borders=&#8221;&#8221; rt_row_paddings=&#8221;true&#8221; rt_bg_effect=&#8221;classic&#8221; rt_bg_image_repeat=&#8221;repeat&#8221; rt_bg_size=&#8221;cover&#8221; rt_bg_position=&#8221;right top&#8221; rt_bg_attachment=&#8221;scroll&#8221; rt_bg_video_format=&#8221;self-hosted&#8221;][vc_column rt_wrp_col_paddings=&#8221;false&#8221; rt_border_top=&#8221;&#8221; rt_border_bottom=&#8221;&#8221; rt_border_left=&#8221;&#8221; rt_border_right=&#8221;&#8221; rt_border_top_mobile=&#8221;&#8221; rt_border_bottom_mobile=&#8221;&#8221; rt_border_left_mobile=&#8221;&#8221; rt_border_right_mobile=&#8221;&#8221; rt_bg_image_repeat=&#8221;repeat&#8221; rt_bg_size=&#8221;auto auto&#8221; rt_bg_position=&#8221;right top&#8221; rt_bg_attachment=&#8221;scroll&#8221;][vc_separator style=&#8221;style-4&#8243;][\/vc_column][\/vc_row][vc_row rt_row_background_width=&#8221;default&#8221; rt_row_style=&#8221;default-style&#8221; rt_row_borders=&#8221;&#8221; rt_row_paddings=&#8221;true&#8221; rt_bg_effect=&#8221;classic&#8221; rt_bg_image_repeat=&#8221;repeat&#8221; rt_bg_size=&#8221;cover&#8221; rt_bg_position=&#8221;right top&#8221; rt_bg_attachment=&#8221;scroll&#8221; rt_bg_video_format=&#8221;self-hosted&#8221;][vc_column width=&#8221;1\/4&#8243; rt_wrp_col_paddings=&#8221;false&#8221; rt_border_top=&#8221;&#8221; rt_border_bottom=&#8221;&#8221; rt_border_left=&#8221;&#8221; rt_border_right=&#8221;&#8221; rt_border_top_mobile=&#8221;&#8221; rt_border_bottom_mobile=&#8221;&#8221; rt_border_left_mobile=&#8221;&#8221; rt_border_right_mobile=&#8221;&#8221; rt_bg_image_repeat=&#8221;repeat&#8221; rt_bg_size=&#8221;auto auto&#8221; rt_bg_position=&#8221;right top&#8221; rt_bg_attachment=&#8221;scroll&#8221;][vc_custom_heading text=&#8221;<\/p>\n<h4>ISO 18001<\/h4>\n<p>\u0130\u015f Sa\u011fl\u0131\u011f\u0131 ve G\u00fcvenli\u011fi Sertifikas\u0131&#8221; font_container=&#8221;tag:h2|text_align:center&#8221;][vc_single_image image=&#8221;43&#8243; img_size=&#8221;full&#8221; alignment=&#8221;center&#8221;][\/vc_column][vc_column width=&#8221;1\/4&#8243; rt_wrp_col_paddings=&#8221;false&#8221; rt_border_top=&#8221;&#8221; rt_border_bottom=&#8221;&#8221; rt_border_left=&#8221;&#8221; rt_border_right=&#8221;&#8221; rt_border_top_mobile=&#8221;&#8221; rt_border_bottom_mobile=&#8221;&#8221; rt_border_left_mobile=&#8221;&#8221; rt_border_right_mobile=&#8221;&#8221; rt_bg_image_repeat=&#8221;repeat&#8221; rt_bg_size=&#8221;auto auto&#8221; rt_bg_position=&#8221;right top&#8221; rt_bg_attachment=&#8221;scroll&#8221;][vc_custom_heading text=&#8221;<\/p>\n<h4>Kapasite Raporu<\/h4>\n<p>Firman\u0131n \u00dcretim Rapor Belgesidir&#8221; font_container=&#8221;tag:h2|text_align:center&#8221;][vc_single_image image=&#8221;44&#8243; img_size=&#8221;full&#8221; alignment=&#8221;center&#8221;][\/vc_column][vc_column width=&#8221;1\/4&#8243; rt_wrp_col_paddings=&#8221;false&#8221; rt_border_top=&#8221;&#8221; rt_border_bottom=&#8221;&#8221; rt_border_left=&#8221;&#8221; rt_border_right=&#8221;&#8221; rt_border_top_mobile=&#8221;&#8221; rt_border_bottom_mobile=&#8221;&#8221; rt_border_left_mobile=&#8221;&#8221; rt_border_right_mobile=&#8221;&#8221; rt_bg_image_repeat=&#8221;repeat&#8221; rt_bg_size=&#8221;auto auto&#8221; rt_bg_position=&#8221;right top&#8221; rt_bg_attachment=&#8221;scroll&#8221;][vc_custom_heading text=&#8221;<\/p>\n<h4>Sa\u011fl\u0131k Bakanl\u0131\u011f\u0131 Sertifikas\u0131<\/h4>\n<p>Yurt D\u0131\u015f\u0131na Uygunluk Sertifikas\u0131&#8221; font_container=&#8221;tag:h2|text_align:center&#8221;][vc_single_image image=&#8221;45&#8243; img_size=&#8221;full&#8221; alignment=&#8221;center&#8221;][\/vc_column][vc_column width=&#8221;1\/4&#8243; rt_wrp_col_paddings=&#8221;false&#8221; rt_border_top=&#8221;&#8221; rt_border_bottom=&#8221;&#8221; rt_border_left=&#8221;&#8221; rt_border_right=&#8221;&#8221; rt_border_top_mobile=&#8221;&#8221; rt_border_bottom_mobile=&#8221;&#8221; rt_border_left_mobile=&#8221;&#8221; rt_border_right_mobile=&#8221;&#8221; rt_bg_image_repeat=&#8221;repeat&#8221; rt_bg_size=&#8221;auto auto&#8221; rt_bg_position=&#8221;right top&#8221; rt_bg_attachment=&#8221;scroll&#8221;][vc_custom_heading text=&#8221;<\/p>\n<h4>G.S\u0131hhi M\u00fcesse \u2013 Belediye Ruhsat\u0131<\/h4>\n<p>Yasal Ge\u00e7erlilik Belgesidir&#8221; font_container=&#8221;tag:h2|text_align:center&#8221;][vc_single_image image=&#8221;46&#8243; img_size=&#8221;full&#8221; alignment=&#8221;center&#8221;][\/vc_column][\/vc_row]<\/p>\n","protected":false},"excerpt":{"rendered":"<p>[vc_row rt_row_background_width=&#8221;default&#8221; rt_row_style=&#8221;default-style&#8221; rt_row_borders=&#8221;&#8221; rt_row_paddings=&#8221;true&#8221; rt_bg_effect=&#8221;classic&#8221; rt_bg_image_repeat=&#8221;repeat&#8221; rt_bg_size=&#8221;cover&#8221; rt_bg_position=&#8221;right top&#8221; rt_bg_attachment=&#8221;scroll&#8221; rt_bg_video_format=&#8221;self-hosted&#8221;][vc_column width=&#8221;2\/3&#8243; rt_wrp_col_paddings=&#8221;false&#8221; rt_border_top=&#8221;&#8221; rt_border_bottom=&#8221;&#8221; rt_border_left=&#8221;&#8221; rt_border_right=&#8221;&#8221; rt_border_top_mobile=&#8221;&#8221; rt_border_bottom_mobile=&#8221;&#8221; rt_border_left_mobile=&#8221;&#8221; rt_border_right_mobile=&#8221;&#8221; rt_bg_image_repeat=&#8221;repeat&#8221; rt_bg_size=&#8221;auto auto&#8221; rt_bg_position=&#8221;right top&#8221; rt_bg_attachment=&#8221;scroll&#8221;][vc_column_text] ANKA K\u0130MYA VE KOZMET\u0130K; Firmam\u0131z 2007 y\u0131l\u0131nda \u0130stanbul Had\u0131mk\u00f6y de kurulmas\u0131na ra\u011fmen k\u00f6keni 1964 y\u0131l\u0131nda kurulan ve T\u00fcrkiye\u2019nin ilk deterjan ve kimya tesislerinden olan ORON K\u0130MYA A.\u015e\u2019 [&hellip;]<\/p>\n","protected":false},"author":1,"featured_media":0,"parent":0,"menu_order":0,"comment_status":"closed","ping_status":"closed","template":"","meta":{"footnotes":""},"class_list":["post-34","page","type-page","status-publish","hentry"],"_links":{"self":[{"href":"https:\/\/wetwipesolution.com\/tr\/wp-json\/wp\/v2\/pages\/34","targetHints":{"allow":["GET"]}}],"collection":[{"href":"https:\/\/wetwipesolution.com\/tr\/wp-json\/wp\/v2\/pages"}],"about":[{"href":"https:\/\/wetwipesolution.com\/tr\/wp-json\/wp\/v2\/types\/page"}],"author":[{"embeddable":true,"href":"https:\/\/wetwipesolution.com\/tr\/wp-json\/wp\/v2\/users\/1"}],"replies":[{"embeddable":true,"href":"https:\/\/wetwipesolution.com\/tr\/wp-json\/wp\/v2\/comments?post=34"}],"version-history":[{"count":12,"href":"https:\/\/wetwipesolution.com\/tr\/wp-json\/wp\/v2\/pages\/34\/revisions"}],"predecessor-version":[{"id":58,"href":"https:\/\/wetwipesolution.com\/tr\/wp-json\/wp\/v2\/pages\/34\/revisions\/58"}],"wp:attachment":[{"href":"https:\/\/wetwipesolution.com\/tr\/wp-json\/wp\/v2\/media?parent=34"}],"curies":[{"name":"wp","href":"https:\/\/api.w.org\/{rel}","templated":true}]}}