{"id":59,"date":"2017-10-25T04:15:15","date_gmt":"2017-10-25T01:15:15","guid":{"rendered":"http:\/\/wetwipesolution.com?page_id=59"},"modified":"2017-10-25T04:15:49","modified_gmt":"2017-10-25T01:15:49","slug":"solusyonlar","status":"publish","type":"page","link":"https:\/\/wetwipesolution.com\/tr\/solusyonlar\/","title":{"rendered":"Sol\u00fcsyonlar"},"content":{"rendered":"<p>[vc_row rt_row_background_width=&#8221;default&#8221; rt_row_style=&#8221;default-style&#8221; rt_row_borders=&#8221;&#8221; rt_row_paddings=&#8221;true&#8221; rt_bg_effect=&#8221;classic&#8221; rt_bg_image_repeat=&#8221;repeat&#8221; rt_bg_size=&#8221;cover&#8221; rt_bg_position=&#8221;right top&#8221; rt_bg_attachment=&#8221;scroll&#8221; rt_bg_video_format=&#8221;self-hosted&#8221;][vc_column width=&#8221;2\/3&#8243; rt_wrp_col_paddings=&#8221;false&#8221; rt_border_top=&#8221;&#8221; rt_border_bottom=&#8221;&#8221; rt_border_left=&#8221;&#8221; rt_border_right=&#8221;&#8221; rt_border_top_mobile=&#8221;&#8221; rt_border_bottom_mobile=&#8221;&#8221; rt_border_left_mobile=&#8221;&#8221; rt_border_right_mobile=&#8221;&#8221; rt_bg_image_repeat=&#8221;repeat&#8221; rt_bg_size=&#8221;auto auto&#8221; rt_bg_position=&#8221;right top&#8221; rt_bg_attachment=&#8221;scroll&#8221;][vc_column_text]<em>Firmam\u0131z \u0131slak mendil sol\u00fcsyonu \u00e7e\u015fitlili\u011fi konusunda 120 kalem \u00fcr\u00fcnle d\u00fcnyada lider konumundad\u0131r.<\/em><\/p>\n<p>\u00dcr\u00fcn yelpazemizde yeni do\u011fan bebek, 3-12 ay bebek, 1-3 ya\u015f aras\u0131 bebek, 3- ve \u00fczeri \u00e7ocuk, genel kullan\u0131m, makyaj temizleme, genital b\u00f6lge temizleme, anti bakteriyel temizleme, biberon ve oyuncak temizleme, deodorant etkili, sinek kovucu, cam lcd ve avize temizleyici, oje s\u00f6k\u00fcc\u00fc, torpido parlat\u0131c\u0131, ayakkab\u0131 parlat\u0131c\u0131, araba parlat\u0131c\u0131, d\u00f6\u015feme temizleyici, dudak kal\u0131nla\u015ft\u0131r\u0131c\u0131, nemlendirici etkili, a\u011fr\u0131 kesici etkili, tuvalet ka\u011f\u0131d\u0131, hasta temizleme, kuru \u015fampuan, kedi k\u00f6pek pati temizleme, kedi k\u00f6pek kuru \u015fampuan, kedi k\u00f6pek kulak i\u00e7i temizleme, kedi k\u00f6pek g\u00f6z \u00e7apa\u011f\u0131 temizleme vb. sol\u00fcsyonlar\u0131 gibi onlarca \u00fcr\u00fcnden olu\u015fan \u00fcr\u00fcn gam\u0131na sahibiz.<\/p>\n<p>\u00dcretiminde bulundu\u011fumuz t\u00fcm \u00fcr\u00fcnler elle birebir temas halinde ve genellikle insan v\u00fccudunda kullan\u0131ld\u0131\u011f\u0131ndan dolay\u0131, t\u00fcm formasyonlar\u0131m\u0131z d\u00fcnya sa\u011fl\u0131k \u00f6rg\u00fct\u00fc, T\u00fcrkiye Sa\u011fl\u0131k Bakanl\u0131\u011f\u0131n\u0131n \u00f6n g\u00f6rd\u00fc\u011f\u00fc do\u011fal kimyasallar ve kg 30 \u20ac nun \u00fczerinde olan spesifik koruyucular kullan\u0131lmaktad\u0131r. Sat\u0131\u015f portf\u00f6y\u00fcm\u00fczdeki t\u00fcm sol\u00fcsyonlar uluslararas\u0131 akreditasyonu olan Laboratuvarlar taraf\u0131ndan her 6 ayda bir dermatolojik test, mikrobiyolojik test, stabilite testi yap\u0131lmaktad\u0131r. T\u00fcm \u00fcr\u00fcnlerimizin sa\u011fl\u0131k sertifikalar\u0131, MSTS, TDS leri mevcuttur.<\/p>\n<p>Firmam\u0131z son 10 sene i\u00e7inde d\u00fcnyan\u0131n lider konumundaki \u0131slak mendil \u00fcreticilerine dan\u0131\u015fmanl\u0131k, \u00fcr\u00fcn ve tedarik hizmeti vermektedir. Toplam 26 \u00fclkeye yo\u011fun ihracat\u0131 olan firmam\u0131z \u00e7al\u0131\u015ft\u0131\u011f\u0131 firmalar\u0131 \u00fclkelerinin en iyi ve \u00f6rnek g\u00f6sterilen \u00fcreticileri konumuna sokman\u0131n hakl\u0131 gururunu ya\u015famaktad\u0131r.<\/p>\n<p><b>NEDEN ANKA K\u0130MYA?<\/b><\/p>\n<ul class=\"flat-list\">\n<li>T\u00fcrkiye\u2019deki Konusunda Gayri s\u0131hhi m\u00fcessese \u00fcretim ruhsat\u0131 olan tek firma !!!<\/li>\n<li>\u00dcretim belgelerinin yan\u0131 s\u0131ra eksiksiz t\u00fcm ISO belgelerine sahibiz.<\/li>\n<li>Tesis kurulumundan ba\u015flayarak laboratuvar e\u011fitimi, ambalaj ve etiket tasar\u0131m\u0131, koli tasar\u0131m\u0131, m\u00fc\u015fteriye \u00f6zel sol\u00fcsyon tasar\u0131m\u0131 yapan, t\u00fcm s\u00fcre\u00e7te m\u00fc\u015fterinin yan\u0131nda olan tek firma.<\/li>\n<li>Ph ayar\u0131 gerektirmeyen tek sol\u00fcsyon \u00fcreticisi.<\/li>\n<li>Sol\u00fcsyona birebir uyumlu esans \u00fcretimi yapan tek firmay\u0131z.<\/li>\n<li>Ekstra yan \u00fcr\u00fcn gerekmeden d\u00fcnyadaki en basit \u00fcretim prosesi. (su + sol\u00fcsyon + esans)<\/li>\n<li>Uluslararas\u0131 akredite olmu\u015f laboratuvarlarda kendi \u00fcr\u00fcnleri 6 ayda bir test ettiren tek firma.<\/li>\n<li><span style=\"color: #ff0000;\"><b>Uygun ko\u015fullar sa\u011flanan firmalarda; BAKTER\u0130, MANTAR, K\u00dcF OLU\u015eMAMA GARANT\u0130S\u0130 VEREN TEK F\u0130RMA !!!<\/b><\/span><\/li>\n<li>D\u00fcnyan\u0131n her b\u00f6lgesine sorunsuz teslimat yapabilen tek firma.<\/li>\n<\/ul>\n<p>Sol\u00fcsyon fiyatlar\u0131m\u0131z ortalama 3,5\u20ac ile 22\u20ac aras\u0131nda de\u011fi\u015fmektedir. Ambalaj bi\u00e7imi 30kg, 220kg, 1000kg polietilen ambalaj \u015feklindedir. Detayl\u0131 bilgi ve fiyatlar i\u00e7in l\u00fctfen bizimle irtibata ge\u00e7iniz.<\/p>\n<p>Siz de\u011ferli m\u00fc\u015fterilerimizi b\u00f6lgenizin lider ve \u00f6rnek tesis ve markalar\u0131n\u0131z\u0131 pazar lideri konumuna getirebilmek i\u00e7in uzman kadromuzla hizmetinizdeyiz.[\/vc_column_text][\/vc_column][vc_column width=&#8221;1\/3&#8243; rt_wrp_col_paddings=&#8221;false&#8221; rt_border_top=&#8221;&#8221; rt_border_bottom=&#8221;&#8221; rt_border_left=&#8221;&#8221; rt_border_right=&#8221;&#8221; rt_border_top_mobile=&#8221;&#8221; rt_border_bottom_mobile=&#8221;&#8221; rt_border_left_mobile=&#8221;&#8221; rt_border_right_mobile=&#8221;&#8221; rt_bg_image_repeat=&#8221;repeat&#8221; rt_bg_size=&#8221;auto auto&#8221; rt_bg_position=&#8221;right top&#8221; rt_bg_attachment=&#8221;scroll&#8221;][vc_single_image image=&#8221;60&#8243; img_size=&#8221;full&#8221; alignment=&#8221;right&#8221;][\/vc_column][\/vc_row]<\/p>\n","protected":false},"excerpt":{"rendered":"<p>[vc_row rt_row_background_width=&#8221;default&#8221; rt_row_style=&#8221;default-style&#8221; rt_row_borders=&#8221;&#8221; rt_row_paddings=&#8221;true&#8221; rt_bg_effect=&#8221;classic&#8221; rt_bg_image_repeat=&#8221;repeat&#8221; rt_bg_size=&#8221;cover&#8221; rt_bg_position=&#8221;right top&#8221; rt_bg_attachment=&#8221;scroll&#8221; rt_bg_video_format=&#8221;self-hosted&#8221;][vc_column width=&#8221;2\/3&#8243; rt_wrp_col_paddings=&#8221;false&#8221; rt_border_top=&#8221;&#8221; rt_border_bottom=&#8221;&#8221; rt_border_left=&#8221;&#8221; rt_border_right=&#8221;&#8221; rt_border_top_mobile=&#8221;&#8221; rt_border_bottom_mobile=&#8221;&#8221; rt_border_left_mobile=&#8221;&#8221; rt_border_right_mobile=&#8221;&#8221; rt_bg_image_repeat=&#8221;repeat&#8221; rt_bg_size=&#8221;auto auto&#8221; rt_bg_position=&#8221;right top&#8221; rt_bg_attachment=&#8221;scroll&#8221;][vc_column_text]Firmam\u0131z \u0131slak mendil sol\u00fcsyonu \u00e7e\u015fitlili\u011fi konusunda 120 kalem \u00fcr\u00fcnle d\u00fcnyada lider konumundad\u0131r. \u00dcr\u00fcn yelpazemizde yeni do\u011fan bebek, 3-12 ay bebek, 1-3 ya\u015f aras\u0131 bebek, 3- ve \u00fczeri \u00e7ocuk, [&hellip;]<\/p>\n","protected":false},"author":1,"featured_media":0,"parent":0,"menu_order":0,"comment_status":"closed","ping_status":"closed","template":"","meta":{"footnotes":""},"class_list":["post-59","page","type-page","status-publish","hentry"],"_links":{"self":[{"href":"https:\/\/wetwipesolution.com\/tr\/wp-json\/wp\/v2\/pages\/59","targetHints":{"allow":["GET"]}}],"collection":[{"href":"https:\/\/wetwipesolution.com\/tr\/wp-json\/wp\/v2\/pages"}],"about":[{"href":"https:\/\/wetwipesolution.com\/tr\/wp-json\/wp\/v2\/types\/page"}],"author":[{"embeddable":true,"href":"https:\/\/wetwipesolution.com\/tr\/wp-json\/wp\/v2\/users\/1"}],"replies":[{"embeddable":true,"href":"https:\/\/wetwipesolution.com\/tr\/wp-json\/wp\/v2\/comments?post=59"}],"version-history":[{"count":2,"href":"https:\/\/wetwipesolution.com\/tr\/wp-json\/wp\/v2\/pages\/59\/revisions"}],"predecessor-version":[{"id":62,"href":"https:\/\/wetwipesolution.com\/tr\/wp-json\/wp\/v2\/pages\/59\/revisions\/62"}],"wp:attachment":[{"href":"https:\/\/wetwipesolution.com\/tr\/wp-json\/wp\/v2\/media?parent=59"}],"curies":[{"name":"wp","href":"https:\/\/api.w.org\/{rel}","templated":true}]}}