{"id":63,"date":"2017-10-25T04:16:57","date_gmt":"2017-10-25T01:16:57","guid":{"rendered":"http:\/\/wetwipesolution.com?page_id=63"},"modified":"2017-10-25T04:17:08","modified_gmt":"2017-10-25T01:17:08","slug":"esanslarimiz","status":"publish","type":"page","link":"https:\/\/wetwipesolution.com\/tr\/esanslarimiz\/","title":{"rendered":"Esanslar\u0131m\u0131z"},"content":{"rendered":"<p>[vc_row rt_row_background_width=&#8221;default&#8221; rt_row_style=&#8221;default-style&#8221; rt_row_borders=&#8221;&#8221; rt_row_paddings=&#8221;true&#8221; rt_bg_effect=&#8221;classic&#8221; rt_bg_image_repeat=&#8221;repeat&#8221; rt_bg_size=&#8221;cover&#8221; rt_bg_position=&#8221;right top&#8221; rt_bg_attachment=&#8221;scroll&#8221; rt_bg_video_format=&#8221;self-hosted&#8221;][vc_column width=&#8221;2\/3&#8243; rt_wrp_col_paddings=&#8221;false&#8221; rt_border_top=&#8221;&#8221; rt_border_bottom=&#8221;&#8221; rt_border_left=&#8221;&#8221; rt_border_right=&#8221;&#8221; rt_border_top_mobile=&#8221;&#8221; rt_border_bottom_mobile=&#8221;&#8221; rt_border_left_mobile=&#8221;&#8221; rt_border_right_mobile=&#8221;&#8221; rt_bg_image_repeat=&#8221;repeat&#8221; rt_bg_size=&#8221;auto auto&#8221; rt_bg_position=&#8221;right top&#8221; rt_bg_attachment=&#8221;scroll&#8221;][vc_column_text]<em>Firmam\u0131z esans \u00fcretimi konusunda yo\u011funlu\u011funu \u0131slak mendil ve deterjan \u00e7e\u015fitleri \u00fczerine vermi\u015f olup 5 senelik esans \u00fcretimi ge\u00e7mi\u015finde toplam 50 \u00e7e\u015fit \u00fcr\u00fcn\u00fc portf\u00f6y\u00fcne eklemi\u015f bulunmaktad\u0131r.<\/em><\/p>\n<p>Esans \u00e7e\u015fitlili\u011fimiz \u00c7i\u00e7eksi, Meyvemsi, Parf\u00fcms\u00fc, Kremsi, Fresh olmak \u00fczere 5 ana koku tonu \u00fczerinde yo\u011funla\u015fm\u0131\u015ft\u0131r. \u00dcr\u00fcnlerimizin kullan\u0131m miktar\u0131 \u00e7ok d\u00fc\u015f\u00fck olup safl\u0131k oran\u0131 \u00e7ok y\u00fcksektir. Tavsiye etti\u011fimiz kullan\u0131m oran\u0131 d\u00fc\u015f\u00fck kalite \u00fcr\u00fcnler i\u00e7in %0,1, orta kalite \u00fcr\u00fcnler i\u00e7in %0,2, y\u00fcksek kalite \u00fcr\u00fcnler i\u00e7in %0,3 \u2018d\u00fcr. Esans grubumuzun t\u00fcm \u00fcretim belgeleri eksiksiz olup m\u00fc\u015fterilerimizin iste\u011fi do\u011frultusunda anti-alerjen esanslar\u0131m\u0131zda mevcuttur.<\/p>\n<p>Dilerseniz sadece sizin \u00fcr\u00fcn\u00fcn\u00fcze \u00f6zel esans tasar\u0131m\u0131 yapabiliriz. Hayalinizdeki kokuyu ve \u00fcr\u00fcn\u00fcn\u00fcz\u00fc anlat\u0131n Ambalaj\u0131ndan etiketine, Kapa\u011f\u0131ndan kolisine, Kokusundan i\u00e7eri\u011fine kadar yani A\u2019dan Z\u2019ye beraberce tasar\u0131m\u0131n\u0131z\u0131 yapal\u0131m ve \u00f6zel bir \u00fcr\u00fcn ortaya \u00e7\u0131karal\u0131m.<\/p>\n<p>Esans fiyatlar\u0131m\u0131z ortalama 10\u20ac ile 22\u20ac aras\u0131nda de\u011fi\u015fmektedir. Ambalaj bi\u00e7imi 30kg ve 220kg polietilen ambalajlarda \u015feklindedir. Detayl\u0131 bilgi ve fiyatlar i\u00e7in l\u00fctfen bizimle irtibata ge\u00e7iniz.[\/vc_column_text][\/vc_column][vc_column width=&#8221;1\/3&#8243; rt_wrp_col_paddings=&#8221;false&#8221; rt_border_top=&#8221;&#8221; rt_border_bottom=&#8221;&#8221; rt_border_left=&#8221;&#8221; rt_border_right=&#8221;&#8221; rt_border_top_mobile=&#8221;&#8221; rt_border_bottom_mobile=&#8221;&#8221; rt_border_left_mobile=&#8221;&#8221; rt_border_right_mobile=&#8221;&#8221; rt_bg_image_repeat=&#8221;repeat&#8221; rt_bg_size=&#8221;auto auto&#8221; rt_bg_position=&#8221;right top&#8221; rt_bg_attachment=&#8221;scroll&#8221;][vc_single_image image=&#8221;64&#8243; img_size=&#8221;full&#8221; alignment=&#8221;right&#8221;][\/vc_column][\/vc_row]<\/p>\n","protected":false},"excerpt":{"rendered":"<p>[vc_row rt_row_background_width=&#8221;default&#8221; rt_row_style=&#8221;default-style&#8221; rt_row_borders=&#8221;&#8221; rt_row_paddings=&#8221;true&#8221; rt_bg_effect=&#8221;classic&#8221; rt_bg_image_repeat=&#8221;repeat&#8221; rt_bg_size=&#8221;cover&#8221; rt_bg_position=&#8221;right top&#8221; rt_bg_attachment=&#8221;scroll&#8221; rt_bg_video_format=&#8221;self-hosted&#8221;][vc_column width=&#8221;2\/3&#8243; rt_wrp_col_paddings=&#8221;false&#8221; rt_border_top=&#8221;&#8221; rt_border_bottom=&#8221;&#8221; rt_border_left=&#8221;&#8221; rt_border_right=&#8221;&#8221; rt_border_top_mobile=&#8221;&#8221; rt_border_bottom_mobile=&#8221;&#8221; rt_border_left_mobile=&#8221;&#8221; rt_border_right_mobile=&#8221;&#8221; rt_bg_image_repeat=&#8221;repeat&#8221; rt_bg_size=&#8221;auto auto&#8221; rt_bg_position=&#8221;right top&#8221; rt_bg_attachment=&#8221;scroll&#8221;][vc_column_text]Firmam\u0131z esans \u00fcretimi konusunda yo\u011funlu\u011funu \u0131slak mendil ve deterjan \u00e7e\u015fitleri \u00fczerine vermi\u015f olup 5 senelik esans \u00fcretimi ge\u00e7mi\u015finde toplam 50 \u00e7e\u015fit \u00fcr\u00fcn\u00fc portf\u00f6y\u00fcne eklemi\u015f bulunmaktad\u0131r. Esans \u00e7e\u015fitlili\u011fimiz \u00c7i\u00e7eksi, [&hellip;]<\/p>\n","protected":false},"author":1,"featured_media":0,"parent":0,"menu_order":0,"comment_status":"closed","ping_status":"closed","template":"","meta":{"footnotes":""},"class_list":["post-63","page","type-page","status-publish","hentry"],"_links":{"self":[{"href":"https:\/\/wetwipesolution.com\/tr\/wp-json\/wp\/v2\/pages\/63","targetHints":{"allow":["GET"]}}],"collection":[{"href":"https:\/\/wetwipesolution.com\/tr\/wp-json\/wp\/v2\/pages"}],"about":[{"href":"https:\/\/wetwipesolution.com\/tr\/wp-json\/wp\/v2\/types\/page"}],"author":[{"embeddable":true,"href":"https:\/\/wetwipesolution.com\/tr\/wp-json\/wp\/v2\/users\/1"}],"replies":[{"embeddable":true,"href":"https:\/\/wetwipesolution.com\/tr\/wp-json\/wp\/v2\/comments?post=63"}],"version-history":[{"count":1,"href":"https:\/\/wetwipesolution.com\/tr\/wp-json\/wp\/v2\/pages\/63\/revisions"}],"predecessor-version":[{"id":65,"href":"https:\/\/wetwipesolution.com\/tr\/wp-json\/wp\/v2\/pages\/63\/revisions\/65"}],"wp:attachment":[{"href":"https:\/\/wetwipesolution.com\/tr\/wp-json\/wp\/v2\/media?parent=63"}],"curies":[{"name":"wp","href":"https:\/\/api.w.org\/{rel}","templated":true}]}}