{"id":66,"date":"2017-10-25T04:18:43","date_gmt":"2017-10-25T01:18:43","guid":{"rendered":"http:\/\/wetwipesolution.com?page_id=66"},"modified":"2017-10-25T04:29:19","modified_gmt":"2017-10-25T01:29:19","slug":"kapaklarimiz","status":"publish","type":"page","link":"https:\/\/wetwipesolution.com\/tr\/kapaklarimiz\/","title":{"rendered":"Kapaklar\u0131m\u0131z"},"content":{"rendered":"<p>[vc_row rt_row_background_width=&#8221;default&#8221; rt_row_style=&#8221;default-style&#8221; rt_row_borders=&#8221;&#8221; rt_row_paddings=&#8221;true&#8221; rt_bg_effect=&#8221;classic&#8221; rt_bg_image_repeat=&#8221;repeat&#8221; rt_bg_size=&#8221;cover&#8221; rt_bg_position=&#8221;right top&#8221; rt_bg_attachment=&#8221;scroll&#8221; rt_bg_video_format=&#8221;self-hosted&#8221;][vc_column width=&#8221;2\/3&#8243; rt_wrp_col_paddings=&#8221;false&#8221; rt_border_top=&#8221;&#8221; rt_border_bottom=&#8221;&#8221; rt_border_left=&#8221;&#8221; rt_border_right=&#8221;&#8221; rt_border_top_mobile=&#8221;&#8221; rt_border_bottom_mobile=&#8221;&#8221; rt_border_left_mobile=&#8221;&#8221; rt_border_right_mobile=&#8221;&#8221; rt_bg_image_repeat=&#8221;repeat&#8221; rt_bg_size=&#8221;auto auto&#8221; rt_bg_position=&#8221;right top&#8221; rt_bg_attachment=&#8221;scroll&#8221;][vc_column_text]<\/p>\n<div class=\"wpb_text_column wpb_content_element \">\n<div class=\"wpb_wrapper\">\n<p>Firmam\u0131z 10 farkl\u0131 \u0131slak mendil kapa\u011f\u0131 modeli ile t\u00fcm d\u00fcnyaya hizmet vermektedir. M\u00fc\u015fterilerimiz se\u00e7ti\u011fi model do\u011frultusunda \u00fcretime al\u0131nan kapak modellerimiz 7gr. Ve 10gr. Gramajlar\u0131nda \u00fcretilmektedir. Kapak \u00fcretiminde sadece 1. Kalite hammadde ile \u00fcretim yap\u0131lmakta olup \u00fcretimi bitmi\u015f kapaklar\u0131m\u0131z Laboratuvarda gramaj testi, \u00e7apak testi ve e\u011fim testi yap\u0131ld\u0131ktan sonra kalite onay\u0131 verilir ve m\u00fc\u015fterimize sevk edilir.<\/p>\n<p>Detayl\u0131 bilgi ve fiyatlar i\u00e7in l\u00fctfen bizimle irtibata ge\u00e7iniz.<\/p>\n<\/div>\n<\/div>\n<p>[\/vc_column_text][\/vc_column][vc_column width=&#8221;1\/3&#8243; rt_wrp_col_paddings=&#8221;false&#8221; rt_border_top=&#8221;&#8221; rt_border_bottom=&#8221;&#8221; rt_border_left=&#8221;&#8221; rt_border_right=&#8221;&#8221; rt_border_top_mobile=&#8221;&#8221; rt_border_bottom_mobile=&#8221;&#8221; rt_border_left_mobile=&#8221;&#8221; rt_border_right_mobile=&#8221;&#8221; rt_bg_image_repeat=&#8221;repeat&#8221; rt_bg_size=&#8221;auto auto&#8221; rt_bg_position=&#8221;right top&#8221; rt_bg_attachment=&#8221;scroll&#8221;][vc_single_image image=&#8221;67&#8243; img_size=&#8221;full&#8221; alignment=&#8221;right&#8221;][\/vc_column][\/vc_row][vc_row rt_row_background_width=&#8221;default&#8221; rt_row_style=&#8221;default-style&#8221; rt_row_borders=&#8221;&#8221; rt_row_paddings=&#8221;true&#8221; rt_bg_effect=&#8221;classic&#8221; rt_bg_image_repeat=&#8221;repeat&#8221; rt_bg_size=&#8221;cover&#8221; rt_bg_position=&#8221;right top&#8221; rt_bg_attachment=&#8221;scroll&#8221; rt_bg_video_format=&#8221;self-hosted&#8221;][vc_column rt_wrp_col_paddings=&#8221;false&#8221; rt_border_top=&#8221;&#8221; rt_border_bottom=&#8221;&#8221; rt_border_left=&#8221;&#8221; rt_border_right=&#8221;&#8221; rt_border_top_mobile=&#8221;&#8221; rt_border_bottom_mobile=&#8221;&#8221; rt_border_left_mobile=&#8221;&#8221; rt_border_right_mobile=&#8221;&#8221; rt_bg_image_repeat=&#8221;repeat&#8221; rt_bg_size=&#8221;auto auto&#8221; rt_bg_position=&#8221;right top&#8221; rt_bg_attachment=&#8221;scroll&#8221;][vc_media_grid element_width=&#8221;6&#8243; gap=&#8221;15&#8243; item=&#8221;masonryMedia_ScaleWithContentBlock&#8221; initial_loading_animation=&#8221;none&#8221; grid_id=&#8221;vc_gid:1508894920406-b53f5fe2-9ead-1&#8243; include=&#8221;70,71,72,73,74,75,77,76&#8243;][\/vc_column][\/vc_row]<\/p>\n","protected":false},"excerpt":{"rendered":"<p>[vc_row rt_row_background_width=&#8221;default&#8221; rt_row_style=&#8221;default-style&#8221; rt_row_borders=&#8221;&#8221; rt_row_paddings=&#8221;true&#8221; rt_bg_effect=&#8221;classic&#8221; rt_bg_image_repeat=&#8221;repeat&#8221; rt_bg_size=&#8221;cover&#8221; rt_bg_position=&#8221;right top&#8221; rt_bg_attachment=&#8221;scroll&#8221; rt_bg_video_format=&#8221;self-hosted&#8221;][vc_column width=&#8221;2\/3&#8243; rt_wrp_col_paddings=&#8221;false&#8221; rt_border_top=&#8221;&#8221; rt_border_bottom=&#8221;&#8221; rt_border_left=&#8221;&#8221; rt_border_right=&#8221;&#8221; rt_border_top_mobile=&#8221;&#8221; rt_border_bottom_mobile=&#8221;&#8221; rt_border_left_mobile=&#8221;&#8221; rt_border_right_mobile=&#8221;&#8221; rt_bg_image_repeat=&#8221;repeat&#8221; rt_bg_size=&#8221;auto auto&#8221; rt_bg_position=&#8221;right top&#8221; rt_bg_attachment=&#8221;scroll&#8221;][vc_column_text] Firmam\u0131z 10 farkl\u0131 \u0131slak mendil kapa\u011f\u0131 modeli ile t\u00fcm d\u00fcnyaya hizmet vermektedir. M\u00fc\u015fterilerimiz se\u00e7ti\u011fi model do\u011frultusunda \u00fcretime al\u0131nan kapak modellerimiz 7gr. Ve 10gr. Gramajlar\u0131nda \u00fcretilmektedir. Kapak \u00fcretiminde [&hellip;]<\/p>\n","protected":false},"author":1,"featured_media":0,"parent":0,"menu_order":0,"comment_status":"closed","ping_status":"closed","template":"","meta":{"footnotes":""},"class_list":["post-66","page","type-page","status-publish","hentry"],"_links":{"self":[{"href":"https:\/\/wetwipesolution.com\/tr\/wp-json\/wp\/v2\/pages\/66","targetHints":{"allow":["GET"]}}],"collection":[{"href":"https:\/\/wetwipesolution.com\/tr\/wp-json\/wp\/v2\/pages"}],"about":[{"href":"https:\/\/wetwipesolution.com\/tr\/wp-json\/wp\/v2\/types\/page"}],"author":[{"embeddable":true,"href":"https:\/\/wetwipesolution.com\/tr\/wp-json\/wp\/v2\/users\/1"}],"replies":[{"embeddable":true,"href":"https:\/\/wetwipesolution.com\/tr\/wp-json\/wp\/v2\/comments?post=66"}],"version-history":[{"count":9,"href":"https:\/\/wetwipesolution.com\/tr\/wp-json\/wp\/v2\/pages\/66\/revisions"}],"predecessor-version":[{"id":85,"href":"https:\/\/wetwipesolution.com\/tr\/wp-json\/wp\/v2\/pages\/66\/revisions\/85"}],"wp:attachment":[{"href":"https:\/\/wetwipesolution.com\/tr\/wp-json\/wp\/v2\/media?parent=66"}],"curies":[{"name":"wp","href":"https:\/\/api.w.org\/{rel}","templated":true}]}}