{"id":86,"date":"2017-10-25T04:30:38","date_gmt":"2017-10-25T01:30:38","guid":{"rendered":"http:\/\/wetwipesolution.com?page_id=86"},"modified":"2017-10-25T04:30:59","modified_gmt":"2017-10-25T01:30:59","slug":"ambalajlarimiz","status":"publish","type":"page","link":"https:\/\/wetwipesolution.com\/tr\/ambalajlarimiz\/","title":{"rendered":"Ambalajlar\u0131m\u0131z"},"content":{"rendered":"<p>[vc_row rt_row_background_width=&#8221;default&#8221; rt_row_style=&#8221;default-style&#8221; rt_row_borders=&#8221;&#8221; rt_row_paddings=&#8221;true&#8221; rt_bg_effect=&#8221;classic&#8221; rt_bg_image_repeat=&#8221;repeat&#8221; rt_bg_size=&#8221;cover&#8221; rt_bg_position=&#8221;right top&#8221; rt_bg_attachment=&#8221;scroll&#8221; rt_bg_video_format=&#8221;self-hosted&#8221;][vc_column width=&#8221;2\/3&#8243; rt_wrp_col_paddings=&#8221;false&#8221; rt_border_top=&#8221;&#8221; rt_border_bottom=&#8221;&#8221; rt_border_left=&#8221;&#8221; rt_border_right=&#8221;&#8221; rt_border_top_mobile=&#8221;&#8221; rt_border_bottom_mobile=&#8221;&#8221; rt_border_left_mobile=&#8221;&#8221; rt_border_right_mobile=&#8221;&#8221; rt_bg_image_repeat=&#8221;repeat&#8221; rt_bg_size=&#8221;auto auto&#8221; rt_bg_position=&#8221;right top&#8221; rt_bg_attachment=&#8221;scroll&#8221;][vc_column_text]Islak mendil ambalaj\u0131 konusunda ilk olarak yapmaya karar verdi\u011finiz \u00fcr\u00fcn \u00fczerinden yola \u00e7\u0131karak, \u00fcr\u00fcn\u00fcn\u00fcze \u00f6zel tasar\u0131m yapmakla yola \u00e7\u0131k\u0131yoruz. Tasar\u0131m \u00e7al\u0131\u015fmas\u0131n\u0131n ard\u0131ndan \u00fcr\u00fcn i\u00e7erik adetine g\u00f6re ve tasar\u0131ma g\u00f6re renk, mikron tespiti yap\u0131l\u0131p m\u00fc\u015fterimizin iste\u011fi do\u011frultusunda parlak, mat yada mat \u00fczeri lokal lak \u015feklinde bask\u0131ya al\u0131n\u0131r.<\/p>\n<p>Renk ba\u015f\u0131 silindir \u00fccretimiz 300 usd\u2019dir fakat 2017 kampanyas\u0131 olarak 5000 kg ve \u00fczeri sipari\u015flerinizde silindir \u00fccreti firmam\u0131z taraf\u0131ndan kar\u015f\u0131lanacakt\u0131r, bu da ortalama 6 renk bir tasar\u0131mda m\u00fc\u015fterimize 1800 usd art\u0131 kazan\u00e7 sa\u011flamaktad\u0131r.<\/p>\n<p>Renk ba\u015f\u0131 silindir \u00fccretimiz 300 usd\u2019dir fakat 2017 kampanyas\u0131 olarak 5000 kg ve \u00fczeri sipari\u015flerinizde silindir \u00fccreti firmam\u0131z taraf\u0131ndan kar\u015f\u0131lanacakt\u0131r, bu da ortalama 6 renk bir tasar\u0131mda m\u00fc\u015fterimize 1800 usd art\u0131 kazan\u00e7 sa\u011flamaktad\u0131r.<\/p>\n<p>Detayl\u0131 bilgi ve fiyat i\u00e7in l\u00fctfen bizimle irtibata ge\u00e7iniz.[\/vc_column_text][\/vc_column][vc_column width=&#8221;1\/3&#8243; rt_wrp_col_paddings=&#8221;false&#8221; rt_border_top=&#8221;&#8221; rt_border_bottom=&#8221;&#8221; rt_border_left=&#8221;&#8221; rt_border_right=&#8221;&#8221; rt_border_top_mobile=&#8221;&#8221; rt_border_bottom_mobile=&#8221;&#8221; rt_border_left_mobile=&#8221;&#8221; rt_border_right_mobile=&#8221;&#8221; rt_bg_image_repeat=&#8221;repeat&#8221; rt_bg_size=&#8221;auto auto&#8221; rt_bg_position=&#8221;right top&#8221; rt_bg_attachment=&#8221;scroll&#8221;][vc_single_image image=&#8221;87&#8243; img_size=&#8221;full&#8221; alignment=&#8221;right&#8221;][\/vc_column][\/vc_row]<\/p>\n","protected":false},"excerpt":{"rendered":"<p>[vc_row rt_row_background_width=&#8221;default&#8221; rt_row_style=&#8221;default-style&#8221; rt_row_borders=&#8221;&#8221; rt_row_paddings=&#8221;true&#8221; rt_bg_effect=&#8221;classic&#8221; rt_bg_image_repeat=&#8221;repeat&#8221; rt_bg_size=&#8221;cover&#8221; rt_bg_position=&#8221;right top&#8221; rt_bg_attachment=&#8221;scroll&#8221; rt_bg_video_format=&#8221;self-hosted&#8221;][vc_column width=&#8221;2\/3&#8243; rt_wrp_col_paddings=&#8221;false&#8221; rt_border_top=&#8221;&#8221; rt_border_bottom=&#8221;&#8221; rt_border_left=&#8221;&#8221; rt_border_right=&#8221;&#8221; rt_border_top_mobile=&#8221;&#8221; rt_border_bottom_mobile=&#8221;&#8221; rt_border_left_mobile=&#8221;&#8221; rt_border_right_mobile=&#8221;&#8221; rt_bg_image_repeat=&#8221;repeat&#8221; rt_bg_size=&#8221;auto auto&#8221; rt_bg_position=&#8221;right top&#8221; rt_bg_attachment=&#8221;scroll&#8221;][vc_column_text]Islak mendil ambalaj\u0131 konusunda ilk olarak yapmaya karar verdi\u011finiz \u00fcr\u00fcn \u00fczerinden yola \u00e7\u0131karak, \u00fcr\u00fcn\u00fcn\u00fcze \u00f6zel tasar\u0131m yapmakla yola \u00e7\u0131k\u0131yoruz. Tasar\u0131m \u00e7al\u0131\u015fmas\u0131n\u0131n ard\u0131ndan \u00fcr\u00fcn i\u00e7erik adetine g\u00f6re ve tasar\u0131ma [&hellip;]<\/p>\n","protected":false},"author":1,"featured_media":0,"parent":0,"menu_order":0,"comment_status":"closed","ping_status":"closed","template":"","meta":{"footnotes":""},"class_list":["post-86","page","type-page","status-publish","hentry"],"_links":{"self":[{"href":"https:\/\/wetwipesolution.com\/tr\/wp-json\/wp\/v2\/pages\/86","targetHints":{"allow":["GET"]}}],"collection":[{"href":"https:\/\/wetwipesolution.com\/tr\/wp-json\/wp\/v2\/pages"}],"about":[{"href":"https:\/\/wetwipesolution.com\/tr\/wp-json\/wp\/v2\/types\/page"}],"author":[{"embeddable":true,"href":"https:\/\/wetwipesolution.com\/tr\/wp-json\/wp\/v2\/users\/1"}],"replies":[{"embeddable":true,"href":"https:\/\/wetwipesolution.com\/tr\/wp-json\/wp\/v2\/comments?post=86"}],"version-history":[{"count":1,"href":"https:\/\/wetwipesolution.com\/tr\/wp-json\/wp\/v2\/pages\/86\/revisions"}],"predecessor-version":[{"id":88,"href":"https:\/\/wetwipesolution.com\/tr\/wp-json\/wp\/v2\/pages\/86\/revisions\/88"}],"wp:attachment":[{"href":"https:\/\/wetwipesolution.com\/tr\/wp-json\/wp\/v2\/media?parent=86"}],"curies":[{"name":"wp","href":"https:\/\/api.w.org\/{rel}","templated":true}]}}