{"id":89,"date":"2017-10-25T04:31:56","date_gmt":"2017-10-25T01:31:56","guid":{"rendered":"http:\/\/wetwipesolution.com?page_id=89"},"modified":"2017-10-25T04:31:56","modified_gmt":"2017-10-25T01:31:56","slug":"etiketlerimiz","status":"publish","type":"page","link":"https:\/\/wetwipesolution.com\/tr\/etiketlerimiz\/","title":{"rendered":"Etiketlerimiz"},"content":{"rendered":"<p>[vc_row rt_row_background_width=&#8221;default&#8221; rt_row_style=&#8221;default-style&#8221; rt_row_borders=&#8221;&#8221; rt_row_paddings=&#8221;true&#8221; rt_bg_effect=&#8221;classic&#8221; rt_bg_image_repeat=&#8221;repeat&#8221; rt_bg_size=&#8221;cover&#8221; rt_bg_position=&#8221;right top&#8221; rt_bg_attachment=&#8221;scroll&#8221; rt_bg_video_format=&#8221;self-hosted&#8221;][vc_column width=&#8221;2\/3&#8243; rt_wrp_col_paddings=&#8221;false&#8221; rt_border_top=&#8221;&#8221; rt_border_bottom=&#8221;&#8221; rt_border_left=&#8221;&#8221; rt_border_right=&#8221;&#8221; rt_border_top_mobile=&#8221;&#8221; rt_border_bottom_mobile=&#8221;&#8221; rt_border_left_mobile=&#8221;&#8221; rt_border_right_mobile=&#8221;&#8221; rt_bg_image_repeat=&#8221;repeat&#8221; rt_bg_size=&#8221;auto auto&#8221; rt_bg_position=&#8221;right top&#8221; rt_bg_attachment=&#8221;scroll&#8221;][vc_column_text]T\u00fcm etiket ihtiya\u00e7lar\u0131n\u0131z\u0131 d\u00fcnya sa\u011fl\u0131k \u00f6rg\u00fct\u00fcn\u00fcn etiket kodeksine uygun \u015fekilde g\u00f6rsel tasar\u0131mdan ba\u015flayarak, ambalaj uygun tutkal\u0131n\u0131 se\u00e7erek, makinenizin y\u00f6n ayar\u0131na uygun \u015fekilde ve tasar\u0131m\u0131n gerektirdi\u011fi 1-8 renk aras\u0131 makinelerimizde bask\u0131ya al\u0131yoruz.<\/p>\n<p>Bask\u0131 sonras\u0131 kalite kontrolden ge\u00e7en t\u00fcm \u00fcr\u00fcnler Laboratuvar\u0131m\u0131zda renk kontrol\u00fc, mikron kontrol\u00fc, tutkal kontrol\u00fc ve y\u00f6n kontrol\u00fcn\u00fcn ard\u0131ndan sevkiyata haz\u0131r hale gelmektedir. Kalite kontrol onay\u0131 sonras\u0131 Laboratuvar testlerimi ortalama 48 saat s\u00fcrmektedir.<\/p>\n<p>Detayl\u0131 bilgi ve fiyat i\u00e7in l\u00fctfen bizimle irtibata ge\u00e7iniz.[\/vc_column_text][\/vc_column][vc_column width=&#8221;1\/3&#8243; rt_wrp_col_paddings=&#8221;false&#8221; rt_border_top=&#8221;&#8221; rt_border_bottom=&#8221;&#8221; rt_border_left=&#8221;&#8221; rt_border_right=&#8221;&#8221; rt_border_top_mobile=&#8221;&#8221; rt_border_bottom_mobile=&#8221;&#8221; rt_border_left_mobile=&#8221;&#8221; rt_border_right_mobile=&#8221;&#8221; rt_bg_image_repeat=&#8221;repeat&#8221; rt_bg_size=&#8221;auto auto&#8221; rt_bg_position=&#8221;right top&#8221; rt_bg_attachment=&#8221;scroll&#8221;][vc_single_image image=&#8221;90&#8243; img_size=&#8221;full&#8221; alignment=&#8221;right&#8221;][\/vc_column][\/vc_row]<\/p>\n","protected":false},"excerpt":{"rendered":"<p>[vc_row rt_row_background_width=&#8221;default&#8221; rt_row_style=&#8221;default-style&#8221; rt_row_borders=&#8221;&#8221; rt_row_paddings=&#8221;true&#8221; rt_bg_effect=&#8221;classic&#8221; rt_bg_image_repeat=&#8221;repeat&#8221; rt_bg_size=&#8221;cover&#8221; rt_bg_position=&#8221;right top&#8221; rt_bg_attachment=&#8221;scroll&#8221; rt_bg_video_format=&#8221;self-hosted&#8221;][vc_column width=&#8221;2\/3&#8243; rt_wrp_col_paddings=&#8221;false&#8221; rt_border_top=&#8221;&#8221; rt_border_bottom=&#8221;&#8221; rt_border_left=&#8221;&#8221; rt_border_right=&#8221;&#8221; rt_border_top_mobile=&#8221;&#8221; rt_border_bottom_mobile=&#8221;&#8221; rt_border_left_mobile=&#8221;&#8221; rt_border_right_mobile=&#8221;&#8221; rt_bg_image_repeat=&#8221;repeat&#8221; rt_bg_size=&#8221;auto auto&#8221; rt_bg_position=&#8221;right top&#8221; rt_bg_attachment=&#8221;scroll&#8221;][vc_column_text]T\u00fcm etiket ihtiya\u00e7lar\u0131n\u0131z\u0131 d\u00fcnya sa\u011fl\u0131k \u00f6rg\u00fct\u00fcn\u00fcn etiket kodeksine uygun \u015fekilde g\u00f6rsel tasar\u0131mdan ba\u015flayarak, ambalaj uygun tutkal\u0131n\u0131 se\u00e7erek, makinenizin y\u00f6n ayar\u0131na uygun \u015fekilde ve tasar\u0131m\u0131n gerektirdi\u011fi 1-8 renk aras\u0131 [&hellip;]<\/p>\n","protected":false},"author":1,"featured_media":0,"parent":0,"menu_order":0,"comment_status":"closed","ping_status":"closed","template":"","meta":{"footnotes":""},"class_list":["post-89","page","type-page","status-publish","hentry"],"_links":{"self":[{"href":"https:\/\/wetwipesolution.com\/tr\/wp-json\/wp\/v2\/pages\/89","targetHints":{"allow":["GET"]}}],"collection":[{"href":"https:\/\/wetwipesolution.com\/tr\/wp-json\/wp\/v2\/pages"}],"about":[{"href":"https:\/\/wetwipesolution.com\/tr\/wp-json\/wp\/v2\/types\/page"}],"author":[{"embeddable":true,"href":"https:\/\/wetwipesolution.com\/tr\/wp-json\/wp\/v2\/users\/1"}],"replies":[{"embeddable":true,"href":"https:\/\/wetwipesolution.com\/tr\/wp-json\/wp\/v2\/comments?post=89"}],"version-history":[{"count":1,"href":"https:\/\/wetwipesolution.com\/tr\/wp-json\/wp\/v2\/pages\/89\/revisions"}],"predecessor-version":[{"id":91,"href":"https:\/\/wetwipesolution.com\/tr\/wp-json\/wp\/v2\/pages\/89\/revisions\/91"}],"wp:attachment":[{"href":"https:\/\/wetwipesolution.com\/tr\/wp-json\/wp\/v2\/media?parent=89"}],"curies":[{"name":"wp","href":"https:\/\/api.w.org\/{rel}","templated":true}]}}