{"id":95,"date":"2017-10-25T04:35:21","date_gmt":"2017-10-25T01:35:21","guid":{"rendered":"http:\/\/wetwipesolution.com?page_id=95"},"modified":"2017-11-16T01:22:18","modified_gmt":"2017-11-15T22:22:18","slug":"kagit-grubu","status":"publish","type":"page","link":"https:\/\/wetwipesolution.com\/tr\/kagit-grubu\/","title":{"rendered":"Ka\u011f\u0131t Grubu"},"content":{"rendered":"<p>[vc_row rt_row_background_width=&#8221;default&#8221; rt_row_style=&#8221;default-style&#8221; rt_row_borders=&#8221;&#8221; rt_row_paddings=&#8221;true&#8221; rt_bg_effect=&#8221;classic&#8221; rt_bg_image_repeat=&#8221;repeat&#8221; rt_bg_size=&#8221;cover&#8221; rt_bg_position=&#8221;right top&#8221; rt_bg_attachment=&#8221;scroll&#8221; rt_bg_video_format=&#8221;self-hosted&#8221;][vc_column width=&#8221;2\/3&#8243; rt_wrp_col_paddings=&#8221;false&#8221; rt_border_top=&#8221;&#8221; rt_border_bottom=&#8221;&#8221; rt_border_left=&#8221;&#8221; rt_border_right=&#8221;&#8221; rt_border_top_mobile=&#8221;&#8221; rt_border_bottom_mobile=&#8221;&#8221; rt_border_left_mobile=&#8221;&#8221; rt_border_right_mobile=&#8221;&#8221; rt_bg_image_repeat=&#8221;repeat&#8221; rt_bg_size=&#8221;auto auto&#8221; rt_bg_position=&#8221;right top&#8221; rt_bg_attachment=&#8221;scroll&#8221;][vc_column_text]Anka Kimya olarak siz de\u011ferli m\u00fc\u015fterilerimizin k\u00e2\u011f\u0131t ihtiya\u00e7lar\u0131na y\u00f6nelik Rose Narmin Tamin firmas\u0131n\u0131n distrib\u00fct\u00f6rl\u00fc\u011f\u00fcn\u00fc yaparak Nonwovens ve spunlace ihtiya\u00e7lar\u0131n\u0131za ekonomik ve kaliteli \u00fcr\u00fcn se\u00e7enekleri sunmaktay\u0131z.<\/p>\n<p>Tr\u00fctzschler Nonwovens \u00fcretim tesisimiz \u0130ran\u2019da olup Alman Tr\u00fctzschler teknolojisi ile hijyenik \u015fartlarda el de\u011fmeden \u00fcretilmektedir. \u00dcr\u00fcnlerimiz Viskon polyester kar\u0131\u015f\u0131m\u0131 olup hammaddeleri Almanya\u2019dan ithal edilmektedir. Sipari\u015flerinize g\u00f6re istedi\u011finiz gramaj ve ebatlarda \u00fcretim yap\u0131lmaktad\u0131r.<\/p>\n<ul>\n<li>Viskon 20 \/ Polyester 80: 35gr\/m2 \u2013 40 gr\/m2 \u2013 45gr\/m2 \u2013 50 gr\/m2<\/li>\n<li>Viskon 30 \/ Polyester 70: 35gr\/m2 \u2013 40 gr\/m2 \u2013 45gr\/m2 \u2013 50 gr\/m2<\/li>\n<li>Viskon 40 \/ Polyester 60: 35gr\/m2 \u2013 40 gr\/m2 \u2013 45gr\/m2 \u2013 50 gr\/m2<\/li>\n<li>Koton %100 \/ 50gr-150gr m2 aral\u0131\u011f\u0131nda \u00fcr\u00fcnler \u00fcretilmektedir.<\/li>\n<\/ul>\n<div class=\"text-tab\">\n<p>Fason \u00fcr\u00fcn \u00fcrettirmek isteyen firmada olmas\u0131 gereken zorunlu belgeler:<\/p>\n<\/div>\n<p>Detayl\u0131 bilgi ve fiyat i\u00e7in l\u00fctfen bizimle irtibata ge\u00e7iniz.[\/vc_column_text][\/vc_column][vc_column width=&#8221;1\/3&#8243; rt_wrp_col_paddings=&#8221;false&#8221; rt_border_top=&#8221;&#8221; rt_border_bottom=&#8221;&#8221; rt_border_left=&#8221;&#8221; rt_border_right=&#8221;&#8221; rt_border_top_mobile=&#8221;&#8221; rt_border_bottom_mobile=&#8221;&#8221; rt_border_left_mobile=&#8221;&#8221; rt_border_right_mobile=&#8221;&#8221; rt_bg_image_repeat=&#8221;repeat&#8221; rt_bg_size=&#8221;auto auto&#8221; rt_bg_position=&#8221;right top&#8221; rt_bg_attachment=&#8221;scroll&#8221;][vc_single_image image=&#8221;96&#8243; img_size=&#8221;full&#8221; alignment=&#8221;right&#8221;][\/vc_column][\/vc_row]<\/p>\n","protected":false},"excerpt":{"rendered":"<p>[vc_row rt_row_background_width=&#8221;default&#8221; rt_row_style=&#8221;default-style&#8221; rt_row_borders=&#8221;&#8221; rt_row_paddings=&#8221;true&#8221; rt_bg_effect=&#8221;classic&#8221; rt_bg_image_repeat=&#8221;repeat&#8221; rt_bg_size=&#8221;cover&#8221; rt_bg_position=&#8221;right top&#8221; rt_bg_attachment=&#8221;scroll&#8221; rt_bg_video_format=&#8221;self-hosted&#8221;][vc_column width=&#8221;2\/3&#8243; rt_wrp_col_paddings=&#8221;false&#8221; rt_border_top=&#8221;&#8221; rt_border_bottom=&#8221;&#8221; rt_border_left=&#8221;&#8221; rt_border_right=&#8221;&#8221; rt_border_top_mobile=&#8221;&#8221; rt_border_bottom_mobile=&#8221;&#8221; rt_border_left_mobile=&#8221;&#8221; rt_border_right_mobile=&#8221;&#8221; rt_bg_image_repeat=&#8221;repeat&#8221; rt_bg_size=&#8221;auto auto&#8221; rt_bg_position=&#8221;right top&#8221; rt_bg_attachment=&#8221;scroll&#8221;][vc_column_text]Anka Kimya olarak siz de\u011ferli m\u00fc\u015fterilerimizin k\u00e2\u011f\u0131t ihtiya\u00e7lar\u0131na y\u00f6nelik Rose Narmin Tamin firmas\u0131n\u0131n distrib\u00fct\u00f6rl\u00fc\u011f\u00fcn\u00fc yaparak Nonwovens ve spunlace ihtiya\u00e7lar\u0131n\u0131za ekonomik ve kaliteli \u00fcr\u00fcn se\u00e7enekleri sunmaktay\u0131z. Tr\u00fctzschler Nonwovens \u00fcretim [&hellip;]<\/p>\n","protected":false},"author":1,"featured_media":0,"parent":0,"menu_order":0,"comment_status":"closed","ping_status":"closed","template":"","meta":{"footnotes":""},"class_list":["post-95","page","type-page","status-publish","hentry"],"_links":{"self":[{"href":"https:\/\/wetwipesolution.com\/tr\/wp-json\/wp\/v2\/pages\/95","targetHints":{"allow":["GET"]}}],"collection":[{"href":"https:\/\/wetwipesolution.com\/tr\/wp-json\/wp\/v2\/pages"}],"about":[{"href":"https:\/\/wetwipesolution.com\/tr\/wp-json\/wp\/v2\/types\/page"}],"author":[{"embeddable":true,"href":"https:\/\/wetwipesolution.com\/tr\/wp-json\/wp\/v2\/users\/1"}],"replies":[{"embeddable":true,"href":"https:\/\/wetwipesolution.com\/tr\/wp-json\/wp\/v2\/comments?post=95"}],"version-history":[{"count":3,"href":"https:\/\/wetwipesolution.com\/tr\/wp-json\/wp\/v2\/pages\/95\/revisions"}],"predecessor-version":[{"id":403,"href":"https:\/\/wetwipesolution.com\/tr\/wp-json\/wp\/v2\/pages\/95\/revisions\/403"}],"wp:attachment":[{"href":"https:\/\/wetwipesolution.com\/tr\/wp-json\/wp\/v2\/media?parent=95"}],"curies":[{"name":"wp","href":"https:\/\/api.w.org\/{rel}","templated":true}]}}