{"id":98,"date":"2017-10-25T04:36:51","date_gmt":"2017-10-25T01:36:51","guid":{"rendered":"http:\/\/wetwipesolution.com?page_id=98"},"modified":"2017-10-25T04:36:59","modified_gmt":"2017-10-25T01:36:59","slug":"danismanlik-hizmeti","status":"publish","type":"page","link":"https:\/\/wetwipesolution.com\/tr\/danismanlik-hizmeti\/","title":{"rendered":"Dan\u0131\u015fmanl\u0131k Hizmeti"},"content":{"rendered":"<p>[vc_row rt_row_background_width=&#8221;default&#8221; rt_row_style=&#8221;default-style&#8221; rt_row_borders=&#8221;&#8221; rt_row_paddings=&#8221;true&#8221; rt_bg_effect=&#8221;classic&#8221; rt_bg_image_repeat=&#8221;repeat&#8221; rt_bg_size=&#8221;cover&#8221; rt_bg_position=&#8221;right top&#8221; rt_bg_attachment=&#8221;scroll&#8221; rt_bg_video_format=&#8221;self-hosted&#8221;][vc_column width=&#8221;2\/3&#8243; rt_wrp_col_paddings=&#8221;false&#8221; rt_border_top=&#8221;&#8221; rt_border_bottom=&#8221;&#8221; rt_border_left=&#8221;&#8221; rt_border_right=&#8221;&#8221; rt_border_top_mobile=&#8221;&#8221; rt_border_bottom_mobile=&#8221;&#8221; rt_border_left_mobile=&#8221;&#8221; rt_border_right_mobile=&#8221;&#8221; rt_bg_image_repeat=&#8221;repeat&#8221; rt_bg_size=&#8221;auto auto&#8221; rt_bg_position=&#8221;right top&#8221; rt_bg_attachment=&#8221;scroll&#8221;][vc_column_text]\u0130\u015f koluna yeni ba\u015flayacak yada ba\u015flam\u0131\u015f olup istedi\u011fi ba\u015far\u0131y\u0131 elde edememi\u015f t\u00fcm firmalara anahtar teslim tesis kurulumu, tesis<br \/>\nrevizyonu, laboratuvar kurulumu, laboratuvar e\u011fitimi, kurumsal kimlik olu\u015fturma, marka ve g\u00f6rsel tasar\u0131m, internet sayfas\u0131, etiket ambalaj tasar\u0131m\u0131 ve t\u00fcm tesis ekipmanlar\u0131yla alakal\u0131 tedarik dan\u0131\u015fmanl\u0131\u011f\u0131 vermekteyiz.<\/p>\n<p>Sekt\u00f6rdeki 53 y\u0131ll\u0131k deneyimimizden dolay\u0131 t\u00fcm sat\u0131n alma i\u015flemlerimiz en makul \u015fekilde yap\u0131lmaktad\u0131r. Ayl\u0131k 3000 \u20ac ald\u0131\u011f\u0131m\u0131z bu hizmet 2017 itibari ile senelik mal al\u0131m s\u00f6zle\u015fmesi yapan t\u00fcm m\u00fc\u015fterilerimiz ve m\u00fc\u015fteri adaylar\u0131m\u0131z i\u00e7in \u00fccretsiz olacakt\u0131r.<\/p>\n<p>Detayl\u0131 bilgi almak i\u00e7in l\u00fctfen bizimle ileti\u015fime ge\u00e7iniz.[\/vc_column_text][\/vc_column][vc_column width=&#8221;1\/3&#8243; rt_wrp_col_paddings=&#8221;false&#8221; rt_border_top=&#8221;&#8221; rt_border_bottom=&#8221;&#8221; rt_border_left=&#8221;&#8221; rt_border_right=&#8221;&#8221; rt_border_top_mobile=&#8221;&#8221; rt_border_bottom_mobile=&#8221;&#8221; rt_border_left_mobile=&#8221;&#8221; rt_border_right_mobile=&#8221;&#8221; rt_bg_image_repeat=&#8221;repeat&#8221; rt_bg_size=&#8221;auto auto&#8221; rt_bg_position=&#8221;right top&#8221; rt_bg_attachment=&#8221;scroll&#8221;][vc_single_image image=&#8221;99&#8243; img_size=&#8221;full&#8221; alignment=&#8221;right&#8221;][\/vc_column][\/vc_row]<\/p>\n","protected":false},"excerpt":{"rendered":"<p>[vc_row rt_row_background_width=&#8221;default&#8221; rt_row_style=&#8221;default-style&#8221; rt_row_borders=&#8221;&#8221; rt_row_paddings=&#8221;true&#8221; rt_bg_effect=&#8221;classic&#8221; rt_bg_image_repeat=&#8221;repeat&#8221; rt_bg_size=&#8221;cover&#8221; rt_bg_position=&#8221;right top&#8221; rt_bg_attachment=&#8221;scroll&#8221; rt_bg_video_format=&#8221;self-hosted&#8221;][vc_column width=&#8221;2\/3&#8243; rt_wrp_col_paddings=&#8221;false&#8221; rt_border_top=&#8221;&#8221; rt_border_bottom=&#8221;&#8221; rt_border_left=&#8221;&#8221; rt_border_right=&#8221;&#8221; rt_border_top_mobile=&#8221;&#8221; rt_border_bottom_mobile=&#8221;&#8221; rt_border_left_mobile=&#8221;&#8221; rt_border_right_mobile=&#8221;&#8221; rt_bg_image_repeat=&#8221;repeat&#8221; rt_bg_size=&#8221;auto auto&#8221; rt_bg_position=&#8221;right top&#8221; rt_bg_attachment=&#8221;scroll&#8221;][vc_column_text]\u0130\u015f koluna yeni ba\u015flayacak yada ba\u015flam\u0131\u015f olup istedi\u011fi ba\u015far\u0131y\u0131 elde edememi\u015f t\u00fcm firmalara anahtar teslim tesis kurulumu, tesis revizyonu, laboratuvar kurulumu, laboratuvar e\u011fitimi, kurumsal kimlik olu\u015fturma, marka ve [&hellip;]<\/p>\n","protected":false},"author":1,"featured_media":0,"parent":0,"menu_order":0,"comment_status":"closed","ping_status":"closed","template":"","meta":{"footnotes":""},"class_list":["post-98","page","type-page","status-publish","hentry"],"_links":{"self":[{"href":"https:\/\/wetwipesolution.com\/tr\/wp-json\/wp\/v2\/pages\/98","targetHints":{"allow":["GET"]}}],"collection":[{"href":"https:\/\/wetwipesolution.com\/tr\/wp-json\/wp\/v2\/pages"}],"about":[{"href":"https:\/\/wetwipesolution.com\/tr\/wp-json\/wp\/v2\/types\/page"}],"author":[{"embeddable":true,"href":"https:\/\/wetwipesolution.com\/tr\/wp-json\/wp\/v2\/users\/1"}],"replies":[{"embeddable":true,"href":"https:\/\/wetwipesolution.com\/tr\/wp-json\/wp\/v2\/comments?post=98"}],"version-history":[{"count":1,"href":"https:\/\/wetwipesolution.com\/tr\/wp-json\/wp\/v2\/pages\/98\/revisions"}],"predecessor-version":[{"id":100,"href":"https:\/\/wetwipesolution.com\/tr\/wp-json\/wp\/v2\/pages\/98\/revisions\/100"}],"wp:attachment":[{"href":"https:\/\/wetwipesolution.com\/tr\/wp-json\/wp\/v2\/media?parent=98"}],"curies":[{"name":"wp","href":"https:\/\/api.w.org\/{rel}","templated":true}]}}